{"id":126942,"date":"2020-07-07T15:44:43","date_gmt":"2020-07-07T13:44:43","guid":{"rendered":"https:\/\/home4you.info\/tu-consejo-de-bienes-raices\/"},"modified":"2025-01-06T17:03:03","modified_gmt":"2025-01-06T16:03:03","slug":"tu-consejo-de-bienes-raices","status":"publish","type":"page","link":"https:\/\/home4you.info\/es\/sobre-nosotros\/tu-consejo-de-bienes-raices\/","title":{"rendered":"Tu consejo de bienes ra\u00edces"},"content":{"rendered":"<p><div class=\"fusion-fullwidth fullwidth-box fusion-builder-row-1 fusion-flex-container has-pattern-background has-mask-background fusion-parallax-none nonhundred-percent-fullwidth non-hundred-percent-height-scrolling lazyload\" style=\"--awb-background-position:center top;--awb-border-radius-top-left:0px;--awb-border-radius-top-right:0px;--awb-border-radius-bottom-right:0px;--awb-border-radius-bottom-left:0px;--awb-margin-top:-2px;--awb-background-size:cover;--awb-flex-wrap:wrap;\" data-bg=\"https:\/\/home4you.info\/wp-content\/uploads\/2024\/12\/Tippgeber.jpg\" ><div class=\"fusion-builder-row fusion-row fusion-flex-align-items-flex-start fusion-flex-content-wrap\" style=\"max-width:1144px;margin-left: calc(-4% \/ 2 );margin-right: calc(-4% \/ 2 );\"><div class=\"fusion-layout-column fusion_builder_column fusion-builder-column-0 fusion_builder_column_1_1 1_1 fusion-flex-column\" style=\"--awb-bg-size:cover;--awb-width-large:100%;--awb-margin-top-large:0px;--awb-spacing-right-large:1.92%;--awb-margin-bottom-large:20px;--awb-spacing-left-large:1.92%;--awb-width-medium:100%;--awb-order-medium:0;--awb-spacing-right-medium:1.92%;--awb-spacing-left-medium:1.92%;--awb-width-small:100%;--awb-order-small:0;--awb-spacing-right-small:1.92%;--awb-spacing-left-small:1.92%;\"><div class=\"fusion-column-wrapper fusion-column-has-shadow fusion-flex-justify-content-flex-start fusion-content-layout-column\"><div class=\"fusion-title title fusion-title-1 fusion-sep-none fusion-title-text fusion-title-size-one\" style=\"--awb-text-color:#ffffff;--awb-margin-top:250px;--awb-margin-bottom:300px;--awb-margin-left:50px;--awb-font-size:60px;\"><h1 class=\"fusion-title-heading title-heading-left\" style=\"margin:0;font-size:1em;text-shadow:3px 3px 3px rgba(0,0,0,0.54);\"><strong>Propiedad a medida<\/strong><br \/>\nServicio | Confianza | Rendimiento<\/h1><\/div><\/div><\/div><\/div><\/div><div class=\"fusion-fullwidth fullwidth-box fusion-builder-row-2 nonhundred-percent-fullwidth non-hundred-percent-height-scrolling\" style=\"--awb-border-radius-top-left:0px;--awb-border-radius-top-right:0px;--awb-border-radius-bottom-right:0px;--awb-border-radius-bottom-left:0px;--awb-flex-wrap:wrap;\" ><div class=\"fusion-builder-row fusion-row\"><div class=\"fusion-layout-column fusion_builder_column fusion-builder-column-1 fusion_builder_column_1_1 1_1 fusion-one-full fusion-column-first fusion-column-last\" style=\"--awb-bg-size:cover;--awb-margin-bottom:0px;\"><div class=\"fusion-column-wrapper fusion-flex-column-wrapper-legacy\"><div class=\"fusion-text fusion-text-1\"><h1><strong>home4you &#8211; Vale la pena ser un tipster<\/strong><\/h1>\n<p>\u00bfQuieres conocer nuestra comisi\u00f3n de tipster y los beneficios que puedes esperar como tipster con nosotros? Estaremos encantados de presentarle nuestro servicio de comisiones en home4you con m\u00e1s detalle y aclararle todas las cuestiones importantes sobre el tema en cuesti\u00f3n.<\/p>\n<h2><b>home4you &#8211; Convi\u00e9rtete en un tipster y recibe una comisi\u00f3n<\/b><\/h2>\n<p>El trabajo de un agente inmobiliario de confianza como home4you se basa en la honestidad y la confianza. A menudo existe una estrecha relaci\u00f3n de confianza entre el cliente de la b\u00fasqueda, el comprador o el propietario durante a\u00f1os, incluso despu\u00e9s de la finalizaci\u00f3n con \u00e9xito del proyecto, de la que se benefician ambas partes. Sobre esta base, no s\u00f3lo sucede que le apoyamos de forma competente como socio en las \u00e1reas de renovaci\u00f3n y reforma despu\u00e9s de la compra o venta de su propiedad, sino que usted nos apoya en igual medida.<\/p>\n<ol>\n<li><b>\u00bfQu\u00e9 se entiende por \u00abtipster\u00bb?<\/b><\/li>\n<\/ol>\n<p>Supongamos que usted se entera de la venta prevista de una propiedad a trav\u00e9s de conocidos, amigos o socios comerciales. O tal vez conozca a alguien que est\u00e9 buscando la propiedad de sus sue\u00f1os y necesite apoyo profesional. En este caso, usted act\u00faa como tipster para nosotros en cuanto recomienda home4you a dicha persona o nos informa directamente de la pr\u00f3xima transacci\u00f3n inmobiliaria.<\/p>\n<ol start=\"2\">\n<li><b>\u00bfQui\u00e9n puede ser un tipster?<\/b><\/li>\n<\/ol>\n<p>Por regla general, cualquier persona que establezca contacto entre el vendedor\/comprador de un inmueble y el respectivo agente inmobiliario es elegible como tipster. Nos interesan especialmente las propiedades cotizadas en el tri\u00e1ngulo urbano Colonia-D\u00fcsseldorf-Aachen y las propiedades vacacionales en Mallorca. Si tienes un consejo para nosotros aqu\u00ed, encajas perfectamente en el perfil. Por supuesto, tambi\u00e9n puede ponerse en contacto con nosotros para otros tipos de bienes. Gracias a nuestra amplia red, podemos encontrar un comprador adecuado para la mayor\u00eda de los inmuebles.<\/p>\n<ol start=\"3\">\n<li><b>\u00bfQu\u00e9 ventajas tengo como tipster?<\/b><\/li>\n<\/ol>\n<p>Como tipster, disfrutas de la ventaja de recibir una atractiva comisi\u00f3n de nuestra parte como agradecimiento por tu ayuda. Adem\u00e1s, las comisiones de los tipsters est\u00e1n exentas de impuestos hasta un importe aproximado de 250 euros.<\/p>\n<ol start=\"4\">\n<li><b>\u00bfC\u00f3mo recibo la comisi\u00f3n de los tipsters?<\/b><\/li>\n<\/ol>\n<p>El pago de la comisi\u00f3n del tipster requiere la conclusi\u00f3n exitosa de una venta. Por lo tanto, los informadores s\u00f3lo reciben una comisi\u00f3n si se firma un contrato. En cuanto se complete la compra, nos pondremos en contacto con usted para comunicarle su comisi\u00f3n.<\/p>\n<ol start=\"5\">\n<li><b>\u00bfCu\u00e1ndo no recibo comisi\u00f3n como tipster?<\/b><\/li>\n<\/ol>\n<p>Los inmuebles que ya se han ofrecido en el mercado est\u00e1n excluidos de la comisi\u00f3n.<\/p>\n<p>\u00bfQuieres recibir m\u00e1s informaci\u00f3n sobre la comisi\u00f3n de los tipsters o quieres convertirte t\u00fa mismo en un tipster? No dude en utilizar nuestra l\u00ednea de atenci\u00f3n telef\u00f3nica o enviarnos un correo electr\u00f3nico. Esperamos recibir su consejo.<\/p>\n<\/div><div class=\"fusion-clearfix\"><\/div><\/div><\/div><\/div><\/div><div class=\"fusion-fullwidth fullwidth-box fusion-builder-row-3 nonhundred-percent-fullwidth non-hundred-percent-height-scrolling\" style=\"--awb-border-radius-top-left:0px;--awb-border-radius-top-right:0px;--awb-border-radius-bottom-right:0px;--awb-border-radius-bottom-left:0px;--awb-padding-top:101px;--awb-margin-top:0px;--awb-background-image:linear-gradient(180deg, rgba(255,255,255,0) 0%,rgba(96,125,139,0.16) 100%);--awb-flex-wrap:wrap;\" ><div class=\"fusion-builder-row fusion-row\"><div class=\"fusion-layout-column fusion_builder_column fusion-builder-column-2 fusion_builder_column_1_1 1_1 fusion-one-full fusion-column-first fusion-column-last\" style=\"--awb-bg-size:cover;\"><div class=\"fusion-column-wrapper fusion-column-has-shadow fusion-flex-column-wrapper-legacy\"><div class=\"fusion-content-boxes content-boxes columns row fusion-columns-2 fusion-columns-total-2 fusion-content-boxes-1 content-boxes-icon-boxed content-left\" style=\"--awb-title-color:#607d8b;--awb-hover-accent-color:#ffc107;--awb-circle-hover-accent-color:#ffc107;\" data-animationOffset=\"top-into-view\"><div style=\"--awb-backgroundcolor:rgba(255,255,255,0);\" class=\"fusion-column content-box-column content-box-column content-box-column-1 col-lg-6 col-md-6 col-sm-6 fusion-content-box-hover content-box-column-first-in-row\"><div class=\"col content-box-wrapper content-wrapper content-wrapper-boxed link-area-box link-type-button icon-hover-animation-pulsate\" data-link=\"+34871906000\" data-link-target=\"_self\" data-animationOffset=\"top-into-view\"><div class=\"heading heading-with-icon icon-left\"><a class=\"heading-link\" href=\"+34871906000\" target=\"_self\"><div class=\"icon\"><i style=\"border-color:#333333;border-width:0px;background-color:#607d8b;box-sizing:content-box;height:84px;width:84px;line-height:84px;top:-92px;margin-left:-42px;border-radius:50%;font-size:42px;\" aria-hidden=\"true\" class=\"fontawesome-icon fa-grin-wink fas circle-yes\"><\/i><\/div><h1 class=\"content-box-heading\" style=\"--h1_typography-font-size:36px;line-height:41px;\">Hotline<\/h1><\/a><\/div><div class=\"fusion-clearfix\"><\/div><div class=\"content-container\">\n<p class=\"fusion-responsive-typography-calculated\" style=\"font-size: 26px;\" data-fontsize=\"24\" data-lineheight=\"35.04px\" data-fusion-font=\"true\"><a href=\"tel:+34871906000\">+34 (0) 871 90 6000<\/a><\/p>\n<\/div><\/div><\/div><div style=\"--awb-backgroundcolor:rgba(255,255,255,0);\" class=\"fusion-column content-box-column content-box-column content-box-column-2 col-lg-6 col-md-6 col-sm-6 fusion-content-box-hover content-box-column-last content-box-column-last-in-row\"><div class=\"col content-box-wrapper content-wrapper content-wrapper-boxed link-area-box link-type-button icon-hover-animation-pulsate\" data-link=\"mailto:info@home4you.info\" data-link-target=\"_self\" data-animationOffset=\"top-into-view\"><div class=\"heading heading-with-icon icon-left\"><a class=\"heading-link\" href=\"mailto:info@home4you.info\" target=\"_self\"><div class=\"icon\"><i style=\"border-color:#333333;border-width:0px;background-color:#607d8b;box-sizing:content-box;height:84px;width:84px;line-height:84px;top:-92px;margin-left:-42px;border-radius:50%;font-size:42px;\" aria-hidden=\"true\" class=\"fontawesome-icon fa-paper-plane fas circle-yes\"><\/i><\/div><h1 class=\"content-box-heading\" style=\"--h1_typography-font-size:36px;line-height:41px;\">E-Mail<\/h1><\/a><\/div><div class=\"fusion-clearfix\"><\/div><div class=\"content-container\">\n<p class=\"fusion-responsive-typography-calculated\" style=\"font-size: 26px;\" data-fontsize=\"24\" data-lineheight=\"35.04px\" data-fusion-font=\"true\"><a href=\"mailto:info@home4you.info\">info@home4you.info<\/a><\/p>\n<\/div><\/div><\/div><div class=\"fusion-clearfix\"><\/div><\/div><div class=\"fusion-clearfix\"><\/div><\/div><\/div><\/div><\/div><\/p>\n","protected":false},"excerpt":{"rendered":"","protected":false},"author":1,"featured_media":0,"parent":131932,"menu_order":7,"comment_status":"closed","ping_status":"closed","template":"100-width.php","meta":{"footnotes":""},"class_list":["post-126942","page","type-page","status-publish","hentry"],"yoast_head":"<!-- This site is optimized with the Yoast SEO plugin v26.8 - https:\/\/yoast.com\/product\/yoast-seo-wordpress\/ -->\n<title>Tu consejo de bienes ra\u00edces | home4you Tu propina vale dinero en efectivo para nosotros.<\/title>\n<meta name=\"description\" content=\"Aseg\u00farate una atractiva comisi\u00f3n de propina: despu\u00e9s de la conclusi\u00f3n del contrato de compra, transferiremos la comisi\u00f3n de propina directamente a tu cuenta.\" \/>\n<meta name=\"robots\" content=\"index, follow, max-snippet:-1, max-image-preview:large, max-video-preview:-1\" \/>\n<link rel=\"canonical\" href=\"https:\/\/home4you.info\/es\/sobre-nosotros\/tu-consejo-de-bienes-raices\/\" \/>\n<meta property=\"og:locale\" content=\"es_ES\" \/>\n<meta property=\"og:type\" content=\"article\" \/>\n<meta property=\"og:title\" content=\"Tu consejo de bienes ra\u00edces | home4you Tu propina vale dinero en efectivo para nosotros.\" \/>\n<meta property=\"og:description\" content=\"Aseg\u00farate una atractiva comisi\u00f3n de propina: despu\u00e9s de la conclusi\u00f3n del contrato de compra, transferiremos la comisi\u00f3n de propina directamente a tu cuenta.\" \/>\n<meta property=\"og:url\" content=\"https:\/\/home4you.info\/es\/sobre-nosotros\/tu-consejo-de-bienes-raices\/\" \/>\n<meta property=\"og:site_name\" content=\"home4you\" \/>\n<meta property=\"article:publisher\" content=\"https:\/\/www.facebook.com\/profile.php?id=100058838386052\" \/>\n<meta property=\"article:modified_time\" content=\"2025-01-06T16:03:03+00:00\" \/>\n<meta name=\"twitter:card\" content=\"summary_large_image\" \/>\n<meta name=\"twitter:label1\" content=\"Tiempo de lectura\" \/>\n\t<meta name=\"twitter:data1\" content=\"4 minutos\" \/>\n<script type=\"application\/ld+json\" class=\"yoast-schema-graph\">{\"@context\":\"https:\/\/schema.org\",\"@graph\":[{\"@type\":\"WebPage\",\"@id\":\"https:\/\/home4you.info\/es\/sobre-nosotros\/tu-consejo-de-bienes-raices\/\",\"url\":\"https:\/\/home4you.info\/es\/sobre-nosotros\/tu-consejo-de-bienes-raices\/\",\"name\":\"Tu consejo de bienes ra\u00edces | home4you Tu propina vale dinero en efectivo para nosotros.\",\"isPartOf\":{\"@id\":\"https:\/\/home4you.info\/es\/#website\"},\"datePublished\":\"2020-07-07T13:44:43+00:00\",\"dateModified\":\"2025-01-06T16:03:03+00:00\",\"description\":\"Aseg\u00farate una atractiva comisi\u00f3n de propina: despu\u00e9s de la conclusi\u00f3n del contrato de compra, transferiremos la comisi\u00f3n de propina directamente a tu cuenta.\",\"breadcrumb\":{\"@id\":\"https:\/\/home4you.info\/es\/sobre-nosotros\/tu-consejo-de-bienes-raices\/#breadcrumb\"},\"inLanguage\":\"es\",\"potentialAction\":[{\"@type\":\"ReadAction\",\"target\":[\"https:\/\/home4you.info\/es\/sobre-nosotros\/tu-consejo-de-bienes-raices\/\"]}]},{\"@type\":\"BreadcrumbList\",\"@id\":\"https:\/\/home4you.info\/es\/sobre-nosotros\/tu-consejo-de-bienes-raices\/#breadcrumb\",\"itemListElement\":[{\"@type\":\"ListItem\",\"position\":1,\"name\":\"Startseite\",\"item\":\"https:\/\/home4you.info\/es\/home\/\"},{\"@type\":\"ListItem\",\"position\":2,\"name\":\"Sobre nosotros\",\"item\":\"https:\/\/home4you.info\/es\/sobre-nosotros\/\"},{\"@type\":\"ListItem\",\"position\":3,\"name\":\"Tu consejo de bienes ra\u00edces\"}]},{\"@type\":\"WebSite\",\"@id\":\"https:\/\/home4you.info\/es\/#website\",\"url\":\"https:\/\/home4you.info\/es\/\",\"name\":\"home4you\",\"description\":\"modern home \u2013 modern living\",\"publisher\":{\"@id\":\"https:\/\/home4you.info\/es\/#organization\"},\"potentialAction\":[{\"@type\":\"SearchAction\",\"target\":{\"@type\":\"EntryPoint\",\"urlTemplate\":\"https:\/\/home4you.info\/es\/?s={search_term_string}\"},\"query-input\":{\"@type\":\"PropertyValueSpecification\",\"valueRequired\":true,\"valueName\":\"search_term_string\"}}],\"inLanguage\":\"es\"},{\"@type\":\"Organization\",\"@id\":\"https:\/\/home4you.info\/es\/#organization\",\"name\":\"home4you\",\"url\":\"https:\/\/home4you.info\/es\/\",\"logo\":{\"@type\":\"ImageObject\",\"inLanguage\":\"es\",\"@id\":\"https:\/\/home4you.info\/es\/#\/schema\/logo\/image\/\",\"url\":\"https:\/\/home4you.info\/wp-content\/uploads\/2021\/10\/03logo3.png\",\"contentUrl\":\"https:\/\/home4you.info\/wp-content\/uploads\/2021\/10\/03logo3.png\",\"width\":398,\"height\":274,\"caption\":\"home4you\"},\"image\":{\"@id\":\"https:\/\/home4you.info\/es\/#\/schema\/logo\/image\/\"},\"sameAs\":[\"https:\/\/www.facebook.com\/profile.php?id=100058838386052\",\"https:\/\/www.instagram.com\/home4you_immobilien\/\"]}]}<\/script>\n<!-- \/ Yoast SEO plugin. -->","yoast_head_json":{"title":"Tu consejo de bienes ra\u00edces | home4you Tu propina vale dinero en efectivo para nosotros.","description":"Aseg\u00farate una atractiva comisi\u00f3n de propina: despu\u00e9s de la conclusi\u00f3n del contrato de compra, transferiremos la comisi\u00f3n de propina directamente a tu cuenta.","robots":{"index":"index","follow":"follow","max-snippet":"max-snippet:-1","max-image-preview":"max-image-preview:large","max-video-preview":"max-video-preview:-1"},"canonical":"https:\/\/home4you.info\/es\/sobre-nosotros\/tu-consejo-de-bienes-raices\/","og_locale":"es_ES","og_type":"article","og_title":"Tu consejo de bienes ra\u00edces | home4you Tu propina vale dinero en efectivo para nosotros.","og_description":"Aseg\u00farate una atractiva comisi\u00f3n de propina: despu\u00e9s de la conclusi\u00f3n del contrato de compra, transferiremos la comisi\u00f3n de propina directamente a tu cuenta.","og_url":"https:\/\/home4you.info\/es\/sobre-nosotros\/tu-consejo-de-bienes-raices\/","og_site_name":"home4you","article_publisher":"https:\/\/www.facebook.com\/profile.php?id=100058838386052","article_modified_time":"2025-01-06T16:03:03+00:00","twitter_card":"summary_large_image","twitter_misc":{"Tiempo de lectura":"4 minutos"},"schema":{"@context":"https:\/\/schema.org","@graph":[{"@type":"WebPage","@id":"https:\/\/home4you.info\/es\/sobre-nosotros\/tu-consejo-de-bienes-raices\/","url":"https:\/\/home4you.info\/es\/sobre-nosotros\/tu-consejo-de-bienes-raices\/","name":"Tu consejo de bienes ra\u00edces | home4you Tu propina vale dinero en efectivo para nosotros.","isPartOf":{"@id":"https:\/\/home4you.info\/es\/#website"},"datePublished":"2020-07-07T13:44:43+00:00","dateModified":"2025-01-06T16:03:03+00:00","description":"Aseg\u00farate una atractiva comisi\u00f3n de propina: despu\u00e9s de la conclusi\u00f3n del contrato de compra, transferiremos la comisi\u00f3n de propina directamente a tu cuenta.","breadcrumb":{"@id":"https:\/\/home4you.info\/es\/sobre-nosotros\/tu-consejo-de-bienes-raices\/#breadcrumb"},"inLanguage":"es","potentialAction":[{"@type":"ReadAction","target":["https:\/\/home4you.info\/es\/sobre-nosotros\/tu-consejo-de-bienes-raices\/"]}]},{"@type":"BreadcrumbList","@id":"https:\/\/home4you.info\/es\/sobre-nosotros\/tu-consejo-de-bienes-raices\/#breadcrumb","itemListElement":[{"@type":"ListItem","position":1,"name":"Startseite","item":"https:\/\/home4you.info\/es\/home\/"},{"@type":"ListItem","position":2,"name":"Sobre nosotros","item":"https:\/\/home4you.info\/es\/sobre-nosotros\/"},{"@type":"ListItem","position":3,"name":"Tu consejo de bienes ra\u00edces"}]},{"@type":"WebSite","@id":"https:\/\/home4you.info\/es\/#website","url":"https:\/\/home4you.info\/es\/","name":"home4you","description":"modern home \u2013 modern living","publisher":{"@id":"https:\/\/home4you.info\/es\/#organization"},"potentialAction":[{"@type":"SearchAction","target":{"@type":"EntryPoint","urlTemplate":"https:\/\/home4you.info\/es\/?s={search_term_string}"},"query-input":{"@type":"PropertyValueSpecification","valueRequired":true,"valueName":"search_term_string"}}],"inLanguage":"es"},{"@type":"Organization","@id":"https:\/\/home4you.info\/es\/#organization","name":"home4you","url":"https:\/\/home4you.info\/es\/","logo":{"@type":"ImageObject","inLanguage":"es","@id":"https:\/\/home4you.info\/es\/#\/schema\/logo\/image\/","url":"https:\/\/home4you.info\/wp-content\/uploads\/2021\/10\/03logo3.png","contentUrl":"https:\/\/home4you.info\/wp-content\/uploads\/2021\/10\/03logo3.png","width":398,"height":274,"caption":"home4you"},"image":{"@id":"https:\/\/home4you.info\/es\/#\/schema\/logo\/image\/"},"sameAs":["https:\/\/www.facebook.com\/profile.php?id=100058838386052","https:\/\/www.instagram.com\/home4you_immobilien\/"]}]}},"_links":{"self":[{"href":"https:\/\/home4you.info\/es\/wp-json\/wp\/v2\/pages\/126942","targetHints":{"allow":["GET"]}}],"collection":[{"href":"https:\/\/home4you.info\/es\/wp-json\/wp\/v2\/pages"}],"about":[{"href":"https:\/\/home4you.info\/es\/wp-json\/wp\/v2\/types\/page"}],"author":[{"embeddable":true,"href":"https:\/\/home4you.info\/es\/wp-json\/wp\/v2\/users\/1"}],"replies":[{"embeddable":true,"href":"https:\/\/home4you.info\/es\/wp-json\/wp\/v2\/comments?post=126942"}],"version-history":[{"count":0,"href":"https:\/\/home4you.info\/es\/wp-json\/wp\/v2\/pages\/126942\/revisions"}],"up":[{"embeddable":true,"href":"https:\/\/home4you.info\/es\/wp-json\/wp\/v2\/pages\/131932"}],"wp:attachment":[{"href":"https:\/\/home4you.info\/es\/wp-json\/wp\/v2\/media?parent=126942"}],"curies":[{"name":"wp","href":"https:\/\/api.w.org\/{rel}","templated":true}]}}