{"id":131902,"date":"2020-07-23T15:32:47","date_gmt":"2020-07-23T13:32:47","guid":{"rendered":"https:\/\/home4you.info\/servicios\/"},"modified":"2022-07-18T16:48:46","modified_gmt":"2022-07-18T14:48:46","slug":"servicios","status":"publish","type":"page","link":"https:\/\/home4you.info\/es\/servicios\/","title":{"rendered":"Servicios"},"content":{"rendered":"<div class=\"fusion-fullwidth fullwidth-box fusion-builder-row-1 nonhundred-percent-fullwidth non-hundred-percent-height-scrolling\" style=\"--awb-border-radius-top-left:0px;--awb-border-radius-top-right:0px;--awb-border-radius-bottom-right:0px;--awb-border-radius-bottom-left:0px;--awb-flex-wrap:wrap;\" ><div class=\"fusion-builder-row fusion-row\"><div class=\"fusion-layout-column fusion_builder_column fusion-builder-column-0 fusion_builder_column_1_5 1_5 fusion-one-fifth fusion-column-first\" style=\"--awb-bg-size:cover;--awb-margin-bottom:40px;width:16.8%; margin-right: 4%;\"><div class=\"fusion-column-wrapper fusion-flex-column-wrapper-legacy\"><div class=\"fusion-text fusion-text-1\"><h2>HOME<span style=\"color: #ff9900;\">4<\/span>YOU<\/h2>\n<\/div><div class=\"fusion-sep-clear\"><\/div><div class=\"fusion-separator fusion-full-width-sep\" style=\"margin-left: auto;margin-right: auto;width:100%;\"><div class=\"fusion-separator-border sep-single sep-solid\" style=\"--awb-height:20px;--awb-amount:20px;border-color:#e0dede;border-top-width:1px;\"><\/div><\/div><div class=\"fusion-sep-clear\"><\/div><div class=\"fusion-clearfix\"><\/div><\/div><\/div><div class=\"fusion-layout-column fusion_builder_column fusion-builder-column-1 fusion_builder_column_1_1 1_1 fusion-one-full fusion-column-last\" style=\"--awb-bg-size:cover;\"><div class=\"fusion-column-wrapper fusion-flex-column-wrapper-legacy\"><div class=\"fusion-title title fusion-title-1 fusion-sep-none fusion-title-text fusion-title-size-one\"><h1 class=\"fusion-title-heading title-heading-left\" style=\"margin:0;\"><h1 id=\"u1829-2\" data-fontsize=\"24\" data-lineheight=\"36\">Nuestros servicios de corretaje para usted<\/h1><\/h1><\/div><div class=\"fusion-builder-row fusion-builder-row-inner fusion-row\"><div class=\"fusion-layout-column fusion_builder_column_inner fusion-builder-nested-column-0 fusion_builder_column_inner_1_3 1_3 fusion-one-third fusion-column-first\" style=\"--awb-bg-size:cover;width:33.333333333333%;width:calc(33.333333333333% - ( ( 4% + 4% ) * 0.33333333333333 ) );margin-right: 4%;\"><div class=\"fusion-column-wrapper fusion-flex-column-wrapper-legacy\"><div class=\"fusion-text fusion-text-2\"><h2>Nuestra oferta inmobiliaria<\/h2>\n<p>En nuestro <a href=\"https:\/\/home4you.info\/es\/bienes-raices\/\">portafolio<\/a> encontrar\u00e1 diferentes propiedades en <strong>Alemania<\/strong> o <a href=\"https:\/\/home4you.info\/es\/servicios\/bienes-raices-en-el-extranjero\/\"><strong>Mallorca<\/strong><\/a> en venta. Si hay algo que le conviene, le proporcionaremos toda la informaci\u00f3n necesaria. Aunque no encuentre lo que busca, le ayudaremos. Por favor, h\u00e1ganos saber sus deseos e ideas a trav\u00e9s de nuestra solicitud de b\u00fasqueda o personalmente. Usamos nuestra buena red en casa y en el extranjero y vamos en busca de la <strong>propiedad de sus sue\u00f1os<\/strong>.<\/p>\n<h2>Vender una propiedad<\/h2>\n<p>Gracias a nuestro alcance y red de contactos en el pa\u00eds y en el extranjero, proporcionamos a los propietarios un apoyo \u00f3ptimo en la venta de sus casas, apartamentos y terrenos. Estamos bien versados en el mercado inmobiliario nacional y de las Baleares. Nuestra excelente reputaci\u00f3n en ambas regiones, junto con la experiencia que hemos adquirido a lo largo de muchos a\u00f1os, nos convierte en el socio perfecto para la intermediaci\u00f3n de sus propiedades.<\/p>\n<\/div><div class=\"fusion-clearfix\"><\/div><\/div><\/div><div class=\"fusion-layout-column fusion_builder_column_inner fusion-builder-nested-column-1 fusion_builder_column_inner_1_3 1_3 fusion-one-third\" style=\"--awb-bg-size:cover;width:33.333333333333%;width:calc(33.333333333333% - ( ( 4% + 4% ) * 0.33333333333333 ) );margin-right: 4%;\"><div class=\"fusion-column-wrapper fusion-flex-column-wrapper-legacy\"><div class=\"fusion-text fusion-text-3\"><h2>Valoraci\u00f3n de la propiedad<\/h2>\n<p>El corretaje de una propiedad comienza con su <a href=\"https:\/\/home4you.info\/es\/servicios\/valoracion\/\">valoraci\u00f3n<\/a>. Sin esta base es dif\u00edcil encontrar un precio que satisfaga al propietario y que al mismo tiempo no obstaculice el proceso de venta. Conocemos mejor el mercado alem\u00e1n y mallorqu\u00edn y gracias a nuestros muchos a\u00f1os de experiencia, encontraremos un precio que se ajuste al mercado. Por supuesto, tambi\u00e9n ofrecemos nuestro servicio a los clientes que est\u00e1n planeando una compra y quieren una evaluaci\u00f3n profesional de antemano.<\/p>\n<h2>Certificado de Rendimiento Energ\u00e9tico<\/h2>\n<p>Si vende su propiedad, la ley exige un certificado de energ\u00eda. Podemos producir tanto un pase de consumo como un pase de demanda para su propiedad en Colonia.<\/p>\n<\/div><div class=\"fusion-clearfix\"><\/div><\/div><\/div><div class=\"fusion-layout-column fusion_builder_column_inner fusion-builder-nested-column-2 fusion_builder_column_inner_1_3 1_3 fusion-one-third fusion-column-last\" style=\"--awb-bg-size:cover;width:33.333333333333%;width:calc(33.333333333333% - ( ( 4% + 4% ) * 0.33333333333333 ) );\"><div class=\"fusion-column-wrapper fusion-flex-column-wrapper-legacy\"><div class=\"fusion-text fusion-text-4\"><h2>Administraci\u00f3n<\/h2>\n<p>\u00bfEs usted un propietario y no tiene el tiempo o la experiencia para administrar su propiedad usted mismo? Para los clientes con propiedades en Mallorca o en la regi\u00f3n de Colonia, ofrecemos una gesti\u00f3n de <strong>propiedades fiable y profesional<\/strong>. Aqu\u00ed nos encargamos de todas las tareas organizativas, comerciales y t\u00e9cnicas y cuidamos su propiedad de manera responsable.<\/p>\n<p>El <strong>procedimiento de compra<\/strong> de inmuebles en Mallorca difiere en varios puntos del de Alemania y requiere conocimientos especiales. Hemos estado operando con \u00e9xito en ambos mercados durante muchos a\u00f1os y tenemos la experiencia y la red de contactos necesaria para proporcionarle el mejor apoyo posible en ambos lugares. Si est\u00e1 interesado en bienes ra\u00edces en Mallorca o en Colonia y alrededores o si podemos ayudarle con nuestros conocimientos y servicios, por favor, p\u00f3ngase en contacto con nosotros o utilice nuestro formulario de contacto. Estaremos encantados de responder a sus preguntas y pedidos por tel\u00e9fono o en persona.<\/p>\n<\/div><div class=\"fusion-clearfix\"><\/div><\/div><\/div><\/div><div class=\"fusion-clearfix\"><\/div><\/div><\/div><\/div><\/div>\n","protected":false},"excerpt":{"rendered":"","protected":false},"author":1,"featured_media":0,"parent":0,"menu_order":3,"comment_status":"closed","ping_status":"closed","template":"","meta":{"footnotes":""},"class_list":["post-131902","page","type-page","status-publish","hentry"],"yoast_head":"<!-- This site is optimized with the Yoast SEO plugin v26.8 - https:\/\/yoast.com\/product\/yoast-seo-wordpress\/ -->\n<title>Servicios completos para su propiedad | home4you<\/title>\n<meta name=\"description\" content=\"Con nosotros usted recibe un completo paquete de servicios. Tanto si es un posible comprador como si es un vendedor, estaremos encantados de asesorarle individualmente.\" \/>\n<meta name=\"robots\" content=\"index, follow, max-snippet:-1, max-image-preview:large, max-video-preview:-1\" \/>\n<link rel=\"canonical\" href=\"https:\/\/home4you.info\/es\/servicios\/\" \/>\n<meta property=\"og:locale\" content=\"es_ES\" \/>\n<meta property=\"og:type\" content=\"article\" \/>\n<meta property=\"og:title\" content=\"Servicios completos para su propiedad | home4you\" \/>\n<meta property=\"og:description\" content=\"Con nosotros usted recibe un completo paquete de servicios. Tanto si es un posible comprador como si es un vendedor, estaremos encantados de asesorarle individualmente.\" \/>\n<meta property=\"og:url\" content=\"https:\/\/home4you.info\/es\/servicios\/\" \/>\n<meta property=\"og:site_name\" content=\"home4you\" \/>\n<meta property=\"article:publisher\" content=\"https:\/\/www.facebook.com\/profile.php?id=100058838386052\" \/>\n<meta property=\"article:modified_time\" content=\"2022-07-18T14:48:46+00:00\" \/>\n<meta name=\"twitter:card\" content=\"summary_large_image\" \/>\n<meta name=\"twitter:label1\" content=\"Tiempo de lectura\" \/>\n\t<meta name=\"twitter:data1\" content=\"6 minutos\" \/>\n<script type=\"application\/ld+json\" class=\"yoast-schema-graph\">{\"@context\":\"https:\/\/schema.org\",\"@graph\":[{\"@type\":\"WebPage\",\"@id\":\"https:\/\/home4you.info\/es\/servicios\/\",\"url\":\"https:\/\/home4you.info\/es\/servicios\/\",\"name\":\"Servicios completos para su propiedad | home4you\",\"isPartOf\":{\"@id\":\"https:\/\/home4you.info\/es\/#website\"},\"datePublished\":\"2020-07-23T13:32:47+00:00\",\"dateModified\":\"2022-07-18T14:48:46+00:00\",\"description\":\"Con nosotros usted recibe un completo paquete de servicios. Tanto si es un posible comprador como si es un vendedor, estaremos encantados de asesorarle individualmente.\",\"breadcrumb\":{\"@id\":\"https:\/\/home4you.info\/es\/servicios\/#breadcrumb\"},\"inLanguage\":\"es\",\"potentialAction\":[{\"@type\":\"ReadAction\",\"target\":[\"https:\/\/home4you.info\/es\/servicios\/\"]}]},{\"@type\":\"BreadcrumbList\",\"@id\":\"https:\/\/home4you.info\/es\/servicios\/#breadcrumb\",\"itemListElement\":[{\"@type\":\"ListItem\",\"position\":1,\"name\":\"Startseite\",\"item\":\"https:\/\/home4you.info\/es\/home\/\"},{\"@type\":\"ListItem\",\"position\":2,\"name\":\"Servicios\"}]},{\"@type\":\"WebSite\",\"@id\":\"https:\/\/home4you.info\/es\/#website\",\"url\":\"https:\/\/home4you.info\/es\/\",\"name\":\"home4you\",\"description\":\"modern home \u2013 modern living\",\"publisher\":{\"@id\":\"https:\/\/home4you.info\/es\/#organization\"},\"potentialAction\":[{\"@type\":\"SearchAction\",\"target\":{\"@type\":\"EntryPoint\",\"urlTemplate\":\"https:\/\/home4you.info\/es\/?s={search_term_string}\"},\"query-input\":{\"@type\":\"PropertyValueSpecification\",\"valueRequired\":true,\"valueName\":\"search_term_string\"}}],\"inLanguage\":\"es\"},{\"@type\":\"Organization\",\"@id\":\"https:\/\/home4you.info\/es\/#organization\",\"name\":\"home4you\",\"url\":\"https:\/\/home4you.info\/es\/\",\"logo\":{\"@type\":\"ImageObject\",\"inLanguage\":\"es\",\"@id\":\"https:\/\/home4you.info\/es\/#\/schema\/logo\/image\/\",\"url\":\"https:\/\/home4you.info\/wp-content\/uploads\/2021\/10\/03logo3.png\",\"contentUrl\":\"https:\/\/home4you.info\/wp-content\/uploads\/2021\/10\/03logo3.png\",\"width\":398,\"height\":274,\"caption\":\"home4you\"},\"image\":{\"@id\":\"https:\/\/home4you.info\/es\/#\/schema\/logo\/image\/\"},\"sameAs\":[\"https:\/\/www.facebook.com\/profile.php?id=100058838386052\",\"https:\/\/www.instagram.com\/home4you_immobilien\/\"]}]}<\/script>\n<!-- \/ Yoast SEO plugin. -->","yoast_head_json":{"title":"Servicios completos para su propiedad | home4you","description":"Con nosotros usted recibe un completo paquete de servicios. Tanto si es un posible comprador como si es un vendedor, estaremos encantados de asesorarle individualmente.","robots":{"index":"index","follow":"follow","max-snippet":"max-snippet:-1","max-image-preview":"max-image-preview:large","max-video-preview":"max-video-preview:-1"},"canonical":"https:\/\/home4you.info\/es\/servicios\/","og_locale":"es_ES","og_type":"article","og_title":"Servicios completos para su propiedad | home4you","og_description":"Con nosotros usted recibe un completo paquete de servicios. Tanto si es un posible comprador como si es un vendedor, estaremos encantados de asesorarle individualmente.","og_url":"https:\/\/home4you.info\/es\/servicios\/","og_site_name":"home4you","article_publisher":"https:\/\/www.facebook.com\/profile.php?id=100058838386052","article_modified_time":"2022-07-18T14:48:46+00:00","twitter_card":"summary_large_image","twitter_misc":{"Tiempo de lectura":"6 minutos"},"schema":{"@context":"https:\/\/schema.org","@graph":[{"@type":"WebPage","@id":"https:\/\/home4you.info\/es\/servicios\/","url":"https:\/\/home4you.info\/es\/servicios\/","name":"Servicios completos para su propiedad | home4you","isPartOf":{"@id":"https:\/\/home4you.info\/es\/#website"},"datePublished":"2020-07-23T13:32:47+00:00","dateModified":"2022-07-18T14:48:46+00:00","description":"Con nosotros usted recibe un completo paquete de servicios. Tanto si es un posible comprador como si es un vendedor, estaremos encantados de asesorarle individualmente.","breadcrumb":{"@id":"https:\/\/home4you.info\/es\/servicios\/#breadcrumb"},"inLanguage":"es","potentialAction":[{"@type":"ReadAction","target":["https:\/\/home4you.info\/es\/servicios\/"]}]},{"@type":"BreadcrumbList","@id":"https:\/\/home4you.info\/es\/servicios\/#breadcrumb","itemListElement":[{"@type":"ListItem","position":1,"name":"Startseite","item":"https:\/\/home4you.info\/es\/home\/"},{"@type":"ListItem","position":2,"name":"Servicios"}]},{"@type":"WebSite","@id":"https:\/\/home4you.info\/es\/#website","url":"https:\/\/home4you.info\/es\/","name":"home4you","description":"modern home \u2013 modern living","publisher":{"@id":"https:\/\/home4you.info\/es\/#organization"},"potentialAction":[{"@type":"SearchAction","target":{"@type":"EntryPoint","urlTemplate":"https:\/\/home4you.info\/es\/?s={search_term_string}"},"query-input":{"@type":"PropertyValueSpecification","valueRequired":true,"valueName":"search_term_string"}}],"inLanguage":"es"},{"@type":"Organization","@id":"https:\/\/home4you.info\/es\/#organization","name":"home4you","url":"https:\/\/home4you.info\/es\/","logo":{"@type":"ImageObject","inLanguage":"es","@id":"https:\/\/home4you.info\/es\/#\/schema\/logo\/image\/","url":"https:\/\/home4you.info\/wp-content\/uploads\/2021\/10\/03logo3.png","contentUrl":"https:\/\/home4you.info\/wp-content\/uploads\/2021\/10\/03logo3.png","width":398,"height":274,"caption":"home4you"},"image":{"@id":"https:\/\/home4you.info\/es\/#\/schema\/logo\/image\/"},"sameAs":["https:\/\/www.facebook.com\/profile.php?id=100058838386052","https:\/\/www.instagram.com\/home4you_immobilien\/"]}]}},"_links":{"self":[{"href":"https:\/\/home4you.info\/es\/wp-json\/wp\/v2\/pages\/131902","targetHints":{"allow":["GET"]}}],"collection":[{"href":"https:\/\/home4you.info\/es\/wp-json\/wp\/v2\/pages"}],"about":[{"href":"https:\/\/home4you.info\/es\/wp-json\/wp\/v2\/types\/page"}],"author":[{"embeddable":true,"href":"https:\/\/home4you.info\/es\/wp-json\/wp\/v2\/users\/1"}],"replies":[{"embeddable":true,"href":"https:\/\/home4you.info\/es\/wp-json\/wp\/v2\/comments?post=131902"}],"version-history":[{"count":0,"href":"https:\/\/home4you.info\/es\/wp-json\/wp\/v2\/pages\/131902\/revisions"}],"wp:attachment":[{"href":"https:\/\/home4you.info\/es\/wp-json\/wp\/v2\/media?parent=131902"}],"curies":[{"name":"wp","href":"https:\/\/api.w.org\/{rel}","templated":true}]}}