{"id":131932,"date":"2020-07-23T18:00:50","date_gmt":"2020-07-23T16:00:50","guid":{"rendered":"https:\/\/home4you.info\/sobre-nosotros\/"},"modified":"2025-01-06T16:58:55","modified_gmt":"2025-01-06T15:58:55","slug":"sobre-nosotros","status":"publish","type":"page","link":"https:\/\/home4you.info\/es\/sobre-nosotros\/","title":{"rendered":"Sobre nosotros"},"content":{"rendered":"<p><div class=\"fusion-fullwidth fullwidth-box fusion-builder-row-1 fusion-flex-container has-pattern-background has-mask-background fusion-parallax-none nonhundred-percent-fullwidth non-hundred-percent-height-scrolling lazyload\" style=\"--awb-border-radius-top-left:0px;--awb-border-radius-top-right:0px;--awb-border-radius-bottom-right:0px;--awb-border-radius-bottom-left:0px;--awb-margin-top:-2px;--awb-background-size:cover;--awb-flex-wrap:wrap;\" data-bg=\"https:\/\/home4you.info\/wp-content\/uploads\/2024\/12\/ueberuns.jpg\" ><div class=\"fusion-builder-row fusion-row fusion-flex-align-items-flex-start fusion-flex-content-wrap\" style=\"max-width:1144px;margin-left: calc(-4% \/ 2 );margin-right: calc(-4% \/ 2 );\"><div class=\"fusion-layout-column fusion_builder_column fusion-builder-column-0 fusion_builder_column_1_1 1_1 fusion-flex-column\" style=\"--awb-bg-size:cover;--awb-width-large:100%;--awb-margin-top-large:0px;--awb-spacing-right-large:1.92%;--awb-margin-bottom-large:20px;--awb-spacing-left-large:1.92%;--awb-width-medium:100%;--awb-order-medium:0;--awb-spacing-right-medium:1.92%;--awb-spacing-left-medium:1.92%;--awb-width-small:100%;--awb-order-small:0;--awb-spacing-right-small:1.92%;--awb-spacing-left-small:1.92%;\"><div class=\"fusion-column-wrapper fusion-column-has-shadow fusion-flex-justify-content-flex-start fusion-content-layout-column\"><div class=\"fusion-title title fusion-title-1 fusion-sep-none fusion-title-text fusion-title-size-one\" style=\"--awb-text-color:#ffffff;--awb-margin-top:250px;--awb-margin-bottom:300px;--awb-margin-left:50px;--awb-font-size:60px;\"><h1 class=\"fusion-title-heading title-heading-left\" style=\"margin:0;font-size:1em;text-shadow:3px 3px 3px rgba(0,0,0,0.54);\"><strong>Propiedad a medida<\/strong><br \/>\nServicio | Confianza | Rendimiento<\/h1><\/div><\/div><\/div><\/div><\/div><div class=\"fusion-fullwidth fullwidth-box fusion-builder-row-2 nonhundred-percent-fullwidth non-hundred-percent-height-scrolling\" style=\"--awb-border-radius-top-left:0px;--awb-border-radius-top-right:0px;--awb-border-radius-bottom-right:0px;--awb-border-radius-bottom-left:0px;--awb-flex-wrap:wrap;\" ><div class=\"fusion-builder-row fusion-row\"><div class=\"fusion-layout-column fusion_builder_column fusion-builder-column-1 fusion_builder_column_1_5 1_5 fusion-one-fifth fusion-column-first\" style=\"--awb-bg-blend:overlay;--awb-bg-size:cover;--awb-margin-bottom:40px;width:16.8%; margin-right: 4%;\"><div class=\"fusion-column-wrapper fusion-flex-column-wrapper-legacy\"><div class=\"fusion-text fusion-text-1\"><h2>HOME<span style=\"color: #ff9900;\">4<\/span>YOU<\/h2>\n<\/div><div class=\"fusion-sep-clear\"><\/div><div class=\"fusion-separator fusion-full-width-sep\" style=\"margin-left: auto;margin-right: auto;width:100%;\"><div class=\"fusion-separator-border sep-single sep-solid\" style=\"--awb-height:20px;--awb-amount:20px;border-color:#e0dede;border-top-width:1px;\"><\/div><\/div><div class=\"fusion-sep-clear\"><\/div><div class=\"fusion-clearfix\"><\/div><\/div><\/div><div class=\"fusion-layout-column fusion_builder_column fusion-builder-column-2 fusion_builder_column_1_1 1_1 fusion-one-full fusion-column-last\" style=\"--awb-bg-blend:overlay;--awb-bg-size:cover;\"><div class=\"fusion-column-wrapper fusion-flex-column-wrapper-legacy\"><div class=\"fusion-title title fusion-title-2 fusion-sep-none fusion-title-text fusion-title-size-one\"><h1 class=\"fusion-title-heading title-heading-left\" style=\"margin:0;\"><h1 id=\"u1829-2\" data-fontsize=\"24\" data-lineheight=\"36\">Todo en buenas manos<\/h1><\/h1><\/div><div class=\"fusion-builder-row fusion-builder-row-inner fusion-row\"><div class=\"fusion-layout-column fusion_builder_column_inner fusion-builder-nested-column-0 fusion_builder_column_inner_1_3 1_3 fusion-one-third fusion-column-first\" style=\"--awb-bg-blend:overlay;--awb-bg-size:cover;width:33.333333333333%;width:calc(33.333333333333% - ( ( 4% + 4% ) * 0.33333333333333 ) );margin-right: 4%;\"><div class=\"fusion-column-wrapper fusion-flex-column-wrapper-legacy\"><div class=\"fusion-text fusion-text-2\"><p>Vivir en un inmueble que satisfaga sus propias expectativas y, adem\u00e1s, ofrezca importantes ventajas de precio: muchos futuros propietarios tienen este deseo. Nosotros podemos hacerle realidad este sue\u00f1o. En <strong>home4you<\/strong> estamos especializados en la compra, venta y alquiler de <strong>inmuebles<\/strong> en la regi\u00f3n de <strong>Colonia<\/strong> y en <strong>Mallorca<\/strong>.<\/p>\n<h2 class=\"\u00abfusion-responsive-typography-calculated\u00bb\" data-fontsize=\"\u00ab24\u00bb\" data-lineheight=\"\u00ab36px\u00bb\">As\u00ed somos<\/h2>\n<p><strong>home4you<\/strong> somos nosotros &#8211; Joachim Reuter y su equipo. Con \u00e9l y nuestro equipo de 20 expertos j\u00f3venes, motivados y creativos, contamos con m\u00e1s de 30 a\u00f1os de experiencia en el mercado inmobiliario. Entre nuestros expertos se incluyen tambi\u00e9n profesionales de los \u00e1mbitos de la planificaci\u00f3n, la renovaci\u00f3n &#8211; reforma &#8211; nueva construcci\u00f3n, hasta el asesoramiento en dise\u00f1o de interiores, incluida la planificaci\u00f3n de cocinas. Esto significa que no s\u00f3lo podemos llevar a cabo la planificaci\u00f3n pura de la propiedad, sino tambi\u00e9n ir un paso m\u00e1s all\u00e1 y hacerle sugerencias concretas para el interior e implementarlas directamente. Nuestros <a href=\"\/\/home4you.info\/ueber-uns\/makler\/\u00bb\" target=\"\u00ab_blank\u00bb\" rel=\"\u00abnoopener noopener\">expertos<\/a> le asesorar\u00e1n de forma competente in situ para que podamos ofrecerle el mejor apoyo posible tanto en Alemania como en Mallorca.<\/p>\n<\/div><div class=\"fusion-clearfix\"><\/div><\/div><\/div><div class=\"fusion-layout-column fusion_builder_column_inner fusion-builder-nested-column-1 fusion_builder_column_inner_1_3 1_3 fusion-one-third\" style=\"--awb-bg-blend:overlay;--awb-bg-size:cover;width:33.333333333333%;width:calc(33.333333333333% - ( ( 4% + 4% ) * 0.33333333333333 ) );margin-right: 4%;\"><div class=\"fusion-column-wrapper fusion-flex-column-wrapper-legacy\"><div class=\"fusion-text fusion-text-3\"><h2>Nuestros servicios<\/h2>\n<p>Nuestros <a href=\"\/\/home4you.info\/leistungen\/\u00bb\" target=\"\u00ab_blank\u00bb\" rel=\"\u00abnoopener noopener\">servicios<\/a> son tan diversos como nuestras propiedades. Entre otras cosas, puede esperar de nosotros<\/p>\n<p><strong>Actividades cl\u00e1sicas de agencia inmobiliaria:<\/strong> Estamos especializados en <a href=\"\/\/home4you.info\/immobilien\/\u00bb\" target=\"\u00ab_blank\u00bb\" rel=\"\u00abnoopener noopener\">inmuebles existentes<\/a> econ\u00f3micos, que se convierten en propiedades de ensue\u00f1o tras su renovaci\u00f3n a la \u00faltima, pero que se encuentran muy por debajo del valor habitual de mercado. \u00bfNo quiere esperar tanto? No hay problema. Por supuesto, tambi\u00e9n intermediamos en propiedades terminadas y tambi\u00e9n prestamos atenci\u00f3n a la calidad y a una buena relaci\u00f3n precio\/valor.<\/p>\n<p><strong><a href=\"\/\/home4you.info\/projekte\/projektplanung\/\u00bb\" target=\"\u00ab_blank\u00bb\" rel=\"\u00abnoopener noopener\">Planificaci\u00f3n de proyectos<\/a> y &#8211;<a href=\"\/\/home4you.info\/projekte\/projektbetreuung\/\u00bb\" target=\"\u00ab_blank\u00bb\" rel=\"\u00abnoopener noopener\">apoyo<\/a><\/strong> para inmuebles en Mallorca y en los alrededores de Colonia: Planificamos y desarrollamos nuestros propios proyectos de construcci\u00f3n como constructores o los llevamos a cabo en nuestro propio nombre. Nos encargamos de todo el proceso, desde la idea inicial hasta la planificaci\u00f3n y entrega al propietario.<\/p>\n<p><a href=\"\/\/home4you.info\/leistungen\/verwaltung\/\u00bb\" target=\"\u00ab_blank\u00bb\" rel=\"\u00abnoopener noopener\"><strong>Administraci\u00f3n:<\/strong><\/a> No s\u00f3lo gestionamos la comunidad de propietarios (WEG), sino que tambi\u00e9n nos encargamos de la cl\u00e1sica gesti\u00f3n de alquileres. Nuestros servicios abarcan desde la gesti\u00f3n comercial hasta la gesti\u00f3n t\u00e9cnica de sus propiedades.<\/p>\n<\/div><div class=\"fusion-clearfix\"><\/div><\/div><\/div><div class=\"fusion-layout-column fusion_builder_column_inner fusion-builder-nested-column-2 fusion_builder_column_inner_1_3 1_3 fusion-one-third fusion-column-last\" style=\"--awb-bg-blend:overlay;--awb-bg-size:cover;width:33.333333333333%;width:calc(33.333333333333% - ( ( 4% + 4% ) * 0.33333333333333 ) );\"><div class=\"fusion-column-wrapper fusion-flex-column-wrapper-legacy\"><div class=\"fusion-text fusion-text-4\"><h2>Nos alegramos de tener noticias suyas<\/h2>\n<p>\u00bfBusca <a href=\"\u00abhttps:\/\/home4you.info\/fuer-interessenten\/immobiliensuche\/\u00bb\">una finca, un piso o un adosado en Mallorca o <\/a><a href=\"\/\/home4you.info\/leistungen\/denkmalimmobilien\/\u00bb\" target=\"\u00ab_blank\u00bb\" rel=\"\u00abnoopener noopener\">un inmueble monumental<\/a><a href=\"\u00abhttps:\/\/home4you.info\/fuer-interessenten\/immobiliensuche\/\u00bb\"> en Colonia? Entonces ha llegado al lugar adecuado. Si est\u00e1 interesado en nuestros servicios e inmuebles, nos alegrar\u00e1 recibir su <\/a><a href=\"\/\/home4you.info\/kontakt\/\u00bb\" target=\"\u00ab_blank\u00bb\" rel=\"\u00abnoopener noopener\"><strong>mensaje<\/strong><\/a><a href=\"\u00abhttps:\/\/home4you.info\/fuer-interessenten\/immobiliensuche\/\u00bb\"> o una llamada.<\/a><\/p>\n<\/div><div class=\"fusion-flip-boxes flip-boxes row fusion-columns-1 flip-effect-classic\"><div class=\"fusion-flip-box-wrapper fusion-column col-lg-12 col-md-12 col-sm-12\"><div class=\"fusion-flip-box flip-right\" tabindex=\"0\"><div class=\"flip-box-inner-wrapper\"><div class=\"flip-box-front\" style=\"--awb-background-image-front:url(&#039;https:\/\/home4you.info\/wp-content\/uploads\/2020\/03\/faltblatt_wickelfalz_DINlang-2019-RZ-600x425.jpg&#039;);\"><div class=\"flip-box-front-inner\"><h2 class=\"flip-box-heading without-text\">Folleto 2020<\/h2><\/div><\/div><div class=\"flip-box-back\" style=\"--awb-background-color-back:#607d8b;\"><div class=\"flip-box-back-inner\"><h3 class=\"flip-box-heading-back\"> <\/h3>\n<a href=\"https:\/\/home4you.info\/wp-content\/uploads\/2020\/03\/faltblatt_wickelfalz_DINlang-2019-RZ.pdf\"><strong>Folleto PDF<\/strong><\/a><\/div><\/div><\/div><\/div><\/div><\/div><div class=\"clearfix\"><\/div>\n<div class=\"fusion-clearfix\"><\/div><\/div><\/div><\/div><div class=\"fusion-clearfix\"><\/div><\/div><\/div><\/div><\/div><div class=\"fusion-fullwidth fullwidth-box fusion-builder-row-3 nonhundred-percent-fullwidth non-hundred-percent-height-scrolling\" style=\"--awb-border-radius-top-left:0px;--awb-border-radius-top-right:0px;--awb-border-radius-bottom-right:0px;--awb-border-radius-bottom-left:0px;--awb-padding-top:61px;--awb-flex-wrap:wrap;\" ><div class=\"fusion-builder-row fusion-row\"><div class=\"fusion-layout-column fusion_builder_column fusion-builder-column-3 fusion_builder_column_1_1 1_1 fusion-one-full fusion-column-first fusion-column-last\" style=\"--awb-bg-size:cover;\"><div class=\"fusion-column-wrapper fusion-column-has-shadow fusion-flex-column-wrapper-legacy\"><div class=\"fusion-title title fusion-title-3 fusion-sep-none fusion-title-text fusion-title-size-one\"><h1 class=\"fusion-title-heading title-heading-left\" style=\"margin:0;\">Imagevideo home4you<\/p><\/h1><\/div><div class=\"fusion-clearfix\"><\/div><\/div><\/div><div class=\"fusion-layout-column fusion_builder_column fusion-builder-column-4 fusion_builder_column_1_1 1_1 fusion-one-full fusion-column-first fusion-column-last\" style=\"--awb-bg-size:cover;\"><div class=\"fusion-column-wrapper fusion-column-has-shadow fusion-flex-column-wrapper-legacy\"><div class=\"fusion-video fusion-vimeo\" style=\"--awb-max-width:1200px;--awb-max-height:675px;\"><div class=\"video-shortcode\"><div class=\"fluid-width-video-wrapper\" style=\"padding-top:56.25%;\" ><iframe title=\"Vimeo video player 1\" src=\"https:\/\/player.vimeo.com\/video\/438122096?autoplay=0&autopause=0\" width=\"1200\" height=\"675\" allowfullscreen allow=\"autoplay; fullscreen\"><\/iframe><\/div><\/div><\/div><div class=\"fusion-clearfix\"><\/div><\/div><\/div><\/div><\/div><div class=\"fusion-fullwidth fullwidth-box fusion-builder-row-4 fusion-flex-container fusion-parallax-fixed nonhundred-percent-fullwidth non-hundred-percent-height-scrolling lazyload\" style=\"--awb-border-radius-top-left:0px;--awb-border-radius-top-right:0px;--awb-border-radius-bottom-right:0px;--awb-border-radius-bottom-left:0px;--awb-padding-top:97px;--awb-margin-bottom:-60px;--awb-background-color:#ffc107;--awb-background-size:cover;--awb-flex-wrap:wrap;background-attachment:fixed;\" data-bg=\"https:\/\/home4you.info\/wp-content\/uploads\/2023\/08\/wohnung.jpg\" ><div class=\"fusion-builder-row fusion-row fusion-flex-align-items-flex-start fusion-flex-content-wrap\" style=\"max-width:1144px;margin-left: calc(-4% \/ 2 );margin-right: calc(-4% \/ 2 );\"><div class=\"fusion-layout-column fusion_builder_column fusion-builder-column-5 fusion_builder_column_1_1 1_1 fusion-flex-column\" style=\"--awb-padding-top:37px;--awb-bg-color:#ededed;--awb-bg-color-hover:#ededed;--awb-bg-size:cover;--awb-width-large:100%;--awb-margin-top-large:36px;--awb-spacing-right-large:1.92%;--awb-margin-bottom-large:20px;--awb-spacing-left-large:1.92%;--awb-width-medium:100%;--awb-order-medium:0;--awb-spacing-right-medium:1.92%;--awb-spacing-left-medium:1.92%;--awb-width-small:100%;--awb-order-small:0;--awb-spacing-right-small:1.92%;--awb-spacing-left-small:1.92%;\"><div class=\"fusion-column-wrapper fusion-column-has-shadow fusion-flex-justify-content-flex-start fusion-content-layout-column\"><div class=\"fusion-content-boxes content-boxes columns row fusion-columns-1 fusion-columns-total-2 fusion-content-boxes-1 content-boxes-icon-on-top content-left\" style=\"--awb-hover-accent-color:#ffc107;--awb-circle-hover-accent-color:#ffc107;--awb-item-margin-bottom:40px;\" data-animationOffset=\"top-into-view\"><div style=\"--awb-backgroundcolor:rgba(255,255,255,0);\" class=\"fusion-column content-box-column content-box-column content-box-column-1 col-lg-12 col-md-12 col-sm-12 fusion-content-box-hover content-box-column-last-in-row\"><div class=\"col content-box-wrapper content-wrapper link-area-link-icon icon-hover-animation-pulsate\" data-animationOffset=\"top-into-view\"><div class=\"heading heading-with-icon icon-left\"><div class=\"icon\"><i style=\"border-color:#333333;border-width:0px;background-color:#ff9800;box-sizing:content-box;height:60px;width:60px;line-height:60px;border-radius:50%;font-size:30px;\" aria-hidden=\"true\" class=\"fontawesome-icon fa-phone-alt fas circle-yes\"><\/i><\/div><h1 class=\"content-box-heading\" style=\"--h1_typography-font-size:30px;line-height:35px;\">Ll\u00e1menos<\/h1><\/div><div class=\"fusion-clearfix\"><\/div><div class=\"content-container\">\n<h3 class=\"\u00abfusion-responsive-typography-calculated\u00bb\" style=\"--fontsize: 20; line-height: 1. 5; --minfonfontsize: 20; \u00ab data-fontsize=\u00bb20\u00ab data-lineheight=\u00bb30px\u00ab&gt;&lt;span style=\u00bbbackground-color: rgba(255, 255, 255, 0); font-family: var(--body_typography-font-family); font-size: var(--body_typography-font-size); font-style: var(--body_typography-font-style,normal); letter-spacing: var(--body_typography-letter-spacing); \u00ab&gt;&lt;span style=\u00bbfont-weight: var(--body_typography-font-weight);\">Telefon Mallorca: <span style=\"color: #000000; \u00ab&gt;&lt;a href=\u00bbtel: +34871906000\u00ab&gt;&lt;b style=\u00bbcolor: #000000;\">+34 871 90 6000<\/span><\/h3>\n<div>\n<h3 class=\"\u00abfusion-responsive-typography-calculated\u00bb\" style=\"--fontsize: 20; line-height: 1. 5; --minfonfontsize: 20; \u00ab data-fontsize=\u00bb20\u00ab data-lineheight=\u00bb30px\u00ab&gt;&lt;span style=\u00bbfont-family: var(--body_typography-font-family); font-size: var(--body_typography-font-size); font-style: var(--body_typography-font-style,normal); font-weight: var(--body_typography-font-weight); letter-spacing: var(--body_typography-letter-spacing); background-color: rgba(255, 255, 255, 0);\">Telefon K\u00f6ln: <span style=\"color: #000000; \u00ab&gt;&lt;a style=\u00bbcolor: #000000; \u00ab href=\u00bbtel: +4922133963020;\"><b>+49 221 &#8211; 33 96 30 20<\/b><\/span><\/h3>\n<\/div>\n<\/div><\/div><\/div><div style=\"--awb-backgroundcolor:rgba(255,255,255,0);\" class=\"fusion-column content-box-column content-box-column content-box-column-2 col-lg-12 col-md-12 col-sm-12 fusion-content-box-hover content-box-column-last content-box-column-last-in-row\"><div class=\"col content-box-wrapper content-wrapper link-area-link-icon link-type-button-bar icon-hover-animation-pulsate\" data-animationOffset=\"top-into-view\"><div class=\"heading heading-with-icon icon-left\"><a class=\"heading-link\" href=\"mailto:info@home4you.info?subject=Service%20Partner\" target=\"_self\"><div class=\"icon\"><i style=\"border-color:#333333;border-width:0px;background-color:#ff9800;box-sizing:content-box;height:60px;width:60px;line-height:60px;border-radius:50%;font-size:30px;\" aria-hidden=\"true\" class=\"fontawesome-icon fa-paper-plane fas circle-yes\"><\/i><\/div><h1 class=\"content-box-heading\" style=\"--h1_typography-font-size:30px;line-height:35px;\">Env\u00edenos un e-mail<\/h1><\/a><\/div><div class=\"fusion-clearfix\"><\/div><div class=\"content-container\">\n<p><a href=\"mailto:info@home4you.info?subject=Service%20Partner\">info@home4you.info<\/a><\/p>\n<\/div><\/div><\/div><div class=\"fusion-clearfix\"><\/div><\/div><\/div><\/div><div class=\"fusion-layout-column fusion_builder_column fusion-builder-column-6 fusion_builder_column_1_1 1_1 fusion-flex-column\" style=\"--awb-bg-size:cover;--awb-width-large:100%;--awb-margin-top-large:0px;--awb-spacing-right-large:1.92%;--awb-margin-bottom-large:20px;--awb-spacing-left-large:1.92%;--awb-width-medium:100%;--awb-order-medium:0;--awb-spacing-right-medium:1.92%;--awb-spacing-left-medium:1.92%;--awb-width-small:100%;--awb-order-small:0;--awb-spacing-right-small:1.92%;--awb-spacing-left-small:1.92%;\"><div class=\"fusion-column-wrapper fusion-column-has-shadow fusion-flex-justify-content-flex-start fusion-content-layout-column\"><\/div><\/div><\/div><\/div><\/p>\n","protected":false},"excerpt":{"rendered":"","protected":false},"author":1,"featured_media":0,"parent":0,"menu_order":5,"comment_status":"closed","ping_status":"closed","template":"100-width.php","meta":{"footnotes":""},"class_list":["post-131932","page","type-page","status-publish","hentry"],"yoast_head":"<!-- This site is optimized with the Yoast SEO plugin v26.8 - https:\/\/yoast.com\/product\/yoast-seo-wordpress\/ -->\n<title>Con\u00f3zcanos<\/title>\n<meta name=\"description\" content=\"home4you es su experto en inmuebles en Colonia y en Mallorca. Conozca m\u00e1s sobre nuestra empresa aqu\u00ed.\" \/>\n<meta name=\"robots\" content=\"index, follow, max-snippet:-1, max-image-preview:large, max-video-preview:-1\" \/>\n<link rel=\"canonical\" href=\"https:\/\/home4you.info\/es\/sobre-nosotros\/\" \/>\n<meta property=\"og:locale\" content=\"es_ES\" \/>\n<meta property=\"og:type\" content=\"article\" \/>\n<meta property=\"og:title\" content=\"Con\u00f3zcanos\" \/>\n<meta property=\"og:description\" content=\"home4you es su experto en inmuebles en Colonia y en Mallorca. Conozca m\u00e1s sobre nuestra empresa aqu\u00ed.\" \/>\n<meta property=\"og:url\" content=\"https:\/\/home4you.info\/es\/sobre-nosotros\/\" \/>\n<meta property=\"og:site_name\" content=\"home4you\" \/>\n<meta property=\"article:publisher\" content=\"https:\/\/www.facebook.com\/profile.php?id=100058838386052\" \/>\n<meta property=\"article:modified_time\" content=\"2025-01-06T15:58:55+00:00\" \/>\n<meta name=\"twitter:card\" content=\"summary_large_image\" \/>\n<meta name=\"twitter:label1\" content=\"Tiempo de lectura\" \/>\n\t<meta name=\"twitter:data1\" content=\"5 minutos\" \/>\n<script type=\"application\/ld+json\" class=\"yoast-schema-graph\">{\"@context\":\"https:\/\/schema.org\",\"@graph\":[{\"@type\":\"WebPage\",\"@id\":\"https:\/\/home4you.info\/es\/sobre-nosotros\/\",\"url\":\"https:\/\/home4you.info\/es\/sobre-nosotros\/\",\"name\":\"Con\u00f3zcanos\",\"isPartOf\":{\"@id\":\"https:\/\/home4you.info\/es\/#website\"},\"datePublished\":\"2020-07-23T16:00:50+00:00\",\"dateModified\":\"2025-01-06T15:58:55+00:00\",\"description\":\"home4you es su experto en inmuebles en Colonia y en Mallorca. Conozca m\u00e1s sobre nuestra empresa aqu\u00ed.\",\"breadcrumb\":{\"@id\":\"https:\/\/home4you.info\/es\/sobre-nosotros\/#breadcrumb\"},\"inLanguage\":\"es\",\"potentialAction\":[{\"@type\":\"ReadAction\",\"target\":[\"https:\/\/home4you.info\/es\/sobre-nosotros\/\"]}]},{\"@type\":\"BreadcrumbList\",\"@id\":\"https:\/\/home4you.info\/es\/sobre-nosotros\/#breadcrumb\",\"itemListElement\":[{\"@type\":\"ListItem\",\"position\":1,\"name\":\"Startseite\",\"item\":\"https:\/\/home4you.info\/es\/home\/\"},{\"@type\":\"ListItem\",\"position\":2,\"name\":\"Sobre nosotros\"}]},{\"@type\":\"WebSite\",\"@id\":\"https:\/\/home4you.info\/es\/#website\",\"url\":\"https:\/\/home4you.info\/es\/\",\"name\":\"home4you\",\"description\":\"modern home \u2013 modern living\",\"publisher\":{\"@id\":\"https:\/\/home4you.info\/es\/#organization\"},\"potentialAction\":[{\"@type\":\"SearchAction\",\"target\":{\"@type\":\"EntryPoint\",\"urlTemplate\":\"https:\/\/home4you.info\/es\/?s={search_term_string}\"},\"query-input\":{\"@type\":\"PropertyValueSpecification\",\"valueRequired\":true,\"valueName\":\"search_term_string\"}}],\"inLanguage\":\"es\"},{\"@type\":\"Organization\",\"@id\":\"https:\/\/home4you.info\/es\/#organization\",\"name\":\"home4you\",\"url\":\"https:\/\/home4you.info\/es\/\",\"logo\":{\"@type\":\"ImageObject\",\"inLanguage\":\"es\",\"@id\":\"https:\/\/home4you.info\/es\/#\/schema\/logo\/image\/\",\"url\":\"https:\/\/home4you.info\/wp-content\/uploads\/2021\/10\/03logo3.png\",\"contentUrl\":\"https:\/\/home4you.info\/wp-content\/uploads\/2021\/10\/03logo3.png\",\"width\":398,\"height\":274,\"caption\":\"home4you\"},\"image\":{\"@id\":\"https:\/\/home4you.info\/es\/#\/schema\/logo\/image\/\"},\"sameAs\":[\"https:\/\/www.facebook.com\/profile.php?id=100058838386052\",\"https:\/\/www.instagram.com\/home4you_immobilien\/\"]}]}<\/script>\n<!-- \/ Yoast SEO plugin. -->","yoast_head_json":{"title":"Con\u00f3zcanos","description":"home4you es su experto en inmuebles en Colonia y en Mallorca. Conozca m\u00e1s sobre nuestra empresa aqu\u00ed.","robots":{"index":"index","follow":"follow","max-snippet":"max-snippet:-1","max-image-preview":"max-image-preview:large","max-video-preview":"max-video-preview:-1"},"canonical":"https:\/\/home4you.info\/es\/sobre-nosotros\/","og_locale":"es_ES","og_type":"article","og_title":"Con\u00f3zcanos","og_description":"home4you es su experto en inmuebles en Colonia y en Mallorca. Conozca m\u00e1s sobre nuestra empresa aqu\u00ed.","og_url":"https:\/\/home4you.info\/es\/sobre-nosotros\/","og_site_name":"home4you","article_publisher":"https:\/\/www.facebook.com\/profile.php?id=100058838386052","article_modified_time":"2025-01-06T15:58:55+00:00","twitter_card":"summary_large_image","twitter_misc":{"Tiempo de lectura":"5 minutos"},"schema":{"@context":"https:\/\/schema.org","@graph":[{"@type":"WebPage","@id":"https:\/\/home4you.info\/es\/sobre-nosotros\/","url":"https:\/\/home4you.info\/es\/sobre-nosotros\/","name":"Con\u00f3zcanos","isPartOf":{"@id":"https:\/\/home4you.info\/es\/#website"},"datePublished":"2020-07-23T16:00:50+00:00","dateModified":"2025-01-06T15:58:55+00:00","description":"home4you es su experto en inmuebles en Colonia y en Mallorca. Conozca m\u00e1s sobre nuestra empresa aqu\u00ed.","breadcrumb":{"@id":"https:\/\/home4you.info\/es\/sobre-nosotros\/#breadcrumb"},"inLanguage":"es","potentialAction":[{"@type":"ReadAction","target":["https:\/\/home4you.info\/es\/sobre-nosotros\/"]}]},{"@type":"BreadcrumbList","@id":"https:\/\/home4you.info\/es\/sobre-nosotros\/#breadcrumb","itemListElement":[{"@type":"ListItem","position":1,"name":"Startseite","item":"https:\/\/home4you.info\/es\/home\/"},{"@type":"ListItem","position":2,"name":"Sobre nosotros"}]},{"@type":"WebSite","@id":"https:\/\/home4you.info\/es\/#website","url":"https:\/\/home4you.info\/es\/","name":"home4you","description":"modern home \u2013 modern living","publisher":{"@id":"https:\/\/home4you.info\/es\/#organization"},"potentialAction":[{"@type":"SearchAction","target":{"@type":"EntryPoint","urlTemplate":"https:\/\/home4you.info\/es\/?s={search_term_string}"},"query-input":{"@type":"PropertyValueSpecification","valueRequired":true,"valueName":"search_term_string"}}],"inLanguage":"es"},{"@type":"Organization","@id":"https:\/\/home4you.info\/es\/#organization","name":"home4you","url":"https:\/\/home4you.info\/es\/","logo":{"@type":"ImageObject","inLanguage":"es","@id":"https:\/\/home4you.info\/es\/#\/schema\/logo\/image\/","url":"https:\/\/home4you.info\/wp-content\/uploads\/2021\/10\/03logo3.png","contentUrl":"https:\/\/home4you.info\/wp-content\/uploads\/2021\/10\/03logo3.png","width":398,"height":274,"caption":"home4you"},"image":{"@id":"https:\/\/home4you.info\/es\/#\/schema\/logo\/image\/"},"sameAs":["https:\/\/www.facebook.com\/profile.php?id=100058838386052","https:\/\/www.instagram.com\/home4you_immobilien\/"]}]}},"_links":{"self":[{"href":"https:\/\/home4you.info\/es\/wp-json\/wp\/v2\/pages\/131932","targetHints":{"allow":["GET"]}}],"collection":[{"href":"https:\/\/home4you.info\/es\/wp-json\/wp\/v2\/pages"}],"about":[{"href":"https:\/\/home4you.info\/es\/wp-json\/wp\/v2\/types\/page"}],"author":[{"embeddable":true,"href":"https:\/\/home4you.info\/es\/wp-json\/wp\/v2\/users\/1"}],"replies":[{"embeddable":true,"href":"https:\/\/home4you.info\/es\/wp-json\/wp\/v2\/comments?post=131932"}],"version-history":[{"count":0,"href":"https:\/\/home4you.info\/es\/wp-json\/wp\/v2\/pages\/131932\/revisions"}],"wp:attachment":[{"href":"https:\/\/home4you.info\/es\/wp-json\/wp\/v2\/media?parent=131932"}],"curies":[{"name":"wp","href":"https:\/\/api.w.org\/{rel}","templated":true}]}}