{"id":438356,"date":"2022-10-11T15:18:35","date_gmt":"2022-10-11T13:18:35","guid":{"rendered":"https:\/\/home4you.info\/?page_id=438356"},"modified":"2023-07-19T13:38:04","modified_gmt":"2023-07-19T11:38:04","slug":"para-los-propietarios","status":"publish","type":"page","link":"https:\/\/home4you.info\/es\/para-los-propietarios\/","title":{"rendered":"Para los propietarios"},"content":{"rendered":"<p><div class=\"fusion-fullwidth fullwidth-box fusion-builder-row-1 has-pattern-background has-mask-background fusion-parallax-none nonhundred-percent-fullwidth hundred-percent-height hundred-percent-height-center-content non-hundred-percent-height-scrolling fusion-no-small-visibility lazyload\" style=\"--awb-border-radius-top-left:0px;--awb-border-radius-top-right:0px;--awb-border-radius-bottom-right:0px;--awb-border-radius-bottom-left:0px;--awb-padding-top:0px;--awb-padding-bottom:0px;--awb-margin-top:-75px;--awb-margin-bottom:0px;--awb-background-size:cover;--awb-flex-wrap:wrap;\" data-bg=\"https:\/\/home4you.info\/wp-content\/uploads\/2023\/07\/Fu\u0308r-Eigentu\u0308mer-ES.jpg\" ><div class=\"fusion-fullwidth-center-content\"><div class=\"fusion-builder-row fusion-row\"><div class=\"fusion-layout-column fusion_builder_column fusion-builder-column-0 fusion_builder_column_1_1 1_1 fusion-one-full fusion-column-first fusion-column-last\" style=\"--awb-bg-size:cover;\"><div class=\"fusion-column-wrapper fusion-column-has-shadow fusion-flex-column-wrapper-legacy\"><div class=\"fusion-clearfix\"><\/div><\/div><\/div><\/div><\/div><\/div><div class=\"fusion-fullwidth fullwidth-box fusion-builder-row-2 has-pattern-background has-mask-background fusion-parallax-none nonhundred-percent-fullwidth hundred-percent-height hundred-percent-height-center-content non-hundred-percent-height-scrolling fusion-no-medium-visibility fusion-no-large-visibility lazyload\" style=\"--awb-border-radius-top-left:0px;--awb-border-radius-top-right:0px;--awb-border-radius-bottom-right:0px;--awb-border-radius-bottom-left:0px;--awb-padding-top:0px;--awb-padding-bottom:0px;--awb-margin-top:-75px;--awb-margin-bottom:0px;--awb-background-size:cover;--awb-flex-wrap:wrap;\" data-bg=\"https:\/\/home4you.info\/wp-content\/uploads\/2023\/07\/eigentu\u0308mer_iPhone_ES.jpg\" ><div class=\"fusion-fullwidth-center-content\"><div class=\"fusion-builder-row fusion-row\"><div class=\"fusion-layout-column fusion_builder_column fusion-builder-column-1 fusion_builder_column_1_1 1_1 fusion-one-full fusion-column-first fusion-column-last\" style=\"--awb-bg-size:cover;\"><div class=\"fusion-column-wrapper fusion-column-has-shadow fusion-flex-column-wrapper-legacy\"><div class=\"fusion-sep-clear\"><\/div><div class=\"fusion-separator fusion-full-width-sep\" style=\"margin-left: auto;margin-right: auto;margin-top:900px;width:100%;\"><\/div><div class=\"fusion-sep-clear\"><\/div><div class=\"fusion-clearfix\"><\/div><\/div><\/div><\/div><\/div><\/div><div class=\"fusion-fullwidth fullwidth-box fusion-builder-row-3 nonhundred-percent-fullwidth non-hundred-percent-height-scrolling\" style=\"--awb-border-radius-top-left:0px;--awb-border-radius-top-right:0px;--awb-border-radius-bottom-right:0px;--awb-border-radius-bottom-left:0px;--awb-flex-wrap:wrap;\" ><div class=\"fusion-builder-row fusion-row\"><div class=\"fusion-layout-column fusion_builder_column fusion-builder-column-2 fusion_builder_column_1_5 1_5 fusion-one-fifth fusion-column-first\" style=\"--awb-bg-blend:overlay;--awb-bg-size:cover;--awb-margin-bottom:40px;width:16.8%; margin-right: 4%;\"><div class=\"fusion-column-wrapper fusion-flex-column-wrapper-legacy\"><div class=\"fusion-text fusion-text-1\"><h2>HOME<span style=\"color: #ff9900;\">4<\/span>YOU<\/h2>\n<\/div><div class=\"fusion-sep-clear\"><\/div><div class=\"fusion-separator fusion-full-width-sep\" style=\"margin-left: auto;margin-right: auto;width:100%;\"><div class=\"fusion-separator-border sep-single sep-solid\" style=\"--awb-height:20px;--awb-amount:20px;border-color:#e0dede;border-top-width:1px;\"><\/div><\/div><div class=\"fusion-sep-clear\"><\/div><div class=\"fusion-clearfix\"><\/div><\/div><\/div><div class=\"fusion-layout-column fusion_builder_column fusion-builder-column-3 fusion_builder_column_1_1 1_1 fusion-one-full fusion-column-last\" style=\"--awb-bg-blend:overlay;--awb-bg-size:cover;\"><div class=\"fusion-column-wrapper fusion-flex-column-wrapper-legacy\"><div class=\"fusion-title title fusion-title-1 fusion-sep-none fusion-title-text fusion-title-size-one\"><h1 class=\"fusion-title-heading title-heading-left\" style=\"margin:0;\"><h1>Venda su propiedad con \u00e9xito: Con home4you<\/h1><\/h1><\/div><div class=\"fusion-text fusion-text-2\"><p>\u00bfDesea saber m\u00e1s sobre los servicios que ofrecemos a los propietarios en Alemania y Espa\u00f1a? Estaremos encantados de presentarle con m\u00e1s detalle nuestros vers\u00e1tiles servicios para propietarios en home4you en el siguiente resumen.<\/p>\n<\/div><div class=\"fusion-title title fusion-title-2 fusion-sep-none fusion-title-text fusion-title-size-one\"><h1 class=\"fusion-title-heading title-heading-left\" style=\"margin:0;\"><h2>Resumen de nuestros servicios para propietarios<\/h2><\/h1><\/div><div class=\"fusion-text fusion-text-3\"><p>En home4you en Colonia, le ofrecemos como propietario servicios integrales que se extienden mucho m\u00e1s all\u00e1 de los l\u00edmites de la ciudad de la metr\u00f3poli del Rin. Por ejemplo, adem\u00e1s del tri\u00e1ngulo de ciudades Colonia-D\u00fcsseldorf-Aquisgr\u00e1n, tambi\u00e9n estamos activos para usted en la isla balear de Mallorca y disponemos de amplios contactos gracias a nuestra red de socios que opera en toda Europa.<\/p>\n<\/div><div class=\"fusion-builder-row fusion-builder-row-inner fusion-row\"><div class=\"fusion-layout-column fusion_builder_column_inner fusion-builder-nested-column-0 fusion_builder_column_inner_1_3 1_3 fusion-one-third fusion-column-first\" style=\"--awb-bg-blend:overlay;--awb-bg-size:cover;width:33.333333333333%;width:calc(33.333333333333% - ( ( 4% + 4% ) * 0.33333333333333 ) );margin-right: 4%;\"><div class=\"fusion-column-wrapper fusion-flex-column-wrapper-legacy\"><div class=\"fusion-text fusion-text-4\"><h3>Venta de inmuebles<\/h3>\n<p>Ya sea en Alemania o en las Islas Baleares: Desde el desarrollo de la estrategia y la planificaci\u00f3n, pasando por la organizaci\u00f3n y el marketing, hasta la ejecuci\u00f3n del contrato y la venta, le acompa\u00f1amos como propietario en cada paso del camino. Como agente inmobiliario bien relacionado y de amplio alcance, le apoyamos en la venta de su casa, piso o terreno de la A a la Z y estamos a su disposici\u00f3n para asesorarle durante todo el proceso de venta, para que no le quede ninguna pregunta sin respuesta. Junto con usted, en home4you desarrollamos una estrategia de marketing adecuada, seleccionamos un comprador apropiado y preparamos todos los documentos para una venta exitosa de su propiedad.<\/p>\n<h3>Valoraci\u00f3n de la propiedad<\/h3>\n<p>Como agencia inmobiliaria con experiencia, conocemos muy bien el mercado inmobiliario alem\u00e1n y mallorqu\u00edn y realizamos una tasaci\u00f3n profesional para usted. En el marco de esta valoraci\u00f3n inmobiliaria, representamos sus intereses como propietario de una casa o un piso, as\u00ed como los de sus posibles compradores. Teniendo en cuenta sus deseos personales, estimamos de forma realista el valor de mercado de su propiedad y, en base a ello, establecemos un precio de compra justo para todas las partes implicadas, de modo que nada se interponga en el camino de una venta exitosa. Como el servicio de tasaci\u00f3n est\u00e1 incluido en nuestra gama de servicios, no le supondr\u00e1 ning\u00fan coste adicional.<\/p>\n<\/div><div class=\"fusion-clearfix\"><\/div><\/div><\/div><div class=\"fusion-layout-column fusion_builder_column_inner fusion-builder-nested-column-1 fusion_builder_column_inner_1_3 1_3 fusion-one-third\" style=\"--awb-bg-blend:overlay;--awb-bg-size:cover;width:33.333333333333%;width:calc(33.333333333333% - ( ( 4% + 4% ) * 0.33333333333333 ) );margin-right: 4%;\"><div class=\"fusion-column-wrapper fusion-flex-column-wrapper-legacy\"><div class=\"fusion-text fusion-text-5\"><h3>Gesti\u00f3n inmobiliaria<\/h3>\n<p>\u00bfEs usted propietario de uno o varios inmuebles y no tiene ni el tiempo ni los conocimientos necesarios para gestionarlos? Ya sea en Mallorca o en Colonia y alrededores: estaremos encantados de apoyarle en la gesti\u00f3n de su casa o piso. En el marco de nuestra gesti\u00f3n inmobiliaria profesional, nos encargamos de todas las tareas comerciales, organizativas y tambi\u00e9n t\u00e9cnicas, para que usted pueda sentarse y relajarse.<\/p>\n<h3>Transacci\u00f3n de compra en Mallorca<\/h3>\n<p>A la hora de vender un inmueble, a usted como propietario le espera un gran trabajo de organizaci\u00f3n, que requiere mucho tiempo. Especialmente si usted est\u00e1 planeando vender su propiedad en Mallorca, hay aspectos adicionales espec\u00edficos del pa\u00eds que deben tenerse en cuenta. Como expertos en el mercado mallorqu\u00edn, contamos con la experiencia y la red necesarias para que la compra de su propiedad sea un \u00e9xito. Tambi\u00e9n estaremos encantados de preparar un peritaje de su propiedad para descartar cualquier sospecha de construcci\u00f3n ilegal y asesorarle sobre sus opciones.<\/p>\n<\/div><div class=\"fusion-clearfix\"><\/div><\/div><\/div><div class=\"fusion-layout-column fusion_builder_column_inner fusion-builder-nested-column-2 fusion_builder_column_inner_1_3 1_3 fusion-one-third fusion-column-last\" style=\"--awb-bg-blend:overlay;--awb-bg-size:cover;width:33.333333333333%;width:calc(33.333333333333% - ( ( 4% + 4% ) * 0.33333333333333 ) );\"><div class=\"fusion-column-wrapper fusion-flex-column-wrapper-legacy\"><div class=\"fusion-text fusion-text-6\"><h3>Certificado energ\u00e9tico<\/h3>\n<p>Si quiere vender su inmueble en Colonia y alrededores, el certificado energ\u00e9tico es uno de los documentos de venta m\u00e1s importantes. Con \u00e9l, los posibles compradores pueden valorar si la casa o el piso se ajusta a sus expectativas. Como parte de nuestro servicio integral, estaremos encantados de preparar un certificado de consumo o demanda para su propiedad.<\/p>\n<h3>Marketing inmobiliario<\/h3>\n<p>Nos encargamos de todo el marketing inmobiliario por usted, desde la tasaci\u00f3n profesional hasta la preparaci\u00f3n de la exposici\u00f3n, pasando por la fotograf\u00eda inmobiliaria, la fotograf\u00eda a\u00e9rea y el home staging, la selecci\u00f3n de interesados y la gesti\u00f3n de las visitas, para que pueda contar con nuestro apoyo durante todo el proceso de venta. Gracias a la cooperaci\u00f3n con nuestras empresas asociadas desde hace muchos a\u00f1os, servimos a todo el mercado europeo y obtenemos as\u00ed unas condiciones \u00f3ptimas para usted.<\/p>\n<h3>Mediaci\u00f3n de comerciantes<\/h3>\n<p>Gracias a nuestra larga colaboraci\u00f3n con comerciantes y empresas de mudanzas de confianza en toda Europa, podemos ponerle en contacto con un comerciante o proveedor de servicios fiable de nuestra amplia red de socios que le apoyar\u00e1 activamente en su proyecto de reforma o renovaci\u00f3n. Tanto si necesita un constructor de cocinas con experiencia, un decorador de interiores o un constructor de piscinas creativo a corto plazo: Como cliente nuestro, se beneficiar\u00e1 de distancias cortas, asesoramiento exhaustivo y condiciones favorables.<\/p>\n<p>\u00bfDesea obtener m\u00e1s informaci\u00f3n sobre nuestros servicios para propietarios y concertar una cita sin compromiso? En home4you estaremos encantados de atenderle.<\/p>\n<\/div><div class=\"fusion-clearfix\"><\/div><\/div><\/div><\/div><div class=\"fusion-clearfix\"><\/div><\/div><\/div><\/div><\/div><\/p>\n","protected":false},"excerpt":{"rendered":"","protected":false},"author":3,"featured_media":0,"parent":0,"menu_order":3,"comment_status":"closed","ping_status":"closed","template":"100-width.php","meta":{"footnotes":""},"class_list":["post-438356","page","type-page","status-publish","hentry"],"yoast_head":"<!-- This site is optimized with the Yoast SEO plugin v26.8 - https:\/\/yoast.com\/product\/yoast-seo-wordpress\/ -->\n<title>Servicios integrales para los propietarios | home4you<\/title>\n<meta name=\"description\" content=\"Con nosotros, recibir\u00e1 un paquete de servicios completo. Como propietario de un inmueble, le apoyamos en la venta de su casa o piso.\" \/>\n<meta name=\"robots\" content=\"index, follow, max-snippet:-1, max-image-preview:large, max-video-preview:-1\" \/>\n<link rel=\"canonical\" href=\"https:\/\/home4you.info\/es\/para-los-propietarios\/\" \/>\n<meta property=\"og:locale\" content=\"es_ES\" \/>\n<meta property=\"og:type\" content=\"article\" \/>\n<meta property=\"og:title\" content=\"Servicios integrales para los propietarios | home4you\" \/>\n<meta property=\"og:description\" content=\"Con nosotros, recibir\u00e1 un paquete de servicios completo. Como propietario de un inmueble, le apoyamos en la venta de su casa o piso.\" \/>\n<meta property=\"og:url\" content=\"https:\/\/home4you.info\/es\/para-los-propietarios\/\" \/>\n<meta property=\"og:site_name\" content=\"home4you\" \/>\n<meta property=\"article:publisher\" content=\"https:\/\/www.facebook.com\/profile.php?id=100058838386052\" \/>\n<meta property=\"article:modified_time\" content=\"2023-07-19T11:38:04+00:00\" \/>\n<meta name=\"twitter:card\" content=\"summary_large_image\" \/>\n<meta name=\"twitter:label1\" content=\"Tiempo de lectura\" \/>\n\t<meta name=\"twitter:data1\" content=\"8 minutos\" \/>\n<script type=\"application\/ld+json\" class=\"yoast-schema-graph\">{\"@context\":\"https:\/\/schema.org\",\"@graph\":[{\"@type\":\"WebPage\",\"@id\":\"https:\/\/home4you.info\/es\/para-los-propietarios\/\",\"url\":\"https:\/\/home4you.info\/es\/para-los-propietarios\/\",\"name\":\"Servicios integrales para los propietarios | home4you\",\"isPartOf\":{\"@id\":\"https:\/\/home4you.info\/es\/#website\"},\"datePublished\":\"2022-10-11T13:18:35+00:00\",\"dateModified\":\"2023-07-19T11:38:04+00:00\",\"description\":\"Con nosotros, recibir\u00e1 un paquete de servicios completo. Como propietario de un inmueble, le apoyamos en la venta de su casa o piso.\",\"breadcrumb\":{\"@id\":\"https:\/\/home4you.info\/es\/para-los-propietarios\/#breadcrumb\"},\"inLanguage\":\"es\",\"potentialAction\":[{\"@type\":\"ReadAction\",\"target\":[\"https:\/\/home4you.info\/es\/para-los-propietarios\/\"]}]},{\"@type\":\"BreadcrumbList\",\"@id\":\"https:\/\/home4you.info\/es\/para-los-propietarios\/#breadcrumb\",\"itemListElement\":[{\"@type\":\"ListItem\",\"position\":1,\"name\":\"Startseite\",\"item\":\"https:\/\/home4you.info\/es\/home\/\"},{\"@type\":\"ListItem\",\"position\":2,\"name\":\"Para los propietarios\"}]},{\"@type\":\"WebSite\",\"@id\":\"https:\/\/home4you.info\/es\/#website\",\"url\":\"https:\/\/home4you.info\/es\/\",\"name\":\"home4you\",\"description\":\"modern home \u2013 modern living\",\"publisher\":{\"@id\":\"https:\/\/home4you.info\/es\/#organization\"},\"potentialAction\":[{\"@type\":\"SearchAction\",\"target\":{\"@type\":\"EntryPoint\",\"urlTemplate\":\"https:\/\/home4you.info\/es\/?s={search_term_string}\"},\"query-input\":{\"@type\":\"PropertyValueSpecification\",\"valueRequired\":true,\"valueName\":\"search_term_string\"}}],\"inLanguage\":\"es\"},{\"@type\":\"Organization\",\"@id\":\"https:\/\/home4you.info\/es\/#organization\",\"name\":\"home4you\",\"url\":\"https:\/\/home4you.info\/es\/\",\"logo\":{\"@type\":\"ImageObject\",\"inLanguage\":\"es\",\"@id\":\"https:\/\/home4you.info\/es\/#\/schema\/logo\/image\/\",\"url\":\"https:\/\/home4you.info\/wp-content\/uploads\/2021\/10\/03logo3.png\",\"contentUrl\":\"https:\/\/home4you.info\/wp-content\/uploads\/2021\/10\/03logo3.png\",\"width\":398,\"height\":274,\"caption\":\"home4you\"},\"image\":{\"@id\":\"https:\/\/home4you.info\/es\/#\/schema\/logo\/image\/\"},\"sameAs\":[\"https:\/\/www.facebook.com\/profile.php?id=100058838386052\",\"https:\/\/www.instagram.com\/home4you_immobilien\/\"]}]}<\/script>\n<!-- \/ Yoast SEO plugin. -->","yoast_head_json":{"title":"Servicios integrales para los propietarios | home4you","description":"Con nosotros, recibir\u00e1 un paquete de servicios completo. Como propietario de un inmueble, le apoyamos en la venta de su casa o piso.","robots":{"index":"index","follow":"follow","max-snippet":"max-snippet:-1","max-image-preview":"max-image-preview:large","max-video-preview":"max-video-preview:-1"},"canonical":"https:\/\/home4you.info\/es\/para-los-propietarios\/","og_locale":"es_ES","og_type":"article","og_title":"Servicios integrales para los propietarios | home4you","og_description":"Con nosotros, recibir\u00e1 un paquete de servicios completo. Como propietario de un inmueble, le apoyamos en la venta de su casa o piso.","og_url":"https:\/\/home4you.info\/es\/para-los-propietarios\/","og_site_name":"home4you","article_publisher":"https:\/\/www.facebook.com\/profile.php?id=100058838386052","article_modified_time":"2023-07-19T11:38:04+00:00","twitter_card":"summary_large_image","twitter_misc":{"Tiempo de lectura":"8 minutos"},"schema":{"@context":"https:\/\/schema.org","@graph":[{"@type":"WebPage","@id":"https:\/\/home4you.info\/es\/para-los-propietarios\/","url":"https:\/\/home4you.info\/es\/para-los-propietarios\/","name":"Servicios integrales para los propietarios | home4you","isPartOf":{"@id":"https:\/\/home4you.info\/es\/#website"},"datePublished":"2022-10-11T13:18:35+00:00","dateModified":"2023-07-19T11:38:04+00:00","description":"Con nosotros, recibir\u00e1 un paquete de servicios completo. Como propietario de un inmueble, le apoyamos en la venta de su casa o piso.","breadcrumb":{"@id":"https:\/\/home4you.info\/es\/para-los-propietarios\/#breadcrumb"},"inLanguage":"es","potentialAction":[{"@type":"ReadAction","target":["https:\/\/home4you.info\/es\/para-los-propietarios\/"]}]},{"@type":"BreadcrumbList","@id":"https:\/\/home4you.info\/es\/para-los-propietarios\/#breadcrumb","itemListElement":[{"@type":"ListItem","position":1,"name":"Startseite","item":"https:\/\/home4you.info\/es\/home\/"},{"@type":"ListItem","position":2,"name":"Para los propietarios"}]},{"@type":"WebSite","@id":"https:\/\/home4you.info\/es\/#website","url":"https:\/\/home4you.info\/es\/","name":"home4you","description":"modern home \u2013 modern living","publisher":{"@id":"https:\/\/home4you.info\/es\/#organization"},"potentialAction":[{"@type":"SearchAction","target":{"@type":"EntryPoint","urlTemplate":"https:\/\/home4you.info\/es\/?s={search_term_string}"},"query-input":{"@type":"PropertyValueSpecification","valueRequired":true,"valueName":"search_term_string"}}],"inLanguage":"es"},{"@type":"Organization","@id":"https:\/\/home4you.info\/es\/#organization","name":"home4you","url":"https:\/\/home4you.info\/es\/","logo":{"@type":"ImageObject","inLanguage":"es","@id":"https:\/\/home4you.info\/es\/#\/schema\/logo\/image\/","url":"https:\/\/home4you.info\/wp-content\/uploads\/2021\/10\/03logo3.png","contentUrl":"https:\/\/home4you.info\/wp-content\/uploads\/2021\/10\/03logo3.png","width":398,"height":274,"caption":"home4you"},"image":{"@id":"https:\/\/home4you.info\/es\/#\/schema\/logo\/image\/"},"sameAs":["https:\/\/www.facebook.com\/profile.php?id=100058838386052","https:\/\/www.instagram.com\/home4you_immobilien\/"]}]}},"_links":{"self":[{"href":"https:\/\/home4you.info\/es\/wp-json\/wp\/v2\/pages\/438356","targetHints":{"allow":["GET"]}}],"collection":[{"href":"https:\/\/home4you.info\/es\/wp-json\/wp\/v2\/pages"}],"about":[{"href":"https:\/\/home4you.info\/es\/wp-json\/wp\/v2\/types\/page"}],"author":[{"embeddable":true,"href":"https:\/\/home4you.info\/es\/wp-json\/wp\/v2\/users\/3"}],"replies":[{"embeddable":true,"href":"https:\/\/home4you.info\/es\/wp-json\/wp\/v2\/comments?post=438356"}],"version-history":[{"count":0,"href":"https:\/\/home4you.info\/es\/wp-json\/wp\/v2\/pages\/438356\/revisions"}],"wp:attachment":[{"href":"https:\/\/home4you.info\/es\/wp-json\/wp\/v2\/media?parent=438356"}],"curies":[{"name":"wp","href":"https:\/\/api.w.org\/{rel}","templated":true}]}}