{"id":438369,"date":"2023-05-05T15:12:27","date_gmt":"2023-05-05T13:12:27","guid":{"rendered":"https:\/\/home4you.info\/?page_id=438369"},"modified":"2025-01-06T15:30:51","modified_gmt":"2025-01-06T14:30:51","slug":"para-los-interesados","status":"publish","type":"page","link":"https:\/\/home4you.info\/es\/para-los-interesados\/","title":{"rendered":"Para los interesados"},"content":{"rendered":"<p><div class=\"fusion-fullwidth fullwidth-box fusion-builder-row-1 fusion-flex-container has-pattern-background has-mask-background fusion-parallax-none nonhundred-percent-fullwidth non-hundred-percent-height-scrolling lazyload\" style=\"--awb-border-radius-top-left:0px;--awb-border-radius-top-right:0px;--awb-border-radius-bottom-right:0px;--awb-border-radius-bottom-left:0px;--awb-margin-top:-2px;--awb-margin-bottom:20px;--awb-background-size:cover;--awb-flex-wrap:wrap;\" data-bg=\"https:\/\/home4you.info\/wp-content\/uploads\/2024\/12\/fuer_interessenten.jpg\" ><div class=\"fusion-builder-row fusion-row fusion-flex-align-items-flex-start fusion-flex-content-wrap\" style=\"max-width:1144px;margin-left: calc(-4% \/ 2 );margin-right: calc(-4% \/ 2 );\"><div class=\"fusion-layout-column fusion_builder_column fusion-builder-column-0 fusion_builder_column_1_1 1_1 fusion-flex-column\" style=\"--awb-bg-size:cover;--awb-width-large:100%;--awb-margin-top-large:0px;--awb-spacing-right-large:1.92%;--awb-margin-bottom-large:20px;--awb-spacing-left-large:1.92%;--awb-width-medium:100%;--awb-order-medium:0;--awb-spacing-right-medium:1.92%;--awb-spacing-left-medium:1.92%;--awb-width-small:100%;--awb-order-small:0;--awb-spacing-right-small:1.92%;--awb-spacing-left-small:1.92%;\"><div class=\"fusion-column-wrapper fusion-column-has-shadow fusion-flex-justify-content-flex-start fusion-content-layout-column\"><div class=\"fusion-title title fusion-title-1 fusion-sep-none fusion-title-text fusion-title-size-one\" style=\"--awb-text-color:#ffffff;--awb-margin-top:250px;--awb-margin-bottom:300px;--awb-margin-left:50px;--awb-font-size:60px;\"><h1 class=\"fusion-title-heading title-heading-left\" style=\"margin:0;font-size:1em;text-shadow:3px 3px 3px rgba(0,0,0,0.54);\"><p><strong>Propiedad a medida<\/strong><br \/>\nServicio | Confianza | Rendimiento<\/p><\/h1><\/div><\/div><\/div><\/div><\/div><div class=\"fusion-fullwidth fullwidth-box fusion-builder-row-2 nonhundred-percent-fullwidth non-hundred-percent-height-scrolling\" style=\"--awb-border-radius-top-left:0px;--awb-border-radius-top-right:0px;--awb-border-radius-bottom-right:0px;--awb-border-radius-bottom-left:0px;--awb-flex-wrap:wrap;\" ><div class=\"fusion-builder-row fusion-row\"><div class=\"fusion-layout-column fusion_builder_column fusion-builder-column-1 fusion_builder_column_1_5 1_5 fusion-one-fifth fusion-column-first\" style=\"--awb-bg-blend:overlay;--awb-bg-size:cover;--awb-margin-bottom:40px;width:16.8%; margin-right: 4%;\"><div class=\"fusion-column-wrapper fusion-flex-column-wrapper-legacy\"><div class=\"fusion-text fusion-text-1\"><h2>HOME<span style=\"color: #ff9900;\">4<\/span>YOU<\/h2>\n<\/div><div class=\"fusion-sep-clear\"><\/div><div class=\"fusion-separator fusion-full-width-sep\" style=\"margin-left: auto;margin-right: auto;width:100%;\"><div class=\"fusion-separator-border sep-single sep-solid\" style=\"--awb-height:20px;--awb-amount:20px;border-color:#e0dede;border-top-width:1px;\"><\/div><\/div><div class=\"fusion-sep-clear\"><\/div><div class=\"fusion-clearfix\"><\/div><\/div><\/div><div class=\"fusion-layout-column fusion_builder_column fusion-builder-column-2 fusion_builder_column_1_1 1_1 fusion-one-full fusion-column-last\" style=\"--awb-bg-blend:overlay;--awb-bg-size:cover;\"><div class=\"fusion-column-wrapper fusion-flex-column-wrapper-legacy\"><div class=\"fusion-title title fusion-title-2 fusion-sep-none fusion-title-text fusion-title-size-one\"><h1 class=\"fusion-title-heading title-heading-left\" style=\"margin:0;\"><h1>Comprar una vivienda sin estr\u00e9s: home4you te ayuda<\/h1><\/h1><\/div><div class=\"fusion-text fusion-text-2\"><p>\u00bfDesea saber m\u00e1s sobre los servicios que ofrecemos a nuestros posibles compradores de inmuebles en Alemania y Espa\u00f1a? Estaremos encantados de presentarle con m\u00e1s detalle nuestros servicios para interesados en home4you en el siguiente resumen.<\/p>\n<\/div><div class=\"fusion-title title fusion-title-3 fusion-sep-none fusion-title-text fusion-title-size-one\"><h1 class=\"fusion-title-heading title-heading-left\" style=\"margin:0;\"><h2>Resumen de nuestros servicios para interesados<\/h2><\/h1><\/div><div class=\"fusion-text fusion-text-3\"><p>En <strong><a href=\"https:\/\/home4you.info\/es\/sobre-nosotros\/\">home4you<\/a><\/strong> en Colonia, le ofrecemos como posible comprador de bienes ra\u00edces servicios integrales que se extienden mucho m\u00e1s all\u00e1 de los l\u00edmites de la ciudad de la metr\u00f3poli del Rin. Adem\u00e1s de en Colonia, tambi\u00e9n trabajamos para usted en la isla balear de Mallorca y disponemos de amplios contactos gracias a nuestra red de socios en toda Europa.<\/p>\n<\/div><div class=\"fusion-builder-row fusion-builder-row-inner fusion-row\"><div class=\"fusion-layout-column fusion_builder_column_inner fusion-builder-nested-column-0 fusion_builder_column_inner_1_3 1_3 fusion-one-third fusion-column-first\" style=\"--awb-bg-blend:overlay;--awb-bg-size:cover;width:33.333333333333%;width:calc(33.333333333333% - ( ( 4% + 4% ) * 0.33333333333333 ) );margin-right: 4%;\"><div class=\"fusion-column-wrapper fusion-flex-column-wrapper-legacy\"><div class=\"fusion-text fusion-text-4\"><h3>Apoyo durante el proceso de compra<\/h3>\n<p>Como agencia inmobiliaria que opera a nivel internacional, le apoyamos durante todo el proceso de compra y asumimos tanto actividades de asesoramiento como pr\u00e1cticas. Tanto si busca un inmueble hist\u00f3rico como un edificio protegido: juntos encontraremos un inmueble adecuado en Colonia que se ajuste a sus criterios de b\u00fasqueda personales, aclararemos la cuesti\u00f3n esencial de la forma de financiaci\u00f3n m\u00e1s adecuada para usted y le pondremos en contacto con expertos experimentados para futuros proyectos como la mudanza, una conversi\u00f3n planificada o un dise\u00f1o armonioso de las habitaciones. \u00bfDesea adquirir una propiedad en la soleada Espa\u00f1a? Entonces tambi\u00e9n estaremos encantados de ayudarle.<\/p>\n<h3>Apoyo durante el proceso de compra<\/h3>\n<p>\u00bfHa encontrado la propiedad de sus sue\u00f1os en Colonia o en Mallorca y est\u00e1 planeando comprarla? Estaremos encantados de apoyarle en el camino hacia la compra de la propiedad, as\u00ed como en la transacci\u00f3n de compra. Adem\u00e1s, le explicaremos lo que debe tener en cuenta a la hora de comprar una propiedad en Espa\u00f1a.<\/p>\n<\/div><div class=\"fusion-clearfix\"><\/div><\/div><\/div><div class=\"fusion-layout-column fusion_builder_column_inner fusion-builder-nested-column-1 fusion_builder_column_inner_1_3 1_3 fusion-one-third\" style=\"--awb-bg-blend:overlay;--awb-bg-size:cover;width:33.333333333333%;width:calc(33.333333333333% - ( ( 4% + 4% ) * 0.33333333333333 ) );margin-right: 4%;\"><div class=\"fusion-column-wrapper fusion-flex-column-wrapper-legacy\"><div class=\"fusion-text fusion-text-5\"><h3>Corredur\u00eda de financiaci\u00f3n independiente<\/h3>\n<p>Con su propia casa de vacaciones en Mallorca, puede hacer realidad su sue\u00f1o largamente acariciado de una segunda residencia exclusiva con vistas al mar. \u00bfO prefiere un inmueble protegido en Colonia con su propio encanto hist\u00f3rico? Para que este sue\u00f1o se haga realidad tambi\u00e9n desde el punto de vista financiero, le pondremos en contacto con asesores financieros independientes de nuestra red de socios de muchos a\u00f1os, que tendr\u00e1n preparadas para usted ofertas de financiaci\u00f3n favorables en condiciones justas.<\/p>\n<h3>Oferta inmobiliaria e inicio de la b\u00fasqueda<\/h3>\n<p>Tanto si est\u00e1 interesado en un inmueble hist\u00f3rico protegido en Renania con ventajas fiscales como si busca una finca r\u00fastica en Espa\u00f1a como inversi\u00f3n de capital rentable, en nuestra cartera encontrar\u00e1 regularmente ofertas inmobiliarias atractivas. En caso de que no encuentre el inmueble adecuado en nuestras ofertas, iniciaremos para usted una solicitud de b\u00fasqueda de acuerdo con sus ideas individuales y le presentaremos los inmuebles adecuados que se ajusten perfectamente a sus necesidades a partir de nuestra base de datos de interesados.<\/p>\n<\/div><div class=\"fusion-clearfix\"><\/div><\/div><\/div><div class=\"fusion-layout-column fusion_builder_column_inner fusion-builder-nested-column-2 fusion_builder_column_inner_1_3 1_3 fusion-one-third fusion-column-last\" style=\"--awb-bg-blend:overlay;--awb-bg-size:cover;width:33.333333333333%;width:calc(33.333333333333% - ( ( 4% + 4% ) * 0.33333333333333 ) );\"><div class=\"fusion-column-wrapper fusion-flex-column-wrapper-legacy\"><div class=\"fusion-text fusion-text-6\"><h3>Mediaci\u00f3n de artesanos y apoyo a la construcci\u00f3n<\/h3>\n<p>Gracias a nuestra amplia red de socios en toda Europa, podemos encontrar artesanos y proveedores de servicios concienzudos para su proyecto de renovaci\u00f3n o construcci\u00f3n en Alemania o Espa\u00f1a. Tanto si se trata de la renovaci\u00f3n de una propiedad existente con tejido de construcci\u00f3n antiguo como de la conversi\u00f3n de un edificio nuevo en estilo mallorqu\u00edn: si lo desea, tambi\u00e9n podemos hacernos cargo de la supervisi\u00f3n de la construcci\u00f3n por usted en las \u00e1reas de coordinaci\u00f3n, planificaci\u00f3n y apoyo.<\/p>\n<h3>Servicio fiable para personas mayores<\/h3>\n<p>Con la edad, muchos futuros compradores de inmuebles se enfrentan a la pregunta de d\u00f3nde les gustar\u00eda pasar su jubilaci\u00f3n. Dentro de nuestro fiable servicio para mayores, le asesoraremos detalladamente en la b\u00fasqueda de una vivienda adecuada para mayores, le mostraremos formas de vida alternativas y, como emigrante de la tercera edad, estaremos encantados de ayudarle en su regreso de Mallorca a Alemania.<\/p>\n<p>\u00bfDesea m\u00e1s informaci\u00f3n sobre nuestros servicios para futuros compradores de inmuebles y quiere concertar una consulta sin compromiso con nosotros? En home4you estaremos encantados de atenderle.<\/p>\n<\/div><div class=\"fusion-clearfix\"><\/div><\/div><\/div><\/div><div class=\"fusion-clearfix\"><\/div><\/div><\/div><\/div><\/div><\/p>\n","protected":false},"excerpt":{"rendered":"","protected":false},"author":3,"featured_media":0,"parent":0,"menu_order":3,"comment_status":"closed","ping_status":"closed","template":"100-width.php","meta":{"footnotes":""},"class_list":["post-438369","page","type-page","status-publish","hentry"],"yoast_head":"<!-- This site is optimized with the Yoast SEO plugin v26.8 - https:\/\/yoast.com\/product\/yoast-seo-wordpress\/ -->\n<title>Servicios completos para su propiedad | home4you<\/title>\n<meta name=\"description\" content=\"Con nosotros usted recibe un completo paquete de servicios. Tanto si es un posible comprador como si es un vendedor, estaremos encantados de asesorarle individualmente.\" \/>\n<meta name=\"robots\" content=\"index, follow, max-snippet:-1, max-image-preview:large, max-video-preview:-1\" \/>\n<link rel=\"canonical\" href=\"https:\/\/home4you.info\/es\/para-los-interesados\/\" \/>\n<meta property=\"og:locale\" content=\"es_ES\" \/>\n<meta property=\"og:type\" content=\"article\" \/>\n<meta property=\"og:title\" content=\"Servicios completos para su propiedad | home4you\" \/>\n<meta property=\"og:description\" content=\"Con nosotros usted recibe un completo paquete de servicios. Tanto si es un posible comprador como si es un vendedor, estaremos encantados de asesorarle individualmente.\" \/>\n<meta property=\"og:url\" content=\"https:\/\/home4you.info\/es\/para-los-interesados\/\" \/>\n<meta property=\"og:site_name\" content=\"home4you\" \/>\n<meta property=\"article:publisher\" content=\"https:\/\/www.facebook.com\/profile.php?id=100058838386052\" \/>\n<meta property=\"article:modified_time\" content=\"2025-01-06T14:30:51+00:00\" \/>\n<meta name=\"twitter:card\" content=\"summary_large_image\" \/>\n<meta name=\"twitter:label1\" content=\"Tiempo de lectura\" \/>\n\t<meta name=\"twitter:data1\" content=\"4 minutos\" \/>\n<script type=\"application\/ld+json\" class=\"yoast-schema-graph\">{\"@context\":\"https:\/\/schema.org\",\"@graph\":[{\"@type\":\"WebPage\",\"@id\":\"https:\/\/home4you.info\/es\/para-los-interesados\/\",\"url\":\"https:\/\/home4you.info\/es\/para-los-interesados\/\",\"name\":\"Servicios completos para su propiedad | home4you\",\"isPartOf\":{\"@id\":\"https:\/\/home4you.info\/es\/#website\"},\"datePublished\":\"2023-05-05T13:12:27+00:00\",\"dateModified\":\"2025-01-06T14:30:51+00:00\",\"description\":\"Con nosotros usted recibe un completo paquete de servicios. Tanto si es un posible comprador como si es un vendedor, estaremos encantados de asesorarle individualmente.\",\"breadcrumb\":{\"@id\":\"https:\/\/home4you.info\/es\/para-los-interesados\/#breadcrumb\"},\"inLanguage\":\"es\",\"potentialAction\":[{\"@type\":\"ReadAction\",\"target\":[\"https:\/\/home4you.info\/es\/para-los-interesados\/\"]}]},{\"@type\":\"BreadcrumbList\",\"@id\":\"https:\/\/home4you.info\/es\/para-los-interesados\/#breadcrumb\",\"itemListElement\":[{\"@type\":\"ListItem\",\"position\":1,\"name\":\"Startseite\",\"item\":\"https:\/\/home4you.info\/es\/home\/\"},{\"@type\":\"ListItem\",\"position\":2,\"name\":\"Para los interesados\"}]},{\"@type\":\"WebSite\",\"@id\":\"https:\/\/home4you.info\/es\/#website\",\"url\":\"https:\/\/home4you.info\/es\/\",\"name\":\"home4you\",\"description\":\"modern home \u2013 modern living\",\"publisher\":{\"@id\":\"https:\/\/home4you.info\/es\/#organization\"},\"potentialAction\":[{\"@type\":\"SearchAction\",\"target\":{\"@type\":\"EntryPoint\",\"urlTemplate\":\"https:\/\/home4you.info\/es\/?s={search_term_string}\"},\"query-input\":{\"@type\":\"PropertyValueSpecification\",\"valueRequired\":true,\"valueName\":\"search_term_string\"}}],\"inLanguage\":\"es\"},{\"@type\":\"Organization\",\"@id\":\"https:\/\/home4you.info\/es\/#organization\",\"name\":\"home4you\",\"url\":\"https:\/\/home4you.info\/es\/\",\"logo\":{\"@type\":\"ImageObject\",\"inLanguage\":\"es\",\"@id\":\"https:\/\/home4you.info\/es\/#\/schema\/logo\/image\/\",\"url\":\"https:\/\/home4you.info\/wp-content\/uploads\/2021\/10\/03logo3.png\",\"contentUrl\":\"https:\/\/home4you.info\/wp-content\/uploads\/2021\/10\/03logo3.png\",\"width\":398,\"height\":274,\"caption\":\"home4you\"},\"image\":{\"@id\":\"https:\/\/home4you.info\/es\/#\/schema\/logo\/image\/\"},\"sameAs\":[\"https:\/\/www.facebook.com\/profile.php?id=100058838386052\",\"https:\/\/www.instagram.com\/home4you_immobilien\/\"]}]}<\/script>\n<!-- \/ Yoast SEO plugin. -->","yoast_head_json":{"title":"Servicios completos para su propiedad | home4you","description":"Con nosotros usted recibe un completo paquete de servicios. Tanto si es un posible comprador como si es un vendedor, estaremos encantados de asesorarle individualmente.","robots":{"index":"index","follow":"follow","max-snippet":"max-snippet:-1","max-image-preview":"max-image-preview:large","max-video-preview":"max-video-preview:-1"},"canonical":"https:\/\/home4you.info\/es\/para-los-interesados\/","og_locale":"es_ES","og_type":"article","og_title":"Servicios completos para su propiedad | home4you","og_description":"Con nosotros usted recibe un completo paquete de servicios. Tanto si es un posible comprador como si es un vendedor, estaremos encantados de asesorarle individualmente.","og_url":"https:\/\/home4you.info\/es\/para-los-interesados\/","og_site_name":"home4you","article_publisher":"https:\/\/www.facebook.com\/profile.php?id=100058838386052","article_modified_time":"2025-01-06T14:30:51+00:00","twitter_card":"summary_large_image","twitter_misc":{"Tiempo de lectura":"4 minutos"},"schema":{"@context":"https:\/\/schema.org","@graph":[{"@type":"WebPage","@id":"https:\/\/home4you.info\/es\/para-los-interesados\/","url":"https:\/\/home4you.info\/es\/para-los-interesados\/","name":"Servicios completos para su propiedad | home4you","isPartOf":{"@id":"https:\/\/home4you.info\/es\/#website"},"datePublished":"2023-05-05T13:12:27+00:00","dateModified":"2025-01-06T14:30:51+00:00","description":"Con nosotros usted recibe un completo paquete de servicios. Tanto si es un posible comprador como si es un vendedor, estaremos encantados de asesorarle individualmente.","breadcrumb":{"@id":"https:\/\/home4you.info\/es\/para-los-interesados\/#breadcrumb"},"inLanguage":"es","potentialAction":[{"@type":"ReadAction","target":["https:\/\/home4you.info\/es\/para-los-interesados\/"]}]},{"@type":"BreadcrumbList","@id":"https:\/\/home4you.info\/es\/para-los-interesados\/#breadcrumb","itemListElement":[{"@type":"ListItem","position":1,"name":"Startseite","item":"https:\/\/home4you.info\/es\/home\/"},{"@type":"ListItem","position":2,"name":"Para los interesados"}]},{"@type":"WebSite","@id":"https:\/\/home4you.info\/es\/#website","url":"https:\/\/home4you.info\/es\/","name":"home4you","description":"modern home \u2013 modern living","publisher":{"@id":"https:\/\/home4you.info\/es\/#organization"},"potentialAction":[{"@type":"SearchAction","target":{"@type":"EntryPoint","urlTemplate":"https:\/\/home4you.info\/es\/?s={search_term_string}"},"query-input":{"@type":"PropertyValueSpecification","valueRequired":true,"valueName":"search_term_string"}}],"inLanguage":"es"},{"@type":"Organization","@id":"https:\/\/home4you.info\/es\/#organization","name":"home4you","url":"https:\/\/home4you.info\/es\/","logo":{"@type":"ImageObject","inLanguage":"es","@id":"https:\/\/home4you.info\/es\/#\/schema\/logo\/image\/","url":"https:\/\/home4you.info\/wp-content\/uploads\/2021\/10\/03logo3.png","contentUrl":"https:\/\/home4you.info\/wp-content\/uploads\/2021\/10\/03logo3.png","width":398,"height":274,"caption":"home4you"},"image":{"@id":"https:\/\/home4you.info\/es\/#\/schema\/logo\/image\/"},"sameAs":["https:\/\/www.facebook.com\/profile.php?id=100058838386052","https:\/\/www.instagram.com\/home4you_immobilien\/"]}]}},"_links":{"self":[{"href":"https:\/\/home4you.info\/es\/wp-json\/wp\/v2\/pages\/438369","targetHints":{"allow":["GET"]}}],"collection":[{"href":"https:\/\/home4you.info\/es\/wp-json\/wp\/v2\/pages"}],"about":[{"href":"https:\/\/home4you.info\/es\/wp-json\/wp\/v2\/types\/page"}],"author":[{"embeddable":true,"href":"https:\/\/home4you.info\/es\/wp-json\/wp\/v2\/users\/3"}],"replies":[{"embeddable":true,"href":"https:\/\/home4you.info\/es\/wp-json\/wp\/v2\/comments?post=438369"}],"version-history":[{"count":0,"href":"https:\/\/home4you.info\/es\/wp-json\/wp\/v2\/pages\/438369\/revisions"}],"wp:attachment":[{"href":"https:\/\/home4you.info\/es\/wp-json\/wp\/v2\/media?parent=438369"}],"curies":[{"name":"wp","href":"https:\/\/api.w.org\/{rel}","templated":true}]}}