{"id":463863,"date":"2023-03-01T12:32:05","date_gmt":"2023-03-01T11:32:05","guid":{"rendered":"https:\/\/home4you.info\/descubre-mallorca\/"},"modified":"2025-01-06T16:01:29","modified_gmt":"2025-01-06T15:01:29","slug":"descubre-mallorca","status":"publish","type":"page","link":"https:\/\/home4you.info\/es\/para-los-interesados\/descubre-mallorca\/","title":{"rendered":"Descubre Mallorca"},"content":{"rendered":"<p><div class=\"fusion-fullwidth fullwidth-box fusion-builder-row-1 fusion-flex-container has-pattern-background has-mask-background fusion-parallax-none nonhundred-percent-fullwidth non-hundred-percent-height-scrolling lazyload\" style=\"--awb-border-radius-top-left:0px;--awb-border-radius-top-right:0px;--awb-border-radius-bottom-right:0px;--awb-border-radius-bottom-left:0px;--awb-margin-top:-2px;--awb-background-size:cover;--awb-flex-wrap:wrap;\" data-bg=\"https:\/\/home4you.info\/wp-content\/uploads\/2024\/12\/mallorca_entdecken.jpg\" ><div class=\"fusion-builder-row fusion-row fusion-flex-align-items-flex-start fusion-flex-content-wrap\" style=\"max-width:1144px;margin-left: calc(-4% \/ 2 );margin-right: calc(-4% \/ 2 );\"><div class=\"fusion-layout-column fusion_builder_column fusion-builder-column-0 fusion_builder_column_1_1 1_1 fusion-flex-column\" style=\"--awb-bg-size:cover;--awb-width-large:100%;--awb-margin-top-large:0px;--awb-spacing-right-large:1.92%;--awb-margin-bottom-large:20px;--awb-spacing-left-large:1.92%;--awb-width-medium:100%;--awb-order-medium:0;--awb-spacing-right-medium:1.92%;--awb-spacing-left-medium:1.92%;--awb-width-small:100%;--awb-order-small:0;--awb-spacing-right-small:1.92%;--awb-spacing-left-small:1.92%;\"><div class=\"fusion-column-wrapper fusion-column-has-shadow fusion-flex-justify-content-flex-start fusion-content-layout-column\"><div class=\"fusion-title title fusion-title-1 fusion-sep-none fusion-title-text fusion-title-size-one\" style=\"--awb-text-color:#ffffff;--awb-margin-top:250px;--awb-margin-bottom:300px;--awb-margin-left:50px;--awb-font-size:60px;\"><h1 class=\"fusion-title-heading title-heading-left\" style=\"margin:0;font-size:1em;text-shadow:3px 3px 3px rgba(0,0,0,0.54);\"><strong>Descubre Mallorca<\/strong><br \/>\ncon nuestro socio \u00ab<a href=\"\u00bbhttps:\/\/www.fincamallorca.de\/&quot;\">Finca Mallorca<\/a>\u00bb<\/h1><\/div><\/div><\/div><\/div><\/div><div class=\"fusion-fullwidth fullwidth-box fusion-builder-row-2 nonhundred-percent-fullwidth non-hundred-percent-height-scrolling\" style=\"--awb-border-radius-top-left:0px;--awb-border-radius-top-right:0px;--awb-border-radius-bottom-right:0px;--awb-border-radius-bottom-left:0px;--awb-flex-wrap:wrap;\" ><div class=\"fusion-builder-row fusion-row\"><div class=\"fusion-layout-column fusion_builder_column fusion-builder-column-1 fusion_builder_column_1_5 1_5 fusion-one-fifth fusion-column-first\" style=\"--awb-bg-size:cover;--awb-margin-bottom:40px;width:16.8%; margin-right: 4%;\"><div class=\"fusion-column-wrapper fusion-flex-column-wrapper-legacy\"><div class=\"fusion-text fusion-text-1\"><h2>HOME<span style=\"color: #ff9900;\">4<\/span>YOU<\/h2>\n<\/div><div class=\"fusion-sep-clear\"><\/div><div class=\"fusion-separator fusion-full-width-sep\" style=\"margin-left: auto;margin-right: auto;width:100%;\"><div class=\"fusion-separator-border sep-single sep-solid\" style=\"--awb-height:20px;--awb-amount:20px;border-color:#e0dede;border-top-width:1px;\"><\/div><\/div><div class=\"fusion-sep-clear\"><\/div><div class=\"fusion-clearfix\"><\/div><\/div><\/div><div class=\"fusion-layout-column fusion_builder_column fusion-builder-column-2 fusion_builder_column_1_1 1_1 fusion-one-full fusion-column-last\" style=\"--awb-bg-size:cover;\"><div class=\"fusion-column-wrapper fusion-flex-column-wrapper-legacy\"><div class=\"fusion-title title fusion-title-2 fusion-sep-none fusion-title-text fusion-title-size-one\"><h1 class=\"fusion-title-heading title-heading-left\" style=\"margin:0;\">Descubre Mallorca<\/h1><\/div><div class=\"fusion-builder-row fusion-builder-row-inner fusion-row\"><div class=\"fusion-layout-column fusion_builder_column_inner fusion-builder-nested-column-0 fusion_builder_column_inner_1_3 1_3 fusion-one-third fusion-column-first\" style=\"--awb-bg-size:cover;width:33.333333333333%;width:calc(33.333333333333% - ( ( 4% + 4% ) * 0.33333333333333 ) );margin-right: 4%;\"><div class=\"fusion-column-wrapper fusion-flex-column-wrapper-legacy\"><div class=\"fusion-text fusion-text-2\"><p>Enhorabuena. Ha decidido invertir en una propiedad en Mallorca y ahora tambi\u00e9n est\u00e1 tomando la decisi\u00f3n de si prefiere vivir en una animada zona de playa, en el centro m\u00e1s tranquilo de la isla o en los alrededores de un pintoresco pueblo de monta\u00f1a.<\/p>\n<p><strong>Mallorca tiene muchas caras diferentes y un sinf\u00edn de cosas que ofrecer.<\/strong><\/p>\n<p>Encuentra la regi\u00f3n adecuada con home4you.<\/p>\n<p><strong>Home4you y Finca Mallorca<\/strong> le invitan juntos a encontrar la regi\u00f3n adecuada en \u00abla isla m\u00e1s bonita del mundo\u00bb. Para ello hemos organizado precios individuales para usted, para que pueda conocer su regi\u00f3n deseada, la gente, bares y restaurantes y las distancias y luego encontrar la propiedad adecuada con nosotros.<\/p>\n<\/div><div class=\"fusion-clearfix\"><\/div><\/div><\/div><div class=\"fusion-layout-column fusion_builder_column_inner fusion-builder-nested-column-1 fusion_builder_column_inner_1_3 1_3 fusion-one-third\" style=\"--awb-bg-size:cover;width:33.333333333333%;width:calc(33.333333333333% - ( ( 4% + 4% ) * 0.33333333333333 ) );margin-right: 4%;\"><div class=\"fusion-column-wrapper fusion-flex-column-wrapper-legacy\"><div class=\"fusion-text fusion-text-3\"><p><strong>Nuestro socio <a href=\"https:\/\/www.fincamallorca.de\/\" target=\"_blank\" rel=\"noopener noreferrer\">Finca Mallorca<\/a><\/strong> se dedica desde hace 28 a\u00f1os a la intermediaci\u00f3n de fincas vacacionales individuales en Mallorca. Su propietaria y gerente, Susanne Jachmich, fund\u00f3 la empresa en 1994 y fue una de las primeras en especializarse en la intermediaci\u00f3n de casas de vacaciones en Mallorca.<\/p>\n<p>La oferta incluye alrededor de 250 fincas individuales y casas de vacaciones de diferentes tama\u00f1os, clases de equipamiento y categor\u00edas de precios, bien distribuidas por toda la isla.<\/p>\n<\/div><div class=\"fusion-image-element in-legacy-container\" style=\"--awb-caption-title-font-family:var(--h2_typography-font-family);--awb-caption-title-font-weight:var(--h2_typography-font-weight);--awb-caption-title-font-style:var(--h2_typography-font-style);--awb-caption-title-size:var(--h2_typography-font-size);--awb-caption-title-transform:var(--h2_typography-text-transform);--awb-caption-title-line-height:var(--h2_typography-line-height);--awb-caption-title-letter-spacing:var(--h2_typography-letter-spacing);\"><span class=\" fusion-imageframe imageframe-none imageframe-1 hover-type-none\"><img decoding=\"async\" width=\"682\" height=\"682\" alt=\"Teamfoto Susanne\" title=\"Susanne_1594_web1\" src=\"https:\/\/home4you.info\/wp-content\/uploads\/2023\/03\/Susanne_1594_web1.jpg\" data-orig-src=\"https:\/\/home4you.info\/wp-content\/uploads\/2023\/03\/Susanne_1594_web1.jpg\" class=\"lazyload img-responsive wp-image-463676\" srcset=\"data:image\/svg+xml,%3Csvg%20xmlns%3D%27http%3A%2F%2Fwww.w3.org%2F2000%2Fsvg%27%20width%3D%27682%27%20height%3D%27682%27%20viewBox%3D%270%200%20682%20682%27%3E%3Crect%20width%3D%27682%27%20height%3D%27682%27%20fill-opacity%3D%220%22%2F%3E%3C%2Fsvg%3E\" data-srcset=\"https:\/\/home4you.info\/wp-content\/uploads\/2023\/03\/Susanne_1594_web1-200x200.jpg 200w, https:\/\/home4you.info\/wp-content\/uploads\/2023\/03\/Susanne_1594_web1-400x400.jpg 400w, https:\/\/home4you.info\/wp-content\/uploads\/2023\/03\/Susanne_1594_web1-600x600.jpg 600w, https:\/\/home4you.info\/wp-content\/uploads\/2023\/03\/Susanne_1594_web1.jpg 682w\" data-sizes=\"auto\" data-orig-sizes=\"(max-width: 800px) 100vw, 400px\" \/><\/span><\/div><div class=\"fusion-clearfix\"><\/div><\/div><\/div><div class=\"fusion-layout-column fusion_builder_column_inner fusion-builder-nested-column-2 fusion_builder_column_inner_1_3 1_3 fusion-one-third fusion-column-last\" style=\"--awb-bg-size:cover;width:33.333333333333%;width:calc(33.333333333333% - ( ( 4% + 4% ) * 0.33333333333333 ) );\"><div class=\"fusion-column-wrapper fusion-flex-column-wrapper-legacy\"><div class=\"fusion-text fusion-text-4\"><p>Finca Mallorca conoce personalmente todos los alojamientos y se complace en ofrecerle un asesoramiento detallado e individualizado. \u00bfEs usted una persona familiar o un esteta que concede gran importancia al ambiente o un rom\u00e1ntico que prefiere contemplar la lejan\u00eda? Eso es exactamente lo que el personal ha estado pensando <strong>y estar\u00e1 encantado de recomendarle el lugar adecuado para su viaje personal de descubrimiento de Mallorca.<\/strong><\/p>\n<p><strong>Reserve ya<\/strong><br \/>\n<strong>su viaje de descubrimiento de Mallorca ahora.<\/strong><\/p>\n<\/div><div class=\"fusion-image-element in-legacy-container\" style=\"--awb-caption-title-font-family:var(--h2_typography-font-family);--awb-caption-title-font-weight:var(--h2_typography-font-weight);--awb-caption-title-font-style:var(--h2_typography-font-style);--awb-caption-title-size:var(--h2_typography-font-size);--awb-caption-title-transform:var(--h2_typography-text-transform);--awb-caption-title-line-height:var(--h2_typography-line-height);--awb-caption-title-letter-spacing:var(--h2_typography-letter-spacing);\"><span class=\" fusion-imageframe imageframe-none imageframe-2 hover-type-none\"><a class=\"fusion-no-lightbox\" href=\"https:\/\/www.fincamallorca.de\/\" target=\"_blank\" aria-label=\"Logo-PNG-gro\u00df\" rel=\"noopener noreferrer\"><img decoding=\"async\" width=\"3639\" height=\"2983\" alt=\"Descubra Mallorca ahora\" src=\"https:\/\/home4you.info\/wp-content\/uploads\/2023\/03\/Logo-PNG-gro\u00df.jpg\" data-orig-src=\"https:\/\/home4you.info\/wp-content\/uploads\/2023\/03\/Logo-PNG-gro\u00df.jpg\" class=\"lazyload img-responsive wp-image-463679\" srcset=\"data:image\/svg+xml,%3Csvg%20xmlns%3D%27http%3A%2F%2Fwww.w3.org%2F2000%2Fsvg%27%20width%3D%273639%27%20height%3D%272983%27%20viewBox%3D%270%200%203639%202983%27%3E%3Crect%20width%3D%273639%27%20height%3D%272983%27%20fill-opacity%3D%220%22%2F%3E%3C%2Fsvg%3E\" data-srcset=\"https:\/\/home4you.info\/wp-content\/uploads\/2023\/03\/Logo-PNG-gro\u00df-200x164.jpg 200w, https:\/\/home4you.info\/wp-content\/uploads\/2023\/03\/Logo-PNG-gro\u00df-400x328.jpg 400w, https:\/\/home4you.info\/wp-content\/uploads\/2023\/03\/Logo-PNG-gro\u00df-600x492.jpg 600w, https:\/\/home4you.info\/wp-content\/uploads\/2023\/03\/Logo-PNG-gro\u00df-800x656.jpg 800w, https:\/\/home4you.info\/wp-content\/uploads\/2023\/03\/Logo-PNG-gro\u00df-1200x984.jpg 1200w, https:\/\/home4you.info\/wp-content\/uploads\/2023\/03\/Logo-PNG-gro\u00df.jpg 3639w\" data-sizes=\"auto\" data-orig-sizes=\"(max-width: 800px) 100vw, 400px\" \/><\/a><\/span><\/div><div class=\"fusion-clearfix\"><\/div><\/div><\/div><\/div><div class=\"fusion-clearfix\"><\/div><\/div><\/div><\/div><\/div><div class=\"fusion-fullwidth fullwidth-box fusion-builder-row-3 fusion-flex-container fusion-parallax-none nonhundred-percent-fullwidth non-hundred-percent-height-scrolling lazyload\" style=\"--awb-border-radius-top-left:0px;--awb-border-radius-top-right:0px;--awb-border-radius-bottom-right:0px;--awb-border-radius-bottom-left:0px;--awb-padding-top:154px;--awb-padding-bottom:315px;--awb-margin-bottom:-80px;--awb-background-size:cover;--awb-flex-wrap:wrap;\" data-bg=\"https:\/\/home4you.info\/wp-content\/uploads\/2023\/03\/AdobeStock_186715968.jpg\" ><div class=\"fusion-builder-row fusion-row fusion-flex-align-items-flex-start fusion-flex-content-wrap\" style=\"max-width:1144px;margin-left: calc(-4% \/ 2 );margin-right: calc(-4% \/ 2 );\"><div class=\"fusion-layout-column fusion_builder_column fusion-builder-column-3 fusion_builder_column_1_1 1_1 fusion-flex-column\" style=\"--awb-padding-top:27px;--awb-bg-color:rgba(0,0,0,0.64);--awb-bg-color-hover:rgba(0,0,0,0.64);--awb-bg-size:cover;--awb-width-large:100%;--awb-margin-top-large:0px;--awb-spacing-right-large:1.92%;--awb-margin-bottom-large:20px;--awb-spacing-left-large:1.92%;--awb-width-medium:100%;--awb-order-medium:0;--awb-spacing-right-medium:1.92%;--awb-spacing-left-medium:1.92%;--awb-width-small:100%;--awb-order-small:0;--awb-spacing-right-small:1.92%;--awb-spacing-left-small:1.92%;\"><div class=\"fusion-column-wrapper fusion-column-has-shadow fusion-flex-justify-content-flex-start fusion-content-layout-column\"><div class=\"fusion-text fusion-text-5\"><h1 class=\"fusion-responsive-typography-calculated\" style=\"text-align: center; --fontsize: 34; line-height: 1.5;\" data-fontsize=\"34\" data-lineheight=\"51px\"><span style=\"color: #ffcc00;\"><strong>\u00bfLe interesa esta oferta?<\/strong><\/span><\/h1>\n<div style=\"text-align: center;\"><strong><span style=\"color: #ffffff; font-family: var(--body_typography-font-family); font-size: var(--body_typography-font-size); font-style: var(--body_typography-font-style,normal); letter-spacing: var(--body_typography-letter-spacing);\">Entonces no dude en ponerse en contacto con nosotros.<\/span><\/strong><\/div>\n<div style=\"text-align: center;\"><strong><span style=\"font-family: var(--body_typography-font-family); font-size: var(--body_typography-font-size); font-style: var(--body_typography-font-style,normal); letter-spacing: var(--body_typography-letter-spacing); color: #ffffff;\">Le mantendremos regularmente informado sobre el proyecto para que no se pierda ninguna novedad.<\/span><\/strong><\/div>\n<\/div><div class=\"fusion-content-boxes content-boxes columns row fusion-columns-2 fusion-columns-total-2 fusion-content-boxes-1 content-boxes-clean-vertical content-left content-boxes-icon-on-top fusion-delayed-animation\" style=\"--awb-body-color:#ffffff;--awb-title-color:#ffffff;--awb-margin-top:0px;--awb-margin-bottom:0px;--awb-hover-accent-color:#ffc107;--awb-circle-hover-accent-color:#ffc107;\" data-animation-delay=\"300\" data-animationOffset=\"top-into-view\"><div style=\"--awb-backgroundcolor:rgba(255,255,255,0);border-color:rgba(255,255,255,0);\" class=\"fusion-column content-box-column content-box-column content-box-column-1 col-lg-6 col-md-6 col-sm-6 fusion-content-box-hover content-box-column-first-in-row\"><div class=\"col content-box-wrapper content-wrapper link-area-box icon-hover-animation-pulsate fusion-animated\" data-animationType=\"fadeInDown\" data-animationDuration=\"0.7\" data-animationOffset=\"top-into-view\"><div class=\"heading heading-with-icon icon-left\"><div class=\"icon\" style=\"-webkit-animation-duration: 300ms;animation-duration: 300ms;\"><i style=\"border-color:#ff9800;border-width:0px;background-color:#ffc107;box-sizing:content-box;height:124px;width:124px;line-height:124px;border-radius:50%;font-size:62px;\" aria-hidden=\"true\" class=\"fontawesome-icon fa-phone fas circle-yes\"><\/i><\/div><h2 class=\"content-box-heading\" style=\"--h2_typography-font-size:32px;line-height:37px;\">Hotline<\/h2><\/div><div class=\"fusion-clearfix\"><\/div><div class=\"content-container\">\n<h2><span style=\"color: #ffffff;\"><strong>+49 221\u2013 33 96 30 20<\/strong><\/span><\/h2>\n<h4><\/h4>\n<\/div><\/div><\/div><div style=\"--awb-backgroundcolor:rgba(255,255,255,0);border-color:rgba(255,255,255,0);\" class=\"fusion-column content-box-column content-box-column content-box-column-2 col-lg-6 col-md-6 col-sm-6 fusion-content-box-hover content-box-column-last content-box-column-last-in-row\"><div class=\"col content-box-wrapper content-wrapper link-area-box link-type-text icon-hover-animation-pulsate fusion-animated\" data-link=\"mailto:info@home4you.info?subject=Finca%20Mallorca%20Kooperation%20Spanisch\" data-link-target=\"_blank\" data-animationType=\"fadeInDown\" data-animationDuration=\"0.7\" data-animationOffset=\"top-into-view\"><div class=\"heading heading-with-icon icon-left\"><a class=\"heading-link\" href=\"mailto:info@home4you.info?subject=Finca%20Mallorca%20Kooperation%20Spanisch\" target=\"_blank\" rel=\"noopener noreferrer\"><div class=\"icon\" style=\"-webkit-animation-duration: 300ms;animation-duration: 300ms;\"><i style=\"border-color:#ff9800;border-width:0px;background-color:#ffc107;box-sizing:content-box;height:124px;width:124px;line-height:124px;border-radius:50%;font-size:62px;\" aria-hidden=\"true\" class=\"fontawesome-icon fa-envelope fas circle-yes\"><\/i><\/div><h2 class=\"content-box-heading\" style=\"--h2_typography-font-size:32px;line-height:37px;\">E-Mail<\/h2><\/a><\/div><div class=\"fusion-clearfix\"><\/div><div class=\"content-container\">\n\u00bfQuiere m\u00e1s informaci\u00f3n?<br \/>\nEnv\u00edenos un breve correo electr\u00f3nico.<\/div><div class=\"fusion-clearfix\"><\/div><a class=\" fusion-read-more\" href=\"mailto:info@home4you.info?subject=Finca%20Mallorca%20Kooperation%20Spanisch\" target=\"_blank\" rel=\"noopener noreferrer\">E-Mail<\/a><div class=\"fusion-clearfix\"><\/div><\/div><\/div><div class=\"fusion-clearfix\"><\/div><\/div><\/div><\/div><\/div><\/div>\n<\/p>\n","protected":false},"excerpt":{"rendered":"","protected":false},"author":1,"featured_media":0,"parent":438369,"menu_order":5,"comment_status":"closed","ping_status":"closed","template":"100-width.php","meta":{"footnotes":""},"class_list":["post-463863","page","type-page","status-publish","hentry"],"yoast_head":"<!-- This site is optimized with the Yoast SEO plugin v26.8 - https:\/\/yoast.com\/product\/yoast-seo-wordpress\/ -->\n<title>Descubre Mallorca | home4you<\/title>\n<meta name=\"robots\" content=\"index, follow, max-snippet:-1, max-image-preview:large, max-video-preview:-1\" \/>\n<link rel=\"canonical\" href=\"https:\/\/home4you.info\/es\/para-los-interesados\/descubre-mallorca\/\" \/>\n<meta property=\"og:locale\" content=\"es_ES\" \/>\n<meta property=\"og:type\" content=\"article\" \/>\n<meta property=\"og:title\" content=\"Descubre Mallorca | home4you\" \/>\n<meta property=\"og:url\" content=\"https:\/\/home4you.info\/es\/para-los-interesados\/descubre-mallorca\/\" \/>\n<meta property=\"og:site_name\" content=\"home4you\" \/>\n<meta property=\"article:publisher\" content=\"https:\/\/www.facebook.com\/profile.php?id=100058838386052\" \/>\n<meta property=\"article:modified_time\" content=\"2025-01-06T15:01:29+00:00\" \/>\n<meta name=\"twitter:card\" content=\"summary_large_image\" \/>\n<meta name=\"twitter:label1\" content=\"Tiempo de lectura\" \/>\n\t<meta name=\"twitter:data1\" content=\"5 minutos\" \/>\n<script type=\"application\/ld+json\" class=\"yoast-schema-graph\">{\"@context\":\"https:\/\/schema.org\",\"@graph\":[{\"@type\":\"WebPage\",\"@id\":\"https:\/\/home4you.info\/es\/para-los-interesados\/descubre-mallorca\/\",\"url\":\"https:\/\/home4you.info\/es\/para-los-interesados\/descubre-mallorca\/\",\"name\":\"Descubre Mallorca | home4you\",\"isPartOf\":{\"@id\":\"https:\/\/home4you.info\/es\/#website\"},\"datePublished\":\"2023-03-01T11:32:05+00:00\",\"dateModified\":\"2025-01-06T15:01:29+00:00\",\"breadcrumb\":{\"@id\":\"https:\/\/home4you.info\/es\/para-los-interesados\/descubre-mallorca\/#breadcrumb\"},\"inLanguage\":\"es\",\"potentialAction\":[{\"@type\":\"ReadAction\",\"target\":[\"https:\/\/home4you.info\/es\/para-los-interesados\/descubre-mallorca\/\"]}]},{\"@type\":\"BreadcrumbList\",\"@id\":\"https:\/\/home4you.info\/es\/para-los-interesados\/descubre-mallorca\/#breadcrumb\",\"itemListElement\":[{\"@type\":\"ListItem\",\"position\":1,\"name\":\"Startseite\",\"item\":\"https:\/\/home4you.info\/es\/home\/\"},{\"@type\":\"ListItem\",\"position\":2,\"name\":\"Para los interesados\",\"item\":\"https:\/\/home4you.info\/es\/para-los-interesados\/\"},{\"@type\":\"ListItem\",\"position\":3,\"name\":\"Descubre Mallorca\"}]},{\"@type\":\"WebSite\",\"@id\":\"https:\/\/home4you.info\/es\/#website\",\"url\":\"https:\/\/home4you.info\/es\/\",\"name\":\"home4you\",\"description\":\"modern home \u2013 modern living\",\"publisher\":{\"@id\":\"https:\/\/home4you.info\/es\/#organization\"},\"potentialAction\":[{\"@type\":\"SearchAction\",\"target\":{\"@type\":\"EntryPoint\",\"urlTemplate\":\"https:\/\/home4you.info\/es\/?s={search_term_string}\"},\"query-input\":{\"@type\":\"PropertyValueSpecification\",\"valueRequired\":true,\"valueName\":\"search_term_string\"}}],\"inLanguage\":\"es\"},{\"@type\":\"Organization\",\"@id\":\"https:\/\/home4you.info\/es\/#organization\",\"name\":\"home4you\",\"url\":\"https:\/\/home4you.info\/es\/\",\"logo\":{\"@type\":\"ImageObject\",\"inLanguage\":\"es\",\"@id\":\"https:\/\/home4you.info\/es\/#\/schema\/logo\/image\/\",\"url\":\"https:\/\/home4you.info\/wp-content\/uploads\/2021\/10\/03logo3.png\",\"contentUrl\":\"https:\/\/home4you.info\/wp-content\/uploads\/2021\/10\/03logo3.png\",\"width\":398,\"height\":274,\"caption\":\"home4you\"},\"image\":{\"@id\":\"https:\/\/home4you.info\/es\/#\/schema\/logo\/image\/\"},\"sameAs\":[\"https:\/\/www.facebook.com\/profile.php?id=100058838386052\",\"https:\/\/www.instagram.com\/home4you_immobilien\/\"]}]}<\/script>\n<!-- \/ Yoast SEO plugin. -->","yoast_head_json":{"title":"Descubre Mallorca | home4you","robots":{"index":"index","follow":"follow","max-snippet":"max-snippet:-1","max-image-preview":"max-image-preview:large","max-video-preview":"max-video-preview:-1"},"canonical":"https:\/\/home4you.info\/es\/para-los-interesados\/descubre-mallorca\/","og_locale":"es_ES","og_type":"article","og_title":"Descubre Mallorca | home4you","og_url":"https:\/\/home4you.info\/es\/para-los-interesados\/descubre-mallorca\/","og_site_name":"home4you","article_publisher":"https:\/\/www.facebook.com\/profile.php?id=100058838386052","article_modified_time":"2025-01-06T15:01:29+00:00","twitter_card":"summary_large_image","twitter_misc":{"Tiempo de lectura":"5 minutos"},"schema":{"@context":"https:\/\/schema.org","@graph":[{"@type":"WebPage","@id":"https:\/\/home4you.info\/es\/para-los-interesados\/descubre-mallorca\/","url":"https:\/\/home4you.info\/es\/para-los-interesados\/descubre-mallorca\/","name":"Descubre Mallorca | home4you","isPartOf":{"@id":"https:\/\/home4you.info\/es\/#website"},"datePublished":"2023-03-01T11:32:05+00:00","dateModified":"2025-01-06T15:01:29+00:00","breadcrumb":{"@id":"https:\/\/home4you.info\/es\/para-los-interesados\/descubre-mallorca\/#breadcrumb"},"inLanguage":"es","potentialAction":[{"@type":"ReadAction","target":["https:\/\/home4you.info\/es\/para-los-interesados\/descubre-mallorca\/"]}]},{"@type":"BreadcrumbList","@id":"https:\/\/home4you.info\/es\/para-los-interesados\/descubre-mallorca\/#breadcrumb","itemListElement":[{"@type":"ListItem","position":1,"name":"Startseite","item":"https:\/\/home4you.info\/es\/home\/"},{"@type":"ListItem","position":2,"name":"Para los interesados","item":"https:\/\/home4you.info\/es\/para-los-interesados\/"},{"@type":"ListItem","position":3,"name":"Descubre Mallorca"}]},{"@type":"WebSite","@id":"https:\/\/home4you.info\/es\/#website","url":"https:\/\/home4you.info\/es\/","name":"home4you","description":"modern home \u2013 modern living","publisher":{"@id":"https:\/\/home4you.info\/es\/#organization"},"potentialAction":[{"@type":"SearchAction","target":{"@type":"EntryPoint","urlTemplate":"https:\/\/home4you.info\/es\/?s={search_term_string}"},"query-input":{"@type":"PropertyValueSpecification","valueRequired":true,"valueName":"search_term_string"}}],"inLanguage":"es"},{"@type":"Organization","@id":"https:\/\/home4you.info\/es\/#organization","name":"home4you","url":"https:\/\/home4you.info\/es\/","logo":{"@type":"ImageObject","inLanguage":"es","@id":"https:\/\/home4you.info\/es\/#\/schema\/logo\/image\/","url":"https:\/\/home4you.info\/wp-content\/uploads\/2021\/10\/03logo3.png","contentUrl":"https:\/\/home4you.info\/wp-content\/uploads\/2021\/10\/03logo3.png","width":398,"height":274,"caption":"home4you"},"image":{"@id":"https:\/\/home4you.info\/es\/#\/schema\/logo\/image\/"},"sameAs":["https:\/\/www.facebook.com\/profile.php?id=100058838386052","https:\/\/www.instagram.com\/home4you_immobilien\/"]}]}},"_links":{"self":[{"href":"https:\/\/home4you.info\/es\/wp-json\/wp\/v2\/pages\/463863","targetHints":{"allow":["GET"]}}],"collection":[{"href":"https:\/\/home4you.info\/es\/wp-json\/wp\/v2\/pages"}],"about":[{"href":"https:\/\/home4you.info\/es\/wp-json\/wp\/v2\/types\/page"}],"author":[{"embeddable":true,"href":"https:\/\/home4you.info\/es\/wp-json\/wp\/v2\/users\/1"}],"replies":[{"embeddable":true,"href":"https:\/\/home4you.info\/es\/wp-json\/wp\/v2\/comments?post=463863"}],"version-history":[{"count":0,"href":"https:\/\/home4you.info\/es\/wp-json\/wp\/v2\/pages\/463863\/revisions"}],"up":[{"embeddable":true,"href":"https:\/\/home4you.info\/es\/wp-json\/wp\/v2\/pages\/438369"}],"wp:attachment":[{"href":"https:\/\/home4you.info\/es\/wp-json\/wp\/v2\/media?parent=463863"}],"curies":[{"name":"wp","href":"https:\/\/api.w.org\/{rel}","templated":true}]}}