{"id":477819,"date":"2023-06-12T14:57:09","date_gmt":"2023-06-12T12:57:09","guid":{"rendered":"https:\/\/home4you.info\/?page_id=477819"},"modified":"2023-06-12T14:57:13","modified_gmt":"2023-06-12T12:57:13","slug":"alquilar-una-vivienda","status":"publish","type":"page","link":"https:\/\/home4you.info\/es\/para-los-propietarios\/alquilar-una-vivienda\/","title":{"rendered":"Alquilar una vivienda"},"content":{"rendered":"<div class=\"fusion-fullwidth fullwidth-box fusion-builder-row-1 nonhundred-percent-fullwidth non-hundred-percent-height-scrolling\" style=\"--awb-border-radius-top-left:0px;--awb-border-radius-top-right:0px;--awb-border-radius-bottom-right:0px;--awb-border-radius-bottom-left:0px;--awb-flex-wrap:wrap;\" ><div class=\"fusion-builder-row fusion-row\"><div class=\"fusion-layout-column fusion_builder_column fusion-builder-column-0 fusion_builder_column_1_1 1_1 fusion-one-full fusion-column-first fusion-column-last\" style=\"--awb-bg-size:cover;\"><div class=\"fusion-column-wrapper fusion-flex-column-wrapper-legacy\"><div class=\"fusion-text fusion-text-1\"><h1>Alquilar con \u00e9xito con home4you<\/h1>\n<p>Como agentes inmobiliarios para Colonia y Mallorca, le ofrecemos servicios integrales para alquilar con \u00e9xito su propiedad. Sabemos que alquilar una casa o un piso puede ser un gran reto y le apoyamos con un amplio asesoramiento, as\u00ed como numerosos servicios para que el proceso de alquiler sea lo m\u00e1s f\u00e1cil y fluido posible.<\/p>\n<\/div><div class=\"fusion-text fusion-text-2\"><h2>Determinaci\u00f3n de un precio de alquiler acorde con el mercado<\/h2>\n<p>Para su propiedad, primero determinamos un precio de alquiler acorde con el mercado que sea atractivo tanto para usted como propietario como para los posibles inquilinos. De este modo, puede estar seguro de que su propiedad se alquilar\u00e1 r\u00e1pidamente y no perder\u00e1 ingresos por alquiler.<\/p>\n<h2>Mediaci\u00f3n de proveedores de servicios de nuestra red de socios<\/h2>\n<p>\u00bfDesea realizar mejoras en su casa o piso antes de alquilarlo? home4you se encargar\u00e1 de ello y le pondr\u00e1 en contacto con proveedores de servicios fiables de nuestra red. Ya sea artesano, notario, arquitecto o asesor energ\u00e9tico: \u00a1conocemos al socio adecuado!<\/p>\n<h2>Presentaci\u00f3n inmobiliaria y preparaci\u00f3n de exposiciones<\/h2>\n<p>Como parte de nuestro servicio, creamos visitas virtuales, fotos a\u00e9reas y fotos profesionales para presentar su propiedad de la mejor manera posible. Esto permite a los posibles inquilinos hacerse una idea exacta de antemano y considerar si la casa o el piso es adecuado para ellos. Combinamos las fotos y los recorridos con textos descriptivos detallados en una exposici\u00f3n informativa dirigida al grupo objetivo. Adem\u00e1s, tambi\u00e9n ofrecemos servicios de homestaging para sacar el m\u00e1ximo partido a su propiedad. Se trata de amueblar y decorar el inmueble de forma que resulte especialmente atractivo para los posibles inquilinos. Por supuesto, esto tambi\u00e9n es posible de forma digital, en cuyo caso sus inquilinos potenciales lo ver\u00e1n en la exposici\u00f3n y ser\u00e1 una alternativa econ\u00f3mica.<\/p>\n<\/div><div class=\"fusion-image-element in-legacy-container\" style=\"--awb-caption-title-font-family:var(--h2_typography-font-family);--awb-caption-title-font-weight:var(--h2_typography-font-weight);--awb-caption-title-font-style:var(--h2_typography-font-style);--awb-caption-title-size:var(--h2_typography-font-size);--awb-caption-title-transform:var(--h2_typography-text-transform);--awb-caption-title-line-height:var(--h2_typography-line-height);--awb-caption-title-letter-spacing:var(--h2_typography-letter-spacing);\"><span class=\" fusion-imageframe imageframe-none imageframe-1 hover-type-none\"><img decoding=\"async\" width=\"1200\" height=\"800\" alt=\"Paar in Businesskleidung l\u00e4sst sich von einer Frau beraten\" title=\"Erfolgreiche Immobilienvermietung mit home4you\" src=\"https:\/\/home4you.info\/wp-content\/uploads\/2023\/06\/beratung-paar_sk.jpeg\" data-orig-src=\"https:\/\/home4you.info\/wp-content\/uploads\/2023\/06\/beratung-paar_sk.jpeg\" class=\"lazyload img-responsive wp-image-477792\" srcset=\"data:image\/svg+xml,%3Csvg%20xmlns%3D%27http%3A%2F%2Fwww.w3.org%2F2000%2Fsvg%27%20width%3D%271200%27%20height%3D%27800%27%20viewBox%3D%270%200%201200%20800%27%3E%3Crect%20width%3D%271200%27%20height%3D%27800%27%20fill-opacity%3D%220%22%2F%3E%3C%2Fsvg%3E\" data-srcset=\"https:\/\/home4you.info\/wp-content\/uploads\/2023\/06\/beratung-paar_sk-200x133.jpeg 200w, https:\/\/home4you.info\/wp-content\/uploads\/2023\/06\/beratung-paar_sk-400x267.jpeg 400w, https:\/\/home4you.info\/wp-content\/uploads\/2023\/06\/beratung-paar_sk-600x400.jpeg 600w, https:\/\/home4you.info\/wp-content\/uploads\/2023\/06\/beratung-paar_sk-800x533.jpeg 800w, https:\/\/home4you.info\/wp-content\/uploads\/2023\/06\/beratung-paar_sk.jpeg 1200w\" data-sizes=\"auto\" data-orig-sizes=\"(max-width: 800px) 100vw, 1200px\" \/><\/span><\/div><div class=\"fusion-sep-clear\"><\/div><div class=\"fusion-separator fusion-full-width-sep\" style=\"margin-left: auto;margin-right: auto;margin-bottom:10px;width:100%;\"><\/div><div class=\"fusion-sep-clear\"><\/div><div class=\"fusion-text fusion-text-3\"><h2>Preparaci\u00f3n de un certificado energ\u00e9tico y organizaci\u00f3n de los documentos pertinentes<\/h2>\n<p>Como arrendador, tiene la obligaci\u00f3n legal de preparar un certificado energ\u00e9tico para el inmueble. Le ofrecemos asesoramiento competente y apoyo en la preparaci\u00f3n del certificado. Este certifica los requisitos energ\u00e9ticos y la rentabilidad de su propiedad y a menudo sirve de base para la toma de decisiones de los posibles inquilinos.<\/p>\n<p>Adem\u00e1s del certificado energ\u00e9tico, tambi\u00e9n necesitar\u00e1 otros documentos, como el plano de la vivienda, el mapa catastral o el c\u00e1lculo de la superficie habitable en caso de alquiler. Estaremos encantados de organizar estos documentos para usted como parte de nuestro paquete de servicios.<\/p>\n<h2>Comprobaci\u00f3n del cr\u00e9dito de los posibles inquilinos<\/h2>\n<p>La solvencia de sus posibles inquilinos es un requisito esencial para la rentabilidad de su propiedad. Esto garantiza que tanto nosotros como usted trabajemos \u00fanicamente con inquilinos fiables y solventes y que no tenga que preocuparse por impagos de alquiler.<\/p>\n<p><strong>Nuestro consejo:<\/strong> Por supuesto, como parte de nuestro paquete de servicios, tambi\u00e9n organizamos y llevamos a cabo citas de visita con posibles inquilinos.<\/p>\n<h2>Preparaci\u00f3n del contrato de arrendamiento<\/h2>\n<p>Gerne \u00fcbernehmen wir f\u00fcr Sie auch die Vorbereitung des Mietvertrags und sorgen daf\u00fcr, dass s\u00e4mtliche relevanten Aspekte und Klauseln darin enthalten sind. Auf diese Weise k\u00f6nnen Sie sicher sein, dass der Mietvertrag in rechtlicher Hinsicht einwandfrei ist.<\/p>\n<h2>Gesti\u00f3n de su propiedad<\/h2>\n<p>Incluso despu\u00e9s de alquilar con \u00e9xito, seguimos a su disposici\u00f3n. Nos encargamos de la gesti\u00f3n de su casa o piso y, si es necesario, asumimos directamente un nuevo alquiler.<\/p>\n<\/div><div class=\"fusion-image-element in-legacy-container\" style=\"--awb-caption-title-font-family:var(--h2_typography-font-family);--awb-caption-title-font-weight:var(--h2_typography-font-weight);--awb-caption-title-font-style:var(--h2_typography-font-style);--awb-caption-title-size:var(--h2_typography-font-size);--awb-caption-title-transform:var(--h2_typography-text-transform);--awb-caption-title-line-height:var(--h2_typography-line-height);--awb-caption-title-letter-spacing:var(--h2_typography-letter-spacing);\"><span class=\" fusion-imageframe imageframe-none imageframe-2 hover-type-none\"><img decoding=\"async\" width=\"1200\" height=\"800\" alt=\"Gl\u00fcckliches Paar h\u00e4lt Wohnungsschl\u00fcssel\" title=\"Immobilie vermieten leicht gemacht mit home4you\" src=\"https:\/\/home4you.info\/wp-content\/uploads\/2023\/06\/paar-schluessel_sk.jpeg\" data-orig-src=\"https:\/\/home4you.info\/wp-content\/uploads\/2023\/06\/paar-schluessel_sk.jpeg\" class=\"lazyload img-responsive wp-image-477794\" srcset=\"data:image\/svg+xml,%3Csvg%20xmlns%3D%27http%3A%2F%2Fwww.w3.org%2F2000%2Fsvg%27%20width%3D%271200%27%20height%3D%27800%27%20viewBox%3D%270%200%201200%20800%27%3E%3Crect%20width%3D%271200%27%20height%3D%27800%27%20fill-opacity%3D%220%22%2F%3E%3C%2Fsvg%3E\" data-srcset=\"https:\/\/home4you.info\/wp-content\/uploads\/2023\/06\/paar-schluessel_sk-200x133.jpeg 200w, https:\/\/home4you.info\/wp-content\/uploads\/2023\/06\/paar-schluessel_sk-400x267.jpeg 400w, https:\/\/home4you.info\/wp-content\/uploads\/2023\/06\/paar-schluessel_sk-600x400.jpeg 600w, https:\/\/home4you.info\/wp-content\/uploads\/2023\/06\/paar-schluessel_sk-800x533.jpeg 800w, https:\/\/home4you.info\/wp-content\/uploads\/2023\/06\/paar-schluessel_sk.jpeg 1200w\" data-sizes=\"auto\" data-orig-sizes=\"(max-width: 800px) 100vw, 1200px\" \/><\/span><\/div><div class=\"fusion-sep-clear\"><\/div><div class=\"fusion-separator fusion-full-width-sep\" style=\"margin-left: auto;margin-right: auto;margin-bottom:10px;width:100%;\"><\/div><div class=\"fusion-sep-clear\"><\/div><div class=\"fusion-text fusion-text-4\"><h2>Alquiler relajado con nosotros<\/h2>\n<p>Si nos encarga a home4you el alquiler de su casa o piso, puede sentarse y relajarse. Como profesionales, le ofrecemos un amplio paquete de servicios con soluciones individuales y le ayudamos a elegir al inquilino adecuado. Conf\u00ede en nuestra experiencia y ll\u00e1menos hoy mismo para obtener m\u00e1s informaci\u00f3n sobre nuestros servicios.<\/p>\n<\/div><div class=\"fusion-clearfix\"><\/div><\/div><\/div><\/div><\/div>\n","protected":false},"excerpt":{"rendered":"","protected":false},"author":3,"featured_media":0,"parent":438356,"menu_order":1,"comment_status":"closed","ping_status":"closed","template":"100-width.php","meta":{"footnotes":""},"class_list":["post-477819","page","type-page","status-publish","hentry"],"yoast_head":"<!-- This site is optimized with the Yoast SEO plugin v26.8 - https:\/\/yoast.com\/product\/yoast-seo-wordpress\/ -->\n<title>\u00c9xito del alquiler de inmuebles en Colonia y Mallorca<\/title>\n<meta name=\"description\" content=\"Le ayudamos a alquilar su vivienda con numerosos servicios. \u00bfHemos despertado su inter\u00e9s? P\u00f3ngase en contacto con nosotros.\" \/>\n<meta name=\"robots\" content=\"index, follow, max-snippet:-1, max-image-preview:large, max-video-preview:-1\" \/>\n<link rel=\"canonical\" href=\"https:\/\/home4you.info\/es\/para-los-propietarios\/alquilar-una-vivienda\/\" \/>\n<meta property=\"og:locale\" content=\"es_ES\" \/>\n<meta property=\"og:type\" content=\"article\" \/>\n<meta property=\"og:title\" content=\"\u00c9xito del alquiler de inmuebles en Colonia y Mallorca\" \/>\n<meta property=\"og:description\" content=\"Le ayudamos a alquilar su vivienda con numerosos servicios. \u00bfHemos despertado su inter\u00e9s? P\u00f3ngase en contacto con nosotros.\" \/>\n<meta property=\"og:url\" content=\"https:\/\/home4you.info\/es\/para-los-propietarios\/alquilar-una-vivienda\/\" \/>\n<meta property=\"og:site_name\" content=\"home4you\" \/>\n<meta property=\"article:publisher\" content=\"https:\/\/www.facebook.com\/profile.php?id=100058838386052\" \/>\n<meta property=\"article:modified_time\" content=\"2023-06-12T12:57:13+00:00\" \/>\n<meta name=\"twitter:card\" content=\"summary_large_image\" \/>\n<meta name=\"twitter:label1\" content=\"Tiempo de lectura\" \/>\n\t<meta name=\"twitter:data1\" content=\"7 minutos\" \/>\n<script type=\"application\/ld+json\" class=\"yoast-schema-graph\">{\"@context\":\"https:\/\/schema.org\",\"@graph\":[{\"@type\":\"WebPage\",\"@id\":\"https:\/\/home4you.info\/es\/para-los-propietarios\/alquilar-una-vivienda\/\",\"url\":\"https:\/\/home4you.info\/es\/para-los-propietarios\/alquilar-una-vivienda\/\",\"name\":\"\u00c9xito del alquiler de inmuebles en Colonia y Mallorca\",\"isPartOf\":{\"@id\":\"https:\/\/home4you.info\/es\/#website\"},\"datePublished\":\"2023-06-12T12:57:09+00:00\",\"dateModified\":\"2023-06-12T12:57:13+00:00\",\"description\":\"Le ayudamos a alquilar su vivienda con numerosos servicios. \u00bfHemos despertado su inter\u00e9s? P\u00f3ngase en contacto con nosotros.\",\"breadcrumb\":{\"@id\":\"https:\/\/home4you.info\/es\/para-los-propietarios\/alquilar-una-vivienda\/#breadcrumb\"},\"inLanguage\":\"es\",\"potentialAction\":[{\"@type\":\"ReadAction\",\"target\":[\"https:\/\/home4you.info\/es\/para-los-propietarios\/alquilar-una-vivienda\/\"]}]},{\"@type\":\"BreadcrumbList\",\"@id\":\"https:\/\/home4you.info\/es\/para-los-propietarios\/alquilar-una-vivienda\/#breadcrumb\",\"itemListElement\":[{\"@type\":\"ListItem\",\"position\":1,\"name\":\"Startseite\",\"item\":\"https:\/\/home4you.info\/es\/home\/\"},{\"@type\":\"ListItem\",\"position\":2,\"name\":\"Para los propietarios\",\"item\":\"https:\/\/home4you.info\/es\/para-los-propietarios\/\"},{\"@type\":\"ListItem\",\"position\":3,\"name\":\"Alquilar una vivienda\"}]},{\"@type\":\"WebSite\",\"@id\":\"https:\/\/home4you.info\/es\/#website\",\"url\":\"https:\/\/home4you.info\/es\/\",\"name\":\"home4you\",\"description\":\"modern home \u2013 modern living\",\"publisher\":{\"@id\":\"https:\/\/home4you.info\/es\/#organization\"},\"potentialAction\":[{\"@type\":\"SearchAction\",\"target\":{\"@type\":\"EntryPoint\",\"urlTemplate\":\"https:\/\/home4you.info\/es\/?s={search_term_string}\"},\"query-input\":{\"@type\":\"PropertyValueSpecification\",\"valueRequired\":true,\"valueName\":\"search_term_string\"}}],\"inLanguage\":\"es\"},{\"@type\":\"Organization\",\"@id\":\"https:\/\/home4you.info\/es\/#organization\",\"name\":\"home4you\",\"url\":\"https:\/\/home4you.info\/es\/\",\"logo\":{\"@type\":\"ImageObject\",\"inLanguage\":\"es\",\"@id\":\"https:\/\/home4you.info\/es\/#\/schema\/logo\/image\/\",\"url\":\"https:\/\/home4you.info\/wp-content\/uploads\/2021\/10\/03logo3.png\",\"contentUrl\":\"https:\/\/home4you.info\/wp-content\/uploads\/2021\/10\/03logo3.png\",\"width\":398,\"height\":274,\"caption\":\"home4you\"},\"image\":{\"@id\":\"https:\/\/home4you.info\/es\/#\/schema\/logo\/image\/\"},\"sameAs\":[\"https:\/\/www.facebook.com\/profile.php?id=100058838386052\",\"https:\/\/www.instagram.com\/home4you_immobilien\/\"]}]}<\/script>\n<!-- \/ Yoast SEO plugin. -->","yoast_head_json":{"title":"\u00c9xito del alquiler de inmuebles en Colonia y Mallorca","description":"Le ayudamos a alquilar su vivienda con numerosos servicios. \u00bfHemos despertado su inter\u00e9s? P\u00f3ngase en contacto con nosotros.","robots":{"index":"index","follow":"follow","max-snippet":"max-snippet:-1","max-image-preview":"max-image-preview:large","max-video-preview":"max-video-preview:-1"},"canonical":"https:\/\/home4you.info\/es\/para-los-propietarios\/alquilar-una-vivienda\/","og_locale":"es_ES","og_type":"article","og_title":"\u00c9xito del alquiler de inmuebles en Colonia y Mallorca","og_description":"Le ayudamos a alquilar su vivienda con numerosos servicios. \u00bfHemos despertado su inter\u00e9s? P\u00f3ngase en contacto con nosotros.","og_url":"https:\/\/home4you.info\/es\/para-los-propietarios\/alquilar-una-vivienda\/","og_site_name":"home4you","article_publisher":"https:\/\/www.facebook.com\/profile.php?id=100058838386052","article_modified_time":"2023-06-12T12:57:13+00:00","twitter_card":"summary_large_image","twitter_misc":{"Tiempo de lectura":"7 minutos"},"schema":{"@context":"https:\/\/schema.org","@graph":[{"@type":"WebPage","@id":"https:\/\/home4you.info\/es\/para-los-propietarios\/alquilar-una-vivienda\/","url":"https:\/\/home4you.info\/es\/para-los-propietarios\/alquilar-una-vivienda\/","name":"\u00c9xito del alquiler de inmuebles en Colonia y Mallorca","isPartOf":{"@id":"https:\/\/home4you.info\/es\/#website"},"datePublished":"2023-06-12T12:57:09+00:00","dateModified":"2023-06-12T12:57:13+00:00","description":"Le ayudamos a alquilar su vivienda con numerosos servicios. \u00bfHemos despertado su inter\u00e9s? P\u00f3ngase en contacto con nosotros.","breadcrumb":{"@id":"https:\/\/home4you.info\/es\/para-los-propietarios\/alquilar-una-vivienda\/#breadcrumb"},"inLanguage":"es","potentialAction":[{"@type":"ReadAction","target":["https:\/\/home4you.info\/es\/para-los-propietarios\/alquilar-una-vivienda\/"]}]},{"@type":"BreadcrumbList","@id":"https:\/\/home4you.info\/es\/para-los-propietarios\/alquilar-una-vivienda\/#breadcrumb","itemListElement":[{"@type":"ListItem","position":1,"name":"Startseite","item":"https:\/\/home4you.info\/es\/home\/"},{"@type":"ListItem","position":2,"name":"Para los propietarios","item":"https:\/\/home4you.info\/es\/para-los-propietarios\/"},{"@type":"ListItem","position":3,"name":"Alquilar una vivienda"}]},{"@type":"WebSite","@id":"https:\/\/home4you.info\/es\/#website","url":"https:\/\/home4you.info\/es\/","name":"home4you","description":"modern home \u2013 modern living","publisher":{"@id":"https:\/\/home4you.info\/es\/#organization"},"potentialAction":[{"@type":"SearchAction","target":{"@type":"EntryPoint","urlTemplate":"https:\/\/home4you.info\/es\/?s={search_term_string}"},"query-input":{"@type":"PropertyValueSpecification","valueRequired":true,"valueName":"search_term_string"}}],"inLanguage":"es"},{"@type":"Organization","@id":"https:\/\/home4you.info\/es\/#organization","name":"home4you","url":"https:\/\/home4you.info\/es\/","logo":{"@type":"ImageObject","inLanguage":"es","@id":"https:\/\/home4you.info\/es\/#\/schema\/logo\/image\/","url":"https:\/\/home4you.info\/wp-content\/uploads\/2021\/10\/03logo3.png","contentUrl":"https:\/\/home4you.info\/wp-content\/uploads\/2021\/10\/03logo3.png","width":398,"height":274,"caption":"home4you"},"image":{"@id":"https:\/\/home4you.info\/es\/#\/schema\/logo\/image\/"},"sameAs":["https:\/\/www.facebook.com\/profile.php?id=100058838386052","https:\/\/www.instagram.com\/home4you_immobilien\/"]}]}},"_links":{"self":[{"href":"https:\/\/home4you.info\/es\/wp-json\/wp\/v2\/pages\/477819","targetHints":{"allow":["GET"]}}],"collection":[{"href":"https:\/\/home4you.info\/es\/wp-json\/wp\/v2\/pages"}],"about":[{"href":"https:\/\/home4you.info\/es\/wp-json\/wp\/v2\/types\/page"}],"author":[{"embeddable":true,"href":"https:\/\/home4you.info\/es\/wp-json\/wp\/v2\/users\/3"}],"replies":[{"embeddable":true,"href":"https:\/\/home4you.info\/es\/wp-json\/wp\/v2\/comments?post=477819"}],"version-history":[{"count":0,"href":"https:\/\/home4you.info\/es\/wp-json\/wp\/v2\/pages\/477819\/revisions"}],"up":[{"embeddable":true,"href":"https:\/\/home4you.info\/es\/wp-json\/wp\/v2\/pages\/438356"}],"wp:attachment":[{"href":"https:\/\/home4you.info\/es\/wp-json\/wp\/v2\/media?parent=477819"}],"curies":[{"name":"wp","href":"https:\/\/api.w.org\/{rel}","templated":true}]}}