{"id":61616,"date":"2020-06-25T14:57:26","date_gmt":"2020-06-25T12:57:26","guid":{"rendered":"https:\/\/home4you.info\/bienes-raices\/"},"modified":"2026-03-17T16:33:52","modified_gmt":"2026-03-17T15:33:52","slug":"bienes-raices","status":"publish","type":"page","link":"https:\/\/home4you.info\/es\/bienes-raices\/","title":{"rendered":"Bienes inmuebles"},"content":{"rendered":"<p><div class=\"fusion-fullwidth fullwidth-box fusion-builder-row-1 fusion-flex-container has-pattern-background has-mask-background fusion-parallax-none nonhundred-percent-fullwidth non-hundred-percent-height-scrolling lazyload\" style=\"--awb-border-radius-top-left:0px;--awb-border-radius-top-right:0px;--awb-border-radius-bottom-right:0px;--awb-border-radius-bottom-left:0px;--awb-padding-bottom:222px;--awb-margin-top:-2px;--awb-background-size:cover;--awb-flex-wrap:wrap;\" data-bg=\"https:\/\/home4you.info\/wp-content\/uploads\/2026\/01\/home4you9_5k_5120x2280px-scaled.webp\" ><div class=\"fusion-builder-row fusion-row fusion-flex-align-items-flex-start fusion-flex-content-wrap\" style=\"max-width:1144px;margin-left: calc(-4% \/ 2 );margin-right: calc(-4% \/ 2 );\"><div class=\"fusion-layout-column fusion_builder_column fusion-builder-column-0 fusion_builder_column_1_1 1_1 fusion-flex-column\" style=\"--awb-bg-size:cover;--awb-width-large:100%;--awb-margin-top-large:0px;--awb-spacing-right-large:1.92%;--awb-margin-bottom-large:20px;--awb-spacing-left-large:1.92%;--awb-width-medium:100%;--awb-order-medium:0;--awb-spacing-right-medium:1.92%;--awb-spacing-left-medium:1.92%;--awb-width-small:100%;--awb-order-small:0;--awb-spacing-right-small:1.92%;--awb-spacing-left-small:1.92%;\"><div class=\"fusion-column-wrapper fusion-column-has-shadow fusion-flex-justify-content-flex-start fusion-content-layout-column\"><div class=\"fusion-title title fusion-title-1 fusion-sep-none fusion-title-text fusion-title-size-one\" style=\"--awb-text-color:#ffffff;--awb-margin-top:250px;--awb-margin-bottom:300px;--awb-margin-left:50px;--awb-font-size:60px;\"><h1 class=\"fusion-title-heading title-heading-left\" style=\"margin:0;font-size:1em;text-shadow:3px 3px 3px rgba(0,0,0,0.54);\"><strong>Inmobiliaria a medida<\/strong><br \/>Servicio | Confianza | Eficacia<\/h1><\/div><\/div><\/div><\/div><\/div><div class=\"fusion-fullwidth fullwidth-box fusion-builder-row-2 nonhundred-percent-fullwidth non-hundred-percent-height-scrolling\" style=\"--awb-border-radius-top-left:0px;--awb-border-radius-top-right:0px;--awb-border-radius-bottom-right:0px;--awb-border-radius-bottom-left:0px;--awb-padding-top:50px;--awb-flex-wrap:wrap;\" ><div class=\"fusion-builder-row fusion-row\"><div class=\"fusion-layout-column fusion_builder_column fusion-builder-column-1 fusion_builder_column_1_5 1_5 fusion-one-fifth fusion-column-first\" style=\"--awb-bg-blend:overlay;--awb-bg-size:cover;--awb-margin-bottom:40px;width:16.8%; margin-right: 4%;\"><div class=\"fusion-column-wrapper fusion-flex-column-wrapper-legacy\"><div class=\"fusion-text fusion-text-1\"><h2>HOME<span style=\"color: #ff9900;\">4<\/span>YOU<\/h2>\n<\/div><div class=\"fusion-sep-clear\"><\/div><div class=\"fusion-separator fusion-full-width-sep\" style=\"margin-left: auto;margin-right: auto;width:100%;\"><div class=\"fusion-separator-border sep-single sep-solid\" style=\"--awb-height:20px;--awb-amount:20px;border-color:#e0dede;border-top-width:1px;\"><\/div><\/div><div class=\"fusion-sep-clear\"><\/div><div class=\"fusion-clearfix\"><\/div><\/div><\/div><div class=\"fusion-layout-column fusion_builder_column fusion-builder-column-2 fusion_builder_column_1_1 1_1 fusion-one-full fusion-column-last\" style=\"--awb-bg-blend:overlay;--awb-bg-size:cover;\"><div class=\"fusion-column-wrapper fusion-flex-column-wrapper-legacy\"><div class=\"fusion-title title fusion-title-2 fusion-sep-none fusion-title-text fusion-title-size-one\"><h1 class=\"fusion-title-heading title-heading-left\" style=\"margin:0;\"><h1 id=\"u1829-2\" data-fontsize=\"24\" data-lineheight=\"36\">Inmuebles de home4you<\/h1><\/h1><\/div><div class=\"fusion-text fusion-text-2\"><p><span style=\"color: rgb(96, 125, 139); font-family: Oswald; font-size: 24px; background-color: rgba(0, 0, 0, 0);\">Renovaci\u00f3n, intermediaci\u00f3n y venta, todo en un solo lugar<\/span><\/p>\n<p>En <strong>home4you<\/strong> nos hemos especializado en la renovaci\u00f3n y la intermediaci\u00f3n de inmuebles de segunda mano, todo ello de la mano de un \u00fanico proveedor. Junto con nuestro s\u00f3lido socio regional, hacemos realidad sus sue\u00f1os de vivienda seg\u00fan los est\u00e1ndares m\u00e1s actuales. Dado que gestionamos todos los servicios nosotros mismos, podemos ofrecerle inmuebles de ensue\u00f1o a precios asequibles que, una vez finalizadas las obras, lucir\u00e1n como nuevos.  <\/p>\n<p>De este modo, ahorrar\u00e1 f\u00e1cilmente entre un 20 % y un 30 % del coste total en comparaci\u00f3n con las ofertas habituales de la zona. Ya se trate de una <a href=\"https:\/\/home4you.info\/es\/servicios\/edificios-catalogados\/\" target=\"_blank\" rel=\"noopener noreferrer\">propiedad protegida<\/a> o <a href=\"https:\/\/home4you.info\/es\/servicios\/bienes-raices-en-el-extranjero\/\" target=\"_blank\" rel=\"noopener noreferrer\">en el extranjero <\/a>en Mallorca, una casa hist\u00f3rica en Colonia o un loft asequible en el puerto de Deutz, contamos con inmuebles excepcionales a un precio excepcional. Explore nuestra amplia cartera y concierte hoy mismo una cita para visitarla. Todo lo que necesita es un poco de imaginaci\u00f3n.   <\/p>\n<p>\u00bfConoce ya nuestras propiedades vacacionales con licencia de alquiler <a href=\"https:\/\/home4you.info\/es\/propiedades-con-licencia-de-alquiler-etv-en-mallorca\/\">ETV<\/a> en Mallorca? \u00a1Estaremos encantados de responder a sus preguntas en una entrevista personal! <\/p>\n<h2>Otros servicios que ofrecemos<\/h2>\n<p>Estaremos encantados de <a href=\"https:\/\/home4you.info\/leistungen\/wertermittlung\/\" target=\"_blank\" rel=\"noopener noreferrer\"><strong>realizar tasaciones inmobiliarias<\/strong><\/a> para los interesados y de acompa\u00f1arle desde el primer contacto a lo largo de todo el proceso de compra hasta la firma del contrato. \u00bfA\u00fan no ha encontrado la propiedad que busca? Ind\u00edquenos lo que busca en un <a href=\"https:\/\/home4you.info\/immobilien\/immobiliensuche\/\" target=\"_blank\" rel=\"noopener noreferrer\">encargo de b\u00fasqueda<\/a>. Aprovecharemos nuestra amplia red de contactos para encontrar y acondicionar la propiedad perfecta para usted.   <\/p>\n<p>D\u00e9jese convencer por nosotros y p\u00eddanos un ejemplo de rentabilidad o informaci\u00f3n sobre nuestros proyectos actuales. Estaremos encantados de mostrarle nuestras diferentes propiedades de referencia y de responder a todas sus preguntas. <\/p>\n<p>\u00bfBusca?<\/p>\n<ul>\n<li>\u00bfBuscas propiedades de ensue\u00f1o en Mallorca o en la regi\u00f3n de Colonia, ya sea para comprar o para alquilar?<\/li>\n<li>\u00bfEdificios con tecnolog\u00eda moderna y un toque hist\u00f3rico?<\/li>\n<li>\u00bfUna vivienda a medida a un precio muy por debajo del valor de mercado?<\/li>\n<\/ul>\n<p>\u00a1P\u00f3ngase <strong><a href=\"https:\/\/home4you.info\/es\/contacte-con\/\" target=\"_blank\" rel=\"noopener noreferrer\">en contacto<\/a><\/strong> con nosotros! Ya sea para uso propio o como una atractiva inversi\u00f3n, en home4you le ayudamos a hacer realidad sus sue\u00f1os inmobiliarios gracias a nuestro concepto \u00fanico. <\/p>\n<p>\u00bfLe interesa realizar una inversi\u00f3n inmobiliaria y se pregunta cu\u00e1l es su rentabilidad? Ayudamos a nuestros clientes a maximizar el rendimiento de sus inversiones mediante un an\u00e1lisis detallado de los ingresos y costes potenciales de su inmueble a trav\u00e9s de nuestro<a href=\"https:\/\/home4you.info\/es\/para-los-interesados\/calculo-de-rentabilidad-individual-para-su-propiedad\/\"> c\u00e1lculo de rentabilidad<\/a>. Para ello, tenemos en cuenta todos los factores relevantes, como los precios de alquiler, los gastos de mantenimiento y los impuestos. De este modo, podr\u00e1 tomar decisiones fundamentadas y ampliar su cartera de forma estrat\u00e9gica. Ya sea con fines privados o comerciales, estaremos encantados de ayudarle a buscar oportunidades de inversi\u00f3n lucrativas y a optimizar sus inmuebles actuales.    <\/p>\n<p>\u00bfConoce ya nuestro nuevo proyecto inmobiliario \u00ab<a href=\"https:\/\/nauenhof.home4you.info\/\">Gut Nauenhof<\/a>\u00bb en Willich? Estas viviendas combinan el encanto hist\u00f3rico con una excelente rentabilidad. \u00a1Estaremos encantados de asesorarle detalladamente sobre las opciones que tiene a su disposici\u00f3n!  <\/p>\n<p>Utilice nuestro formulario de contacto o ll\u00e1menos. Estaremos encantados de conocerle. <\/p>\n<\/div><div class=\"fusion-clearfix\"><\/div><\/div><\/div><\/div><\/div><div class=\"fusion-fullwidth fullwidth-box fusion-builder-row-3 nonhundred-percent-fullwidth non-hundred-percent-height-scrolling\" style=\"--awb-border-radius-top-left:0px;--awb-border-radius-top-right:0px;--awb-border-radius-bottom-right:0px;--awb-border-radius-bottom-left:0px;--awb-flex-wrap:wrap;\" ><div class=\"fusion-builder-row fusion-row\"><div class=\"fusion-layout-column fusion_builder_column fusion-builder-column-3 fusion_builder_column_1_1 1_1 fusion-one-full fusion-column-first fusion-column-last\" style=\"--awb-bg-blend:overlay;--awb-bg-size:cover;\"><div class=\"fusion-column-wrapper fusion-column-has-shadow fusion-flex-column-wrapper-legacy\"><div class=\"fusion-title title fusion-title-3 fusion-sep-none fusion-title-text fusion-title-size-one\" style=\"--awb-text-color:#607d8b;\"><h1 class=\"fusion-title-heading title-heading-left\" style=\"margin:0;\"><h6>Una inversi\u00f3n segura para nuestros clientes.<\/h6><\/h1><\/div><div class=\"fusion-clearfix\"><\/div><\/div><\/div><\/div><\/div><\/p>\n","protected":false},"excerpt":{"rendered":"","protected":false},"author":1,"featured_media":0,"parent":0,"menu_order":2,"comment_status":"closed","ping_status":"closed","template":"100-width.php","meta":{"footnotes":""},"class_list":["post-61616","page","type-page","status-publish","hentry"],"yoast_head":"<!-- This site is optimized with the Yoast SEO plugin v26.8 - https:\/\/yoast.com\/product\/yoast-seo-wordpress\/ -->\n<title>Bienes inmuebles | home4you - Su profesional de Bienes inmuebles para Mallorca y Colonia<\/title>\n<meta name=\"description\" content=\"Fant\u00e1stica y econ\u00f3mica propiedad en Colonia y en Mallorca. \u00a1Conv\u00e9ncete a ti mismo! Por favor, ll\u00e1menos: +49 221-33963020\" \/>\n<meta name=\"robots\" content=\"index, follow, max-snippet:-1, max-image-preview:large, max-video-preview:-1\" \/>\n<link rel=\"canonical\" href=\"https:\/\/home4you.info\/es\/bienes-raices\/\" \/>\n<meta property=\"og:locale\" content=\"es_ES\" \/>\n<meta property=\"og:type\" content=\"article\" \/>\n<meta property=\"og:title\" content=\"home4you su especialista en Bienes inmuebles para Mallorca y Colonia\" \/>\n<meta property=\"og:description\" content=\"Home4you vende y hace de intermediario en propiedades existentes baratas, que despu\u00e9s de renovarlas seg\u00fan los \u00faltimos est\u00e1ndares se convierten en propiedades de ensue\u00f1o radiante. Todo de una mano.\" \/>\n<meta property=\"og:url\" content=\"https:\/\/home4you.info\/es\/bienes-raices\/\" \/>\n<meta property=\"og:site_name\" content=\"home4you\" \/>\n<meta property=\"article:publisher\" content=\"https:\/\/www.facebook.com\/profile.php?id=100058838386052\" \/>\n<meta property=\"article:modified_time\" content=\"2026-03-17T15:33:52+00:00\" \/>\n<meta property=\"og:image\" content=\"https:\/\/home4you.info\/wp-content\/uploads\/2019\/08\/facebook.jpg\" \/>\n\t<meta property=\"og:image:width\" content=\"1200\" \/>\n\t<meta property=\"og:image:height\" content=\"630\" \/>\n\t<meta property=\"og:image:type\" content=\"image\/jpeg\" \/>\n<meta name=\"twitter:card\" content=\"summary_large_image\" \/>\n<meta name=\"twitter:label1\" content=\"Tiempo de lectura\" \/>\n\t<meta name=\"twitter:data1\" content=\"8 minutos\" \/>\n<script type=\"application\/ld+json\" class=\"yoast-schema-graph\">{\"@context\":\"https:\/\/schema.org\",\"@graph\":[{\"@type\":\"WebPage\",\"@id\":\"https:\/\/home4you.info\/es\/bienes-raices\/\",\"url\":\"https:\/\/home4you.info\/es\/bienes-raices\/\",\"name\":\"Bienes inmuebles | home4you - Su profesional de Bienes inmuebles para Mallorca y Colonia\",\"isPartOf\":{\"@id\":\"https:\/\/home4you.info\/es\/#website\"},\"datePublished\":\"2020-06-25T12:57:26+00:00\",\"dateModified\":\"2026-03-17T15:33:52+00:00\",\"description\":\"Fant\u00e1stica y econ\u00f3mica propiedad en Colonia y en Mallorca. \u00a1Conv\u00e9ncete a ti mismo! Por favor, ll\u00e1menos: +49 221-33963020\",\"breadcrumb\":{\"@id\":\"https:\/\/home4you.info\/es\/bienes-raices\/#breadcrumb\"},\"inLanguage\":\"es\",\"potentialAction\":[{\"@type\":\"ReadAction\",\"target\":[\"https:\/\/home4you.info\/es\/bienes-raices\/\"]}]},{\"@type\":\"BreadcrumbList\",\"@id\":\"https:\/\/home4you.info\/es\/bienes-raices\/#breadcrumb\",\"itemListElement\":[{\"@type\":\"ListItem\",\"position\":1,\"name\":\"Startseite\",\"item\":\"https:\/\/home4you.info\/es\/home\/\"},{\"@type\":\"ListItem\",\"position\":2,\"name\":\"Bienes inmuebles\"}]},{\"@type\":\"WebSite\",\"@id\":\"https:\/\/home4you.info\/es\/#website\",\"url\":\"https:\/\/home4you.info\/es\/\",\"name\":\"home4you\",\"description\":\"modern home \u2013 modern living\",\"publisher\":{\"@id\":\"https:\/\/home4you.info\/es\/#organization\"},\"potentialAction\":[{\"@type\":\"SearchAction\",\"target\":{\"@type\":\"EntryPoint\",\"urlTemplate\":\"https:\/\/home4you.info\/es\/?s={search_term_string}\"},\"query-input\":{\"@type\":\"PropertyValueSpecification\",\"valueRequired\":true,\"valueName\":\"search_term_string\"}}],\"inLanguage\":\"es\"},{\"@type\":\"Organization\",\"@id\":\"https:\/\/home4you.info\/es\/#organization\",\"name\":\"home4you\",\"url\":\"https:\/\/home4you.info\/es\/\",\"logo\":{\"@type\":\"ImageObject\",\"inLanguage\":\"es\",\"@id\":\"https:\/\/home4you.info\/es\/#\/schema\/logo\/image\/\",\"url\":\"https:\/\/home4you.info\/wp-content\/uploads\/2021\/10\/03logo3.png\",\"contentUrl\":\"https:\/\/home4you.info\/wp-content\/uploads\/2021\/10\/03logo3.png\",\"width\":398,\"height\":274,\"caption\":\"home4you\"},\"image\":{\"@id\":\"https:\/\/home4you.info\/es\/#\/schema\/logo\/image\/\"},\"sameAs\":[\"https:\/\/www.facebook.com\/profile.php?id=100058838386052\",\"https:\/\/www.instagram.com\/home4you_immobilien\/\"]}]}<\/script>\n<!-- \/ Yoast SEO plugin. -->","yoast_head_json":{"title":"Bienes inmuebles | home4you - Su profesional de Bienes inmuebles para Mallorca y Colonia","description":"Fant\u00e1stica y econ\u00f3mica propiedad en Colonia y en Mallorca. \u00a1Conv\u00e9ncete a ti mismo! Por favor, ll\u00e1menos: +49 221-33963020","robots":{"index":"index","follow":"follow","max-snippet":"max-snippet:-1","max-image-preview":"max-image-preview:large","max-video-preview":"max-video-preview:-1"},"canonical":"https:\/\/home4you.info\/es\/bienes-raices\/","og_locale":"es_ES","og_type":"article","og_title":"home4you su especialista en Bienes inmuebles para Mallorca y Colonia","og_description":"Home4you vende y hace de intermediario en propiedades existentes baratas, que despu\u00e9s de renovarlas seg\u00fan los \u00faltimos est\u00e1ndares se convierten en propiedades de ensue\u00f1o radiante. Todo de una mano.","og_url":"https:\/\/home4you.info\/es\/bienes-raices\/","og_site_name":"home4you","article_publisher":"https:\/\/www.facebook.com\/profile.php?id=100058838386052","article_modified_time":"2026-03-17T15:33:52+00:00","og_image":[{"width":1200,"height":630,"url":"https:\/\/home4you.info\/wp-content\/uploads\/2019\/08\/facebook.jpg","type":"image\/jpeg"}],"twitter_card":"summary_large_image","twitter_misc":{"Tiempo de lectura":"8 minutos"},"schema":{"@context":"https:\/\/schema.org","@graph":[{"@type":"WebPage","@id":"https:\/\/home4you.info\/es\/bienes-raices\/","url":"https:\/\/home4you.info\/es\/bienes-raices\/","name":"Bienes inmuebles | home4you - Su profesional de Bienes inmuebles para Mallorca y Colonia","isPartOf":{"@id":"https:\/\/home4you.info\/es\/#website"},"datePublished":"2020-06-25T12:57:26+00:00","dateModified":"2026-03-17T15:33:52+00:00","description":"Fant\u00e1stica y econ\u00f3mica propiedad en Colonia y en Mallorca. \u00a1Conv\u00e9ncete a ti mismo! Por favor, ll\u00e1menos: +49 221-33963020","breadcrumb":{"@id":"https:\/\/home4you.info\/es\/bienes-raices\/#breadcrumb"},"inLanguage":"es","potentialAction":[{"@type":"ReadAction","target":["https:\/\/home4you.info\/es\/bienes-raices\/"]}]},{"@type":"BreadcrumbList","@id":"https:\/\/home4you.info\/es\/bienes-raices\/#breadcrumb","itemListElement":[{"@type":"ListItem","position":1,"name":"Startseite","item":"https:\/\/home4you.info\/es\/home\/"},{"@type":"ListItem","position":2,"name":"Bienes inmuebles"}]},{"@type":"WebSite","@id":"https:\/\/home4you.info\/es\/#website","url":"https:\/\/home4you.info\/es\/","name":"home4you","description":"modern home \u2013 modern living","publisher":{"@id":"https:\/\/home4you.info\/es\/#organization"},"potentialAction":[{"@type":"SearchAction","target":{"@type":"EntryPoint","urlTemplate":"https:\/\/home4you.info\/es\/?s={search_term_string}"},"query-input":{"@type":"PropertyValueSpecification","valueRequired":true,"valueName":"search_term_string"}}],"inLanguage":"es"},{"@type":"Organization","@id":"https:\/\/home4you.info\/es\/#organization","name":"home4you","url":"https:\/\/home4you.info\/es\/","logo":{"@type":"ImageObject","inLanguage":"es","@id":"https:\/\/home4you.info\/es\/#\/schema\/logo\/image\/","url":"https:\/\/home4you.info\/wp-content\/uploads\/2021\/10\/03logo3.png","contentUrl":"https:\/\/home4you.info\/wp-content\/uploads\/2021\/10\/03logo3.png","width":398,"height":274,"caption":"home4you"},"image":{"@id":"https:\/\/home4you.info\/es\/#\/schema\/logo\/image\/"},"sameAs":["https:\/\/www.facebook.com\/profile.php?id=100058838386052","https:\/\/www.instagram.com\/home4you_immobilien\/"]}]}},"_links":{"self":[{"href":"https:\/\/home4you.info\/es\/wp-json\/wp\/v2\/pages\/61616","targetHints":{"allow":["GET"]}}],"collection":[{"href":"https:\/\/home4you.info\/es\/wp-json\/wp\/v2\/pages"}],"about":[{"href":"https:\/\/home4you.info\/es\/wp-json\/wp\/v2\/types\/page"}],"author":[{"embeddable":true,"href":"https:\/\/home4you.info\/es\/wp-json\/wp\/v2\/users\/1"}],"replies":[{"embeddable":true,"href":"https:\/\/home4you.info\/es\/wp-json\/wp\/v2\/comments?post=61616"}],"version-history":[{"count":3,"href":"https:\/\/home4you.info\/es\/wp-json\/wp\/v2\/pages\/61616\/revisions"}],"predecessor-version":[{"id":924750,"href":"https:\/\/home4you.info\/es\/wp-json\/wp\/v2\/pages\/61616\/revisions\/924750"}],"wp:attachment":[{"href":"https:\/\/home4you.info\/es\/wp-json\/wp\/v2\/media?parent=61616"}],"curies":[{"name":"wp","href":"https:\/\/api.w.org\/{rel}","templated":true}]}}