{"id":61626,"date":"2020-06-25T15:02:08","date_gmt":"2020-06-25T13:02:08","guid":{"rendered":"https:\/\/home4you.info\/coordinacion-de-proyectos\/"},"modified":"2023-06-12T13:38:23","modified_gmt":"2023-06-12T11:38:23","slug":"coordinacion-de-proyectos","status":"publish","type":"page","link":"https:\/\/home4you.info\/es\/proyectos\/coordinacion-de-proyectos\/","title":{"rendered":"coordinaci\u00f3n de proyectos"},"content":{"rendered":"<p><div class=\"fusion-fullwidth fullwidth-box fusion-builder-row-1 nonhundred-percent-fullwidth non-hundred-percent-height-scrolling\" style=\"--awb-border-radius-top-left:0px;--awb-border-radius-top-right:0px;--awb-border-radius-bottom-right:0px;--awb-border-radius-bottom-left:0px;--awb-flex-wrap:wrap;\" ><div class=\"fusion-builder-row fusion-row\"><div class=\"fusion-layout-column fusion_builder_column fusion-builder-column-0 fusion_builder_column_1_5 1_5 fusion-one-fifth fusion-column-first\" style=\"--awb-bg-size:cover;--awb-margin-bottom:40px;width:16.8%; margin-right: 4%;\"><div class=\"fusion-column-wrapper fusion-flex-column-wrapper-legacy\"><div class=\"fusion-text fusion-text-1\"><h2>HOME<span style=\"color: #ff9900;\">4<\/span>YOU<\/h2>\n<\/div><div class=\"fusion-sep-clear\"><\/div><div class=\"fusion-separator fusion-full-width-sep\" style=\"margin-left: auto;margin-right: auto;width:100%;\"><div class=\"fusion-separator-border sep-single sep-solid\" style=\"--awb-height:20px;--awb-amount:20px;border-color:#e0dede;border-top-width:1px;\"><\/div><\/div><div class=\"fusion-sep-clear\"><\/div><div class=\"fusion-clearfix\"><\/div><\/div><\/div><div class=\"fusion-layout-column fusion_builder_column fusion-builder-column-1 fusion_builder_column_1_1 1_1 fusion-one-full fusion-column-last\" style=\"--awb-bg-size:cover;\"><div class=\"fusion-column-wrapper fusion-flex-column-wrapper-legacy\"><div class=\"fusion-title title fusion-title-1 fusion-sep-none fusion-title-text fusion-title-size-one\"><h1 class=\"fusion-title-heading title-heading-left\" style=\"margin:0;\"><h1 id=\"u1829-2\" data-fontsize=\"24\" data-lineheight=\"36\">Supervisi\u00f3n de sus proyectos de construcci\u00f3n<\/h1><\/h1><\/div><div class=\"fusion-builder-row fusion-builder-row-inner fusion-row\"><div class=\"fusion-layout-column fusion_builder_column_inner fusion-builder-nested-column-0 fusion_builder_column_inner_1_3 1_3 fusion-one-third fusion-column-first\" style=\"--awb-bg-size:cover;width:33.333333333333%;width:calc(33.333333333333% - ( ( 4% + 4% ) * 0.33333333333333 ) );margin-right: 4%;\"><div class=\"fusion-column-wrapper fusion-flex-column-wrapper-legacy\"><div class=\"fusion-text fusion-text-2\"><p>\u00bfQuiere construir y busca un socio con experiencia que le apoye en su proyecto en Mallorca o en la regi\u00f3n de Colonia?<\/p>\n<p>En home4you somos expertos en este campo y nos encargamos de la gesti\u00f3n de su proyecto de construcci\u00f3n.<\/p>\n<p>Estamos ampliamente posicionados y no s\u00f3lo preparamos la empresa econ\u00f3micamente, sino que tambi\u00e9n supervisamos la ejecuci\u00f3n t\u00e9cnica paso a paso.<\/p>\n<\/div><div class=\"fusion-clearfix\"><\/div><\/div><\/div><div class=\"fusion-layout-column fusion_builder_column_inner fusion-builder-nested-column-1 fusion_builder_column_inner_1_3 1_3 fusion-one-third\" style=\"--awb-bg-size:cover;width:33.333333333333%;width:calc(33.333333333333% - ( ( 4% + 4% ) * 0.33333333333333 ) );margin-right: 4%;\"><div class=\"fusion-column-wrapper fusion-flex-column-wrapper-legacy\"><div class=\"fusion-text fusion-text-3\"><h2>Gesti\u00f3n econ\u00f3mica de la construcci\u00f3n<\/h2>\n<p>Antes de iniciar su proyecto de construcci\u00f3n, realizamos una completa planificaci\u00f3n econ\u00f3mica. Esto nos da una visi\u00f3n general precisa desde el principio. Tambi\u00e9n consideramos la viabilidad y los costes de todas las peticiones especiales y servicios adicionales, minimizando as\u00ed los gastos imprevistos. Para que sus gastos sean lo m\u00e1s bajos posible, solicitamos subvenciones (KFW) cuando est\u00e1n permitidas, comprobamos las posibles ventajas fiscales y mantenemos conversaciones sobre los precios con nuestros contratistas en una fase temprana. Por supuesto, tambi\u00e9n garantizamos un proceso de pago sin problemas entre todas las partes implicadas. Adem\u00e1s de los pasos anteriores, tambi\u00e9n determinamos la rentabilidad de los inmuebles de inversi\u00f3n y le asesoramos al respecto.<\/p>\n<\/div><div class=\"fusion-clearfix\"><\/div><\/div><\/div><div class=\"fusion-layout-column fusion_builder_column_inner fusion-builder-nested-column-2 fusion_builder_column_inner_1_3 1_3 fusion-one-third fusion-column-last\" style=\"--awb-bg-size:cover;width:33.333333333333%;width:calc(33.333333333333% - ( ( 4% + 4% ) * 0.33333333333333 ) );\"><div class=\"fusion-column-wrapper fusion-flex-column-wrapper-legacy\"><div class=\"fusion-text fusion-text-4\"><h2>Apoyo t\u00e9cnico a los proyectos<\/h2>\n<p>Tambi\u00e9n estamos plenamente involucrados y activos en la ejecuci\u00f3n t\u00e9cnica del proyecto desde el principio. Junto con nuestros arquitectos, supervisamos la preparaci\u00f3n del plan de construcci\u00f3n, solicitamos los documentos de aprobaci\u00f3n y presentamos todos los documentos necesarios a tiempo. Una vez que hemos sacado la obra a concurso y la hemos distribuido entre los respectivos proveedores de servicios, nos hacemos cargo de la gesti\u00f3n de todo el proyecto de construcci\u00f3n. En nombre del cliente, supervisamos personalmente la recepci\u00f3n oficial final del edificio terminado y nos aseguramos de que el proyecto se haya realizado a satisfacci\u00f3n de todos. Por supuesto, aplicamos todas las posibles reclamaciones de garant\u00eda antes de entregar finalmente la propiedad a nuestro cliente.<\/p>\n<p>Si desea que home4you se encargue de la supervisi\u00f3n de su proyecto de construcci\u00f3n en Mallorca o en los alrededores de Colonia, no dude en ponerse en contacto con nosotros. Esperamos su mensaje o su llamada.<\/p>\n<\/div><div class=\"fusion-clearfix\"><\/div><\/div><\/div><\/div><div class=\"fusion-clearfix\"><\/div><\/div><\/div><\/div><\/div><div class=\"fusion-fullwidth fullwidth-box fusion-builder-row-2 nonhundred-percent-fullwidth non-hundred-percent-height-scrolling\" style=\"--awb-border-radius-top-left:0px;--awb-border-radius-top-right:0px;--awb-border-radius-bottom-right:0px;--awb-border-radius-bottom-left:0px;--awb-flex-wrap:wrap;\" ><div class=\"fusion-builder-row fusion-row\"><div class=\"fusion-layout-column fusion_builder_column fusion-builder-column-2 fusion_builder_column_1_1 1_1 fusion-one-full fusion-column-first fusion-column-last\" style=\"--awb-bg-size:cover;\"><div class=\"fusion-column-wrapper fusion-column-has-shadow fusion-flex-column-wrapper-legacy\"><div class=\"fusion-text fusion-text-5\"><p>D\u00e9placez le curseur au centre de l&#8217;image vers la droite ou vers la gauche et d\u00e9couvrez ce que cela donne <strong>AVANT<\/strong> et <strong>APR\u00c8S<\/strong>.<\/p>\n<\/div><div class=\"fusion-image-before-after-wrapper fusion-image-before-after-horizontal type-before-after hover-type-together fusion-image-before-after-wrapper-1\" style=\"--awb-font-size:13px;--awb-bordersize:0px;--awb-accent-color-bg:rgba(255,255,255,0.15);--awb-transition-time:0.5s;\"><div class=\"fusion-image-before-after-element fusion-image-before-after fusion-image-before-after-container fusion-image-before-after-1\" data-offset=\"0.33\" data-orientation=\"horizontal\" data-move-with-handle-only=\"true\" data-click-to-move=\"true\"><img decoding=\"async\" alt=\"Raum mit gro\u00dfem Fenster und Trennwand\" class=\"fusion-image-before-after-before lazyload\" src=\"data:image\/svg+xml,%3Csvg%20xmlns%3D%27http%3A%2F%2Fwww.w3.org%2F2000%2Fsvg%27%20width%3D%272400%27%20height%3D%271600%27%20viewBox%3D%270%200%202400%201600%27%3E%3Crect%20width%3D%272400%27%20height%3D%271600%27%20fill-opacity%3D%220%22%2F%3E%3C%2Fsvg%3E\" width=\"2400\" height=\"1600\" data-orig-src=\"https:\/\/home4you.info\/wp-content\/uploads\/2019\/04\/Light__0007_IMG_8258.jpg\"><img decoding=\"async\" alt=\"Sanierter Wohnraum\" class=\"fusion-image-before-after-after lazyload\" src=\"data:image\/svg+xml,%3Csvg%20xmlns%3D%27http%3A%2F%2Fwww.w3.org%2F2000%2Fsvg%27%20width%3D%272400%27%20height%3D%271600%27%20viewBox%3D%270%200%202400%201600%27%3E%3Crect%20width%3D%272400%27%20height%3D%271600%27%20fill-opacity%3D%220%22%2F%3E%3C%2Fsvg%3E\" width=\"1200\" height=\"800\" data-orig-src=\"https:\/\/home4you.info\/wp-content\/uploads\/2019\/03\/Light__0001_apartamento-sindicato-salon1-1200x800.jpg\"><div class=\"fusion-image-before-after-overlay before-after-overlay-image-centered\"><div class=\"fusion-image-before-after-before-label\" data-content=\"avant\"><\/div><div class=\"fusion-image-before-after-after-label\" data-content=\"apr\u00e8s\"><\/div><\/div><div class=\"fusion-image-before-after-handle fusion-image-before-after-handle-default\"><span class=\"fusion-image-before-after-left-arrow\"><\/span><span class=\"fusion-image-before-after-right-arrow\"><\/span><\/div><\/div><\/div><div class=\"fusion-image-before-after-wrapper fusion-image-before-after-horizontal type-before-after hover-type-together fusion-image-before-after-wrapper-2\" style=\"--awb-font-size:13px;--awb-bordersize:0px;--awb-accent-color-bg:rgba(255,255,255,0.15);--awb-transition-time:0.5s;\"><div class=\"fusion-image-before-after-element fusion-image-before-after fusion-image-before-after-container fusion-image-before-after-2\" data-offset=\"0.33\" data-orientation=\"horizontal\" data-move-with-handle-only=\"true\" data-click-to-move=\"true\"><img decoding=\"async\" alt=\"Bad unsaniert\" class=\"fusion-image-before-after-before lazyload\" src=\"data:image\/svg+xml,%3Csvg%20xmlns%3D%27http%3A%2F%2Fwww.w3.org%2F2000%2Fsvg%27%20width%3D%272400%27%20height%3D%271602%27%20viewBox%3D%270%200%202400%201602%27%3E%3Crect%20width%3D%272400%27%20height%3D%271602%27%20fill-opacity%3D%220%22%2F%3E%3C%2Fsvg%3E\" width=\"2400\" height=\"1602\" data-orig-src=\"https:\/\/home4you.info\/wp-content\/uploads\/2019\/04\/palma2_v.jpg\"><img decoding=\"async\" alt=\"Helles modernes Bad\" class=\"fusion-image-before-after-after lazyload\" src=\"data:image\/svg+xml,%3Csvg%20xmlns%3D%27http%3A%2F%2Fwww.w3.org%2F2000%2Fsvg%27%20width%3D%272400%27%20height%3D%271602%27%20viewBox%3D%270%200%202400%201602%27%3E%3Crect%20width%3D%272400%27%20height%3D%271602%27%20fill-opacity%3D%220%22%2F%3E%3C%2Fsvg%3E\" width=\"2400\" height=\"1602\" data-orig-src=\"https:\/\/home4you.info\/wp-content\/uploads\/2019\/04\/palma2_n.jpg\"><div class=\"fusion-image-before-after-overlay before-after-overlay-image-centered\"><div class=\"fusion-image-before-after-before-label\" data-content=\"avant\"><\/div><div class=\"fusion-image-before-after-after-label\" data-content=\"apr\u00e8s\"><\/div><\/div><div class=\"fusion-image-before-after-handle fusion-image-before-after-handle-default\"><span class=\"fusion-image-before-after-left-arrow\"><\/span><span class=\"fusion-image-before-after-right-arrow\"><\/span><\/div><\/div><\/div><div class=\"fusion-image-before-after-wrapper fusion-image-before-after-horizontal type-before-after hover-type-together fusion-image-before-after-wrapper-3\" style=\"--awb-font-size:13px;--awb-bordersize:0px;--awb-accent-color-bg:rgba(255,255,255,0.15);--awb-transition-time:0.5s;\"><div class=\"fusion-image-before-after-element fusion-image-before-after fusion-image-before-after-container fusion-image-before-after-3\" data-offset=\"0.33\" data-orientation=\"horizontal\" data-move-with-handle-only=\"true\" data-click-to-move=\"true\"><img decoding=\"async\" alt=\"Raum\" class=\"fusion-image-before-after-before lazyload\" src=\"data:image\/svg+xml,%3Csvg%20xmlns%3D%27http%3A%2F%2Fwww.w3.org%2F2000%2Fsvg%27%20width%3D%272400%27%20height%3D%271602%27%20viewBox%3D%270%200%202400%201602%27%3E%3Crect%20width%3D%272400%27%20height%3D%271602%27%20fill-opacity%3D%220%22%2F%3E%3C%2Fsvg%3E\" width=\"2400\" height=\"1602\" data-orig-src=\"https:\/\/home4you.info\/wp-content\/uploads\/2019\/04\/palma3_v.jpg\"><img decoding=\"async\" alt=\"K\u00fcche mit braunem Boden\" class=\"fusion-image-before-after-after lazyload\" src=\"data:image\/svg+xml,%3Csvg%20xmlns%3D%27http%3A%2F%2Fwww.w3.org%2F2000%2Fsvg%27%20width%3D%272400%27%20height%3D%271602%27%20viewBox%3D%270%200%202400%201602%27%3E%3Crect%20width%3D%272400%27%20height%3D%271602%27%20fill-opacity%3D%220%22%2F%3E%3C%2Fsvg%3E\" width=\"2400\" height=\"1602\" data-orig-src=\"https:\/\/home4you.info\/wp-content\/uploads\/2019\/04\/palma3_n.jpg\"><div class=\"fusion-image-before-after-overlay before-after-overlay-image-centered\"><div class=\"fusion-image-before-after-before-label\" data-content=\"avant\"><\/div><div class=\"fusion-image-before-after-after-label\" data-content=\"apr\u00e8s\"><\/div><\/div><div class=\"fusion-image-before-after-handle fusion-image-before-after-handle-default\"><span class=\"fusion-image-before-after-left-arrow\"><\/span><span class=\"fusion-image-before-after-right-arrow\"><\/span><\/div><\/div><\/div><div class=\"fusion-clearfix\"><\/div><\/div><\/div><\/div><\/div><div class=\"fusion-fullwidth fullwidth-box fusion-builder-row-3 nonhundred-percent-fullwidth non-hundred-percent-height-scrolling\" style=\"--awb-border-radius-top-left:0px;--awb-border-radius-top-right:0px;--awb-border-radius-bottom-right:0px;--awb-border-radius-bottom-left:0px;--awb-flex-wrap:wrap;\" ><div class=\"fusion-builder-row fusion-row\"><div class=\"fusion-layout-column fusion_builder_column fusion-builder-column-3 fusion_builder_column_1_1 1_1 fusion-one-full fusion-column-first fusion-column-last\" style=\"--awb-bg-size:cover;\"><div class=\"fusion-column-wrapper fusion-column-has-shadow fusion-flex-column-wrapper-legacy\"><div class=\"fusion-title title fusion-title-2 fusion-sep-none fusion-title-text fusion-title-size-one\" style=\"--awb-text-color:#607d8b;\"><h1 class=\"fusion-title-heading title-heading-left\" style=\"margin:0;\"><h6>Apoyo \u00f3ptimo en todo momento.<\/h6><\/h1><\/div><div class=\"fusion-clearfix\"><\/div><\/div><\/div><\/div><\/div><\/p>\n","protected":false},"excerpt":{"rendered":"","protected":false},"author":1,"featured_media":0,"parent":61634,"menu_order":7,"comment_status":"closed","ping_status":"closed","template":"","meta":{"footnotes":""},"class_list":["post-61626","page","type-page","status-publish","hentry"],"yoast_head":"<!-- This site is optimized with the Yoast SEO plugin v26.8 - https:\/\/yoast.com\/product\/yoast-seo-wordpress\/ -->\n<title>coordinaci\u00f3n de proyectos | home4you - Desde la planificaci\u00f3n hasta la inspecci\u00f3n del edificio<\/title>\n<meta name=\"description\" content=\"Ya sea para uso propio o para una atractiva inversi\u00f3n de capital, home4you se ocupa de sus deseos individuales. Desde el contrato notarial, las aprobaciones oficiales hasta la inspecci\u00f3n final del edificio.\" \/>\n<meta name=\"robots\" content=\"index, follow, max-snippet:-1, max-image-preview:large, max-video-preview:-1\" \/>\n<link rel=\"canonical\" href=\"https:\/\/home4you.info\/es\/proyectos\/coordinacion-de-proyectos\/\" \/>\n<meta property=\"og:locale\" content=\"es_ES\" \/>\n<meta property=\"og:type\" content=\"article\" \/>\n<meta property=\"og:title\" content=\"coordinaci\u00f3n de proyectos | home4you - Desde la planificaci\u00f3n hasta la inspecci\u00f3n del edificio\" \/>\n<meta property=\"og:description\" content=\"Ya sea para uso propio o para una atractiva inversi\u00f3n de capital, home4you se ocupa de sus deseos individuales. Desde el contrato notarial, las aprobaciones oficiales hasta la inspecci\u00f3n final del edificio.\" \/>\n<meta property=\"og:url\" content=\"https:\/\/home4you.info\/es\/proyectos\/coordinacion-de-proyectos\/\" \/>\n<meta property=\"og:site_name\" content=\"home4you\" \/>\n<meta property=\"article:publisher\" content=\"https:\/\/www.facebook.com\/profile.php?id=100058838386052\" \/>\n<meta property=\"article:modified_time\" content=\"2023-06-12T11:38:23+00:00\" \/>\n<meta name=\"twitter:card\" content=\"summary_large_image\" \/>\n<meta name=\"twitter:label1\" content=\"Tiempo de lectura\" \/>\n\t<meta name=\"twitter:data1\" content=\"10 minutos\" \/>\n<script type=\"application\/ld+json\" class=\"yoast-schema-graph\">{\"@context\":\"https:\/\/schema.org\",\"@graph\":[{\"@type\":\"WebPage\",\"@id\":\"https:\/\/home4you.info\/es\/proyectos\/coordinacion-de-proyectos\/\",\"url\":\"https:\/\/home4you.info\/es\/proyectos\/coordinacion-de-proyectos\/\",\"name\":\"coordinaci\u00f3n de proyectos | home4you - Desde la planificaci\u00f3n hasta la inspecci\u00f3n del edificio\",\"isPartOf\":{\"@id\":\"https:\/\/home4you.info\/es\/#website\"},\"datePublished\":\"2020-06-25T13:02:08+00:00\",\"dateModified\":\"2023-06-12T11:38:23+00:00\",\"description\":\"Ya sea para uso propio o para una atractiva inversi\u00f3n de capital, home4you se ocupa de sus deseos individuales. Desde el contrato notarial, las aprobaciones oficiales hasta la inspecci\u00f3n final del edificio.\",\"breadcrumb\":{\"@id\":\"https:\/\/home4you.info\/es\/proyectos\/coordinacion-de-proyectos\/#breadcrumb\"},\"inLanguage\":\"es\",\"potentialAction\":[{\"@type\":\"ReadAction\",\"target\":[\"https:\/\/home4you.info\/es\/proyectos\/coordinacion-de-proyectos\/\"]}]},{\"@type\":\"BreadcrumbList\",\"@id\":\"https:\/\/home4you.info\/es\/proyectos\/coordinacion-de-proyectos\/#breadcrumb\",\"itemListElement\":[{\"@type\":\"ListItem\",\"position\":1,\"name\":\"Startseite\",\"item\":\"https:\/\/home4you.info\/es\/home\/\"},{\"@type\":\"ListItem\",\"position\":2,\"name\":\"Proyectos\",\"item\":\"https:\/\/home4you.info\/es\/proyectos\/\"},{\"@type\":\"ListItem\",\"position\":3,\"name\":\"coordinaci\u00f3n de proyectos\"}]},{\"@type\":\"WebSite\",\"@id\":\"https:\/\/home4you.info\/es\/#website\",\"url\":\"https:\/\/home4you.info\/es\/\",\"name\":\"home4you\",\"description\":\"modern home \u2013 modern living\",\"publisher\":{\"@id\":\"https:\/\/home4you.info\/es\/#organization\"},\"potentialAction\":[{\"@type\":\"SearchAction\",\"target\":{\"@type\":\"EntryPoint\",\"urlTemplate\":\"https:\/\/home4you.info\/es\/?s={search_term_string}\"},\"query-input\":{\"@type\":\"PropertyValueSpecification\",\"valueRequired\":true,\"valueName\":\"search_term_string\"}}],\"inLanguage\":\"es\"},{\"@type\":\"Organization\",\"@id\":\"https:\/\/home4you.info\/es\/#organization\",\"name\":\"home4you\",\"url\":\"https:\/\/home4you.info\/es\/\",\"logo\":{\"@type\":\"ImageObject\",\"inLanguage\":\"es\",\"@id\":\"https:\/\/home4you.info\/es\/#\/schema\/logo\/image\/\",\"url\":\"https:\/\/home4you.info\/wp-content\/uploads\/2021\/10\/03logo3.png\",\"contentUrl\":\"https:\/\/home4you.info\/wp-content\/uploads\/2021\/10\/03logo3.png\",\"width\":398,\"height\":274,\"caption\":\"home4you\"},\"image\":{\"@id\":\"https:\/\/home4you.info\/es\/#\/schema\/logo\/image\/\"},\"sameAs\":[\"https:\/\/www.facebook.com\/profile.php?id=100058838386052\",\"https:\/\/www.instagram.com\/home4you_immobilien\/\"]}]}<\/script>\n<!-- \/ Yoast SEO plugin. -->","yoast_head_json":{"title":"coordinaci\u00f3n de proyectos | home4you - Desde la planificaci\u00f3n hasta la inspecci\u00f3n del edificio","description":"Ya sea para uso propio o para una atractiva inversi\u00f3n de capital, home4you se ocupa de sus deseos individuales. Desde el contrato notarial, las aprobaciones oficiales hasta la inspecci\u00f3n final del edificio.","robots":{"index":"index","follow":"follow","max-snippet":"max-snippet:-1","max-image-preview":"max-image-preview:large","max-video-preview":"max-video-preview:-1"},"canonical":"https:\/\/home4you.info\/es\/proyectos\/coordinacion-de-proyectos\/","og_locale":"es_ES","og_type":"article","og_title":"coordinaci\u00f3n de proyectos | home4you - Desde la planificaci\u00f3n hasta la inspecci\u00f3n del edificio","og_description":"Ya sea para uso propio o para una atractiva inversi\u00f3n de capital, home4you se ocupa de sus deseos individuales. Desde el contrato notarial, las aprobaciones oficiales hasta la inspecci\u00f3n final del edificio.","og_url":"https:\/\/home4you.info\/es\/proyectos\/coordinacion-de-proyectos\/","og_site_name":"home4you","article_publisher":"https:\/\/www.facebook.com\/profile.php?id=100058838386052","article_modified_time":"2023-06-12T11:38:23+00:00","twitter_card":"summary_large_image","twitter_misc":{"Tiempo de lectura":"10 minutos"},"schema":{"@context":"https:\/\/schema.org","@graph":[{"@type":"WebPage","@id":"https:\/\/home4you.info\/es\/proyectos\/coordinacion-de-proyectos\/","url":"https:\/\/home4you.info\/es\/proyectos\/coordinacion-de-proyectos\/","name":"coordinaci\u00f3n de proyectos | home4you - Desde la planificaci\u00f3n hasta la inspecci\u00f3n del edificio","isPartOf":{"@id":"https:\/\/home4you.info\/es\/#website"},"datePublished":"2020-06-25T13:02:08+00:00","dateModified":"2023-06-12T11:38:23+00:00","description":"Ya sea para uso propio o para una atractiva inversi\u00f3n de capital, home4you se ocupa de sus deseos individuales. Desde el contrato notarial, las aprobaciones oficiales hasta la inspecci\u00f3n final del edificio.","breadcrumb":{"@id":"https:\/\/home4you.info\/es\/proyectos\/coordinacion-de-proyectos\/#breadcrumb"},"inLanguage":"es","potentialAction":[{"@type":"ReadAction","target":["https:\/\/home4you.info\/es\/proyectos\/coordinacion-de-proyectos\/"]}]},{"@type":"BreadcrumbList","@id":"https:\/\/home4you.info\/es\/proyectos\/coordinacion-de-proyectos\/#breadcrumb","itemListElement":[{"@type":"ListItem","position":1,"name":"Startseite","item":"https:\/\/home4you.info\/es\/home\/"},{"@type":"ListItem","position":2,"name":"Proyectos","item":"https:\/\/home4you.info\/es\/proyectos\/"},{"@type":"ListItem","position":3,"name":"coordinaci\u00f3n de proyectos"}]},{"@type":"WebSite","@id":"https:\/\/home4you.info\/es\/#website","url":"https:\/\/home4you.info\/es\/","name":"home4you","description":"modern home \u2013 modern living","publisher":{"@id":"https:\/\/home4you.info\/es\/#organization"},"potentialAction":[{"@type":"SearchAction","target":{"@type":"EntryPoint","urlTemplate":"https:\/\/home4you.info\/es\/?s={search_term_string}"},"query-input":{"@type":"PropertyValueSpecification","valueRequired":true,"valueName":"search_term_string"}}],"inLanguage":"es"},{"@type":"Organization","@id":"https:\/\/home4you.info\/es\/#organization","name":"home4you","url":"https:\/\/home4you.info\/es\/","logo":{"@type":"ImageObject","inLanguage":"es","@id":"https:\/\/home4you.info\/es\/#\/schema\/logo\/image\/","url":"https:\/\/home4you.info\/wp-content\/uploads\/2021\/10\/03logo3.png","contentUrl":"https:\/\/home4you.info\/wp-content\/uploads\/2021\/10\/03logo3.png","width":398,"height":274,"caption":"home4you"},"image":{"@id":"https:\/\/home4you.info\/es\/#\/schema\/logo\/image\/"},"sameAs":["https:\/\/www.facebook.com\/profile.php?id=100058838386052","https:\/\/www.instagram.com\/home4you_immobilien\/"]}]}},"_links":{"self":[{"href":"https:\/\/home4you.info\/es\/wp-json\/wp\/v2\/pages\/61626","targetHints":{"allow":["GET"]}}],"collection":[{"href":"https:\/\/home4you.info\/es\/wp-json\/wp\/v2\/pages"}],"about":[{"href":"https:\/\/home4you.info\/es\/wp-json\/wp\/v2\/types\/page"}],"author":[{"embeddable":true,"href":"https:\/\/home4you.info\/es\/wp-json\/wp\/v2\/users\/1"}],"replies":[{"embeddable":true,"href":"https:\/\/home4you.info\/es\/wp-json\/wp\/v2\/comments?post=61626"}],"version-history":[{"count":0,"href":"https:\/\/home4you.info\/es\/wp-json\/wp\/v2\/pages\/61626\/revisions"}],"up":[{"embeddable":true,"href":"https:\/\/home4you.info\/es\/wp-json\/wp\/v2\/pages\/61634"}],"wp:attachment":[{"href":"https:\/\/home4you.info\/es\/wp-json\/wp\/v2\/media?parent=61626"}],"curies":[{"name":"wp","href":"https:\/\/api.w.org\/{rel}","templated":true}]}}