{"id":61657,"date":"2020-06-25T16:55:39","date_gmt":"2020-06-25T14:55:39","guid":{"rendered":"https:\/\/home4you.info\/socio\/"},"modified":"2025-01-06T17:34:26","modified_gmt":"2025-01-06T16:34:26","slug":"socio","status":"publish","type":"page","link":"https:\/\/home4you.info\/es\/sobre-nosotros\/socio\/","title":{"rendered":"Socio"},"content":{"rendered":"<p><div class=\"fusion-fullwidth fullwidth-box fusion-builder-row-1 fusion-flex-container has-pattern-background has-mask-background fusion-parallax-none nonhundred-percent-fullwidth non-hundred-percent-height-scrolling lazyload\" style=\"--awb-background-position:center top;--awb-border-radius-top-left:0px;--awb-border-radius-top-right:0px;--awb-border-radius-bottom-right:0px;--awb-border-radius-bottom-left:0px;--awb-margin-top:-2px;--awb-margin-bottom:20px;--awb-background-size:cover;--awb-flex-wrap:wrap;\" data-bg=\"https:\/\/home4you.info\/wp-content\/uploads\/2024\/12\/Makler.jpg\" ><div class=\"fusion-builder-row fusion-row fusion-flex-align-items-flex-start fusion-flex-content-wrap\" style=\"max-width:1144px;margin-left: calc(-4% \/ 2 );margin-right: calc(-4% \/ 2 );\"><div class=\"fusion-layout-column fusion_builder_column fusion-builder-column-0 fusion_builder_column_1_1 1_1 fusion-flex-column\" style=\"--awb-bg-size:cover;--awb-width-large:100%;--awb-margin-top-large:0px;--awb-spacing-right-large:1.92%;--awb-margin-bottom-large:20px;--awb-spacing-left-large:1.92%;--awb-width-medium:100%;--awb-order-medium:0;--awb-spacing-right-medium:1.92%;--awb-spacing-left-medium:1.92%;--awb-width-small:100%;--awb-order-small:0;--awb-spacing-right-small:1.92%;--awb-spacing-left-small:1.92%;\"><div class=\"fusion-column-wrapper fusion-column-has-shadow fusion-flex-justify-content-flex-start fusion-content-layout-column\"><div class=\"fusion-title title fusion-title-1 fusion-sep-none fusion-title-text fusion-title-size-one\" style=\"--awb-text-color:#ffffff;--awb-margin-top:250px;--awb-margin-bottom:300px;--awb-margin-left:50px;--awb-font-size:60px;\"><h1 class=\"fusion-title-heading title-heading-left\" style=\"margin:0;font-size:1em;text-shadow:3px 3px 3px rgba(0,0,0,0.54);\"><b>La propiedad de sus sue\u00f1os<\/b><br \/>\nbuena relaci\u00f3n calidad-precio | individual | bueno<\/h1><\/div><\/div><\/div><\/div><\/div><div class=\"fusion-fullwidth fullwidth-box fusion-builder-row-2 nonhundred-percent-fullwidth non-hundred-percent-height-scrolling\" style=\"--awb-border-radius-top-left:0px;--awb-border-radius-top-right:0px;--awb-border-radius-bottom-right:0px;--awb-border-radius-bottom-left:0px;--awb-flex-wrap:wrap;\" ><div class=\"fusion-builder-row fusion-row\"><div class=\"fusion-layout-column fusion_builder_column fusion-builder-column-1 fusion_builder_column_1_5 1_5 fusion-one-fifth fusion-column-first\" style=\"--awb-bg-size:cover;--awb-margin-bottom:40px;width:16.8%; margin-right: 4%;\"><div class=\"fusion-column-wrapper fusion-flex-column-wrapper-legacy\"><div class=\"fusion-text fusion-text-1\"><h2>HOME<span style=\"color: #ff9900;\">4<\/span>YOU<\/h2>\n<\/div><div class=\"fusion-sep-clear\"><\/div><div class=\"fusion-separator fusion-full-width-sep\" style=\"margin-left: auto;margin-right: auto;width:100%;\"><div class=\"fusion-separator-border sep-single sep-solid\" style=\"--awb-height:20px;--awb-amount:20px;border-color:#e0dede;border-top-width:1px;\"><\/div><\/div><div class=\"fusion-sep-clear\"><\/div><div class=\"fusion-clearfix\"><\/div><\/div><\/div><div class=\"fusion-layout-column fusion_builder_column fusion-builder-column-2 fusion_builder_column_1_1 1_1 fusion-one-full fusion-column-last\" style=\"--awb-bg-size:cover;\"><div class=\"fusion-column-wrapper fusion-flex-column-wrapper-legacy\"><div class=\"fusion-title title fusion-title-2 fusion-sep-none fusion-title-text fusion-title-size-one\"><h1 class=\"fusion-title-heading title-heading-left\" style=\"margin:0;\"><h1 id=\"u1829-2\" data-fontsize=\"24\" data-lineheight=\"36\">Socio<\/h1><\/h1><\/div><div class=\"fusion-builder-row fusion-builder-row-inner fusion-row\"><div class=\"fusion-layout-column fusion_builder_column_inner fusion-builder-nested-column-0 fusion_builder_column_inner_1_3 1_3 fusion-one-third fusion-column-first\" style=\"--awb-bg-size:cover;width:33.333333333333%;width:calc(33.333333333333% - ( ( 4% + 4% ) * 0.33333333333333 ) );margin-right: 4%;\"><div class=\"fusion-column-wrapper fusion-flex-column-wrapper-legacy\"><div class=\"fusion-text fusion-text-2\"><h2>home4you &#8211; Convi\u00e9rtase en socio comercial<\/h2>\n<p>home4you ofrece a sus propietarios un paquete completo sin preocupaciones: comenzamos con una valoraci\u00f3n exhaustiva y ofrecemos los inmuebles en toda Europa de forma digital o a trav\u00e9s de socios comerciales en los respectivos pa\u00edses.<\/p>\n<p>Siempre estamos interesados en ampliar nuestra red de socios profesionales para ofrecer siempre el mejor servicio a nuestros clientes. Inf\u00f3rmese ahora sobre nuestra variada gama de servicios y convi\u00e9rtase hoy mismo en nuestro nuevo socio comercial en Alemania, Espa\u00f1a u otros pa\u00edses de la UE.<\/p>\n<h2>\u00danase a nuestra red de socios y convi\u00e9rtase en socio de ventas<\/h2>\n<p>Como empresa inmobiliaria que opera a nivel internacional, en home4you no s\u00f3lo estamos \u00f3ptimamente interconectados digitalmente desde nuestra sede en la ciudad catedralicia de Colonia y en la isla balear de Mallorca, sino que tambi\u00e9n operamos localmente en toda Europa. Ya sea en Alemania, Espa\u00f1a, Francia o Inglaterra: para ofrecer a nuestros clientes unas condiciones de servicio \u00f3ptimas y una comunicaci\u00f3n directa, en home4you contamos con personas de contacto regionales de nuestra amplia red de socios, que tramitan de forma fiable las consultas personales. Esto significa que nuestros clientes son atendidos r\u00e1pidamente y en distancias cortas.<\/p>\n<\/div><div class=\"fusion-sep-clear\"><\/div><div class=\"fusion-separator fusion-full-width-sep\" style=\"margin-left: auto;margin-right: auto;margin-top:40px;width:100%;\"><\/div><div class=\"fusion-sep-clear\"><\/div><div class=\"fusion-clearfix\"><\/div><\/div><\/div><div class=\"fusion-layout-column fusion_builder_column_inner fusion-builder-nested-column-1 fusion_builder_column_inner_1_3 1_3 fusion-one-third\" style=\"--awb-bg-size:cover;width:33.333333333333%;width:calc(33.333333333333% - ( ( 4% + 4% ) * 0.33333333333333 ) );margin-right: 4%;\"><div class=\"fusion-column-wrapper fusion-column-has-shadow fusion-flex-column-wrapper-legacy\"><div class=\"fusion-text fusion-text-3\"><h2>Buscamos proveedores de servicios y agentes Inmobiliarios en toda Europa<\/h2>\n<p>Para garantizar este servicio, buscamos continuamente socios comerciales de confianza en toda Europa. Adem\u00e1s de los principales proveedores de servicios de los sectores del comercio, la reubicaci\u00f3n, la reforma y la renovaci\u00f3n, tambi\u00e9n ofrecemos a nuestros clientes internacionales una estrategia de marketing digital para la que colaboramos estrechamente con empresas de corretaje. Adem\u00e1s, nuestra red de socios tambi\u00e9n incluye agentes de financiaci\u00f3n o seguros a los que remitimos a nuestros clientes o con los que realizamos conjuntamente nuevos proyectos de construcci\u00f3n. home4you est\u00e1 as\u00ed siempre cerca para ofrecer servicios orientados a nuestros propietarios de inmuebles e interesados.<\/p>\n<h2>Esperamos contar con socios comerciales de estos sectores:<\/h2>\n<ul>\n<li>Agente inmobiliario<\/li>\n<li>Corredores de seguros y financiaci\u00f3n<\/li>\n<li>Artesanos<\/li>\n<li>Empresa de pintura<\/li>\n<li>Electricistas<\/li>\n<li>Constructor de cocinas<\/li>\n<li>Empresas de mudanzas<\/li>\n<li>Empresas de renovaci\u00f3n<\/li>\n<li>Proveedores de servicios sanitarios<\/li>\n<li>Constructores de piscinas<\/li>\n<\/ul>\n<\/div><div class=\"fusion-sep-clear\"><\/div><div class=\"fusion-separator fusion-full-width-sep\" style=\"margin-left: auto;margin-right: auto;margin-top:40px;width:100%;\"><\/div><div class=\"fusion-sep-clear\"><\/div><div class=\"fusion-clearfix\"><\/div><\/div><\/div><div class=\"fusion-layout-column fusion_builder_column_inner fusion-builder-nested-column-2 fusion_builder_column_inner_1_3 1_3 fusion-one-third fusion-column-last\" style=\"--awb-bg-size:cover;width:33.333333333333%;width:calc(33.333333333333% - ( ( 4% + 4% ) * 0.33333333333333 ) );\"><div class=\"fusion-column-wrapper fusion-column-has-shadow fusion-flex-column-wrapper-legacy\"><div class=\"fusion-text fusion-text-4\"><h2>Solicite ahora ser socio de ventas en home4you<\/h2>\n<p>Para asegurarnos de que nuestros clientes est\u00e1n bien atendidos antes, durante y despu\u00e9s de la comercializaci\u00f3n, en home4you gestionamos proyectos en muchas \u00e1reas. Tanto si es un artesano familiarizado con la planificaci\u00f3n e instalaci\u00f3n de cocinas de alta calidad, como si est\u00e1 especializado en trabajos profesionales de renovaci\u00f3n y reconversi\u00f3n o es un experto en los oficios de la electricidad, los sanitarios o la construcci\u00f3n de piscinas: Estaremos encantados de que se convierta en nuestro socio de ventas de confianza en home4you como proveedor de servicios o si desea unirse a nosotros como agente inmobiliario europeo. Adem\u00e1s, en lo que respecta a la compra de inmuebles en Espa\u00f1a, tambi\u00e9n damos la bienvenida a socios para comprobar la seguridad jur\u00eddica con el fin de garantizar a nuestros clientes una compraventa inmobiliaria verificada en Mallorca.<\/p>\n<p>Convi\u00e9rtase ahora en socio de ventas para la regi\u00f3n europea y benef\u00edciese como proveedor de servicios o agente inmobiliario de nuestra cartera internacional de clientes. Esperamos sus noticias.<\/p>\n<\/div><div class=\"fusion-flip-boxes flip-boxes row fusion-columns-1 flip-effect-classic\"><div class=\"fusion-flip-box-wrapper fusion-column col-lg-12 col-md-12 col-sm-12\"><div class=\"fusion-flip-box flip-right\" tabindex=\"0\"><div class=\"flip-box-inner-wrapper\"><div class=\"flip-box-front\" style=\"--awb-background-color-front:#ffc107;\"><div class=\"flip-box-front-inner\"><div class=\"flip-box-grafix flip-box-circle\"><i aria-hidden=\"true\" class=\"fa-handshake far\"><\/i><\/div><h2 class=\"flip-box-heading\">convertirse en un socio de ventas.<\/h2> <\/div><\/div><div class=\"flip-box-back\" style=\"--awb-background-color-back:#607d8b;\"><div class=\"flip-box-back-inner\"><h3 class=\"flip-box-heading-back\">Convi\u00e9rtete en un socio de ventas ahora:<\/h3>\n<p style=\"text-align: center;\"><strong>Contacte con<br \/>\n<a href=\"mailto:info@home4you.info\">e-Mail: info@home4you.info<\/a><br \/>\n<\/strong><strong>tel\u00e9fono :<\/strong>\u00a0+49 (0) 221 \u2013 33 96 30 20<br \/>\n<strong>tel\u00e9fono m\u00f3vil:<\/strong> +49 (0) 172 \u2013 25 92 996<br \/>\n<strong>fax<\/strong>: +49 (0) 221 \u2013 33 97 30 20<\/p>\n<\/div><\/div><\/div><\/div><\/div><\/div><div class=\"clearfix\"><\/div><div class=\"fusion-clearfix\"><\/div><\/div><\/div><\/div><div class=\"fusion-clearfix\"><\/div><\/div><\/div><\/div><\/div><div class=\"fusion-fullwidth fullwidth-box fusion-builder-row-3 nonhundred-percent-fullwidth non-hundred-percent-height-scrolling\" style=\"--awb-border-radius-top-left:0px;--awb-border-radius-top-right:0px;--awb-border-radius-bottom-right:0px;--awb-border-radius-bottom-left:0px;--awb-flex-wrap:wrap;\" ><div class=\"fusion-builder-row fusion-row\"><div class=\"fusion-layout-column fusion_builder_column fusion-builder-column-3 fusion_builder_column_1_1 1_1 fusion-one-full fusion-column-first fusion-column-last\" style=\"--awb-bg-size:cover;\"><div class=\"fusion-column-wrapper fusion-column-has-shadow fusion-flex-column-wrapper-legacy\"><div class=\"fusion-title title fusion-title-3 fusion-sep-none fusion-title-text fusion-title-size-one\" style=\"--awb-text-color:#607d8b;\"><h1 class=\"fusion-title-heading title-heading-left\" style=\"margin:0;\"><h6>La confianza es tan simple.<\/h6><\/h1><\/div><div class=\"fusion-clearfix\"><\/div><\/div><\/div><\/div><\/div><\/p>\n","protected":false},"excerpt":{"rendered":"","protected":false},"author":1,"featured_media":0,"parent":131932,"menu_order":9,"comment_status":"closed","ping_status":"closed","template":"100-width.php","meta":{"footnotes":""},"class_list":["post-61657","page","type-page","status-publish","hentry"],"yoast_head":"<!-- This site is optimized with the Yoast SEO plugin v26.8 - https:\/\/yoast.com\/product\/yoast-seo-wordpress\/ -->\n<title>Nuestros socios | home4you<\/title>\n<meta name=\"description\" content=\"home4you colabora con muchos expertos en Colonia y en Mallorca. Aqu\u00ed encontrar\u00e1 un resumen de nuestros socios locales.\" \/>\n<meta name=\"robots\" content=\"index, follow, max-snippet:-1, max-image-preview:large, max-video-preview:-1\" \/>\n<link rel=\"canonical\" href=\"https:\/\/home4you.info\/es\/sobre-nosotros\/socio\/\" \/>\n<meta property=\"og:locale\" content=\"es_ES\" \/>\n<meta property=\"og:type\" content=\"article\" \/>\n<meta property=\"og:title\" content=\"Nuestros socios | home4you\" \/>\n<meta property=\"og:description\" content=\"home4you colabora con muchos expertos en Colonia y en Mallorca. Aqu\u00ed encontrar\u00e1 un resumen de nuestros socios locales.\" \/>\n<meta property=\"og:url\" content=\"https:\/\/home4you.info\/es\/sobre-nosotros\/socio\/\" \/>\n<meta property=\"og:site_name\" content=\"home4you\" \/>\n<meta property=\"article:publisher\" content=\"https:\/\/www.facebook.com\/profile.php?id=100058838386052\" \/>\n<meta property=\"article:modified_time\" content=\"2025-01-06T16:34:26+00:00\" \/>\n<meta name=\"twitter:card\" content=\"summary_large_image\" \/>\n<meta name=\"twitter:label1\" content=\"Tiempo de lectura\" \/>\n\t<meta name=\"twitter:data1\" content=\"7 minutos\" \/>\n<script type=\"application\/ld+json\" class=\"yoast-schema-graph\">{\"@context\":\"https:\/\/schema.org\",\"@graph\":[{\"@type\":\"WebPage\",\"@id\":\"https:\/\/home4you.info\/es\/sobre-nosotros\/socio\/\",\"url\":\"https:\/\/home4you.info\/es\/sobre-nosotros\/socio\/\",\"name\":\"Nuestros socios | home4you\",\"isPartOf\":{\"@id\":\"https:\/\/home4you.info\/es\/#website\"},\"datePublished\":\"2020-06-25T14:55:39+00:00\",\"dateModified\":\"2025-01-06T16:34:26+00:00\",\"description\":\"home4you colabora con muchos expertos en Colonia y en Mallorca. Aqu\u00ed encontrar\u00e1 un resumen de nuestros socios locales.\",\"breadcrumb\":{\"@id\":\"https:\/\/home4you.info\/es\/sobre-nosotros\/socio\/#breadcrumb\"},\"inLanguage\":\"es\",\"potentialAction\":[{\"@type\":\"ReadAction\",\"target\":[\"https:\/\/home4you.info\/es\/sobre-nosotros\/socio\/\"]}]},{\"@type\":\"BreadcrumbList\",\"@id\":\"https:\/\/home4you.info\/es\/sobre-nosotros\/socio\/#breadcrumb\",\"itemListElement\":[{\"@type\":\"ListItem\",\"position\":1,\"name\":\"Startseite\",\"item\":\"https:\/\/home4you.info\/es\/home\/\"},{\"@type\":\"ListItem\",\"position\":2,\"name\":\"Sobre nosotros\",\"item\":\"https:\/\/home4you.info\/es\/sobre-nosotros\/\"},{\"@type\":\"ListItem\",\"position\":3,\"name\":\"Socio\"}]},{\"@type\":\"WebSite\",\"@id\":\"https:\/\/home4you.info\/es\/#website\",\"url\":\"https:\/\/home4you.info\/es\/\",\"name\":\"home4you\",\"description\":\"modern home \u2013 modern living\",\"publisher\":{\"@id\":\"https:\/\/home4you.info\/es\/#organization\"},\"potentialAction\":[{\"@type\":\"SearchAction\",\"target\":{\"@type\":\"EntryPoint\",\"urlTemplate\":\"https:\/\/home4you.info\/es\/?s={search_term_string}\"},\"query-input\":{\"@type\":\"PropertyValueSpecification\",\"valueRequired\":true,\"valueName\":\"search_term_string\"}}],\"inLanguage\":\"es\"},{\"@type\":\"Organization\",\"@id\":\"https:\/\/home4you.info\/es\/#organization\",\"name\":\"home4you\",\"url\":\"https:\/\/home4you.info\/es\/\",\"logo\":{\"@type\":\"ImageObject\",\"inLanguage\":\"es\",\"@id\":\"https:\/\/home4you.info\/es\/#\/schema\/logo\/image\/\",\"url\":\"https:\/\/home4you.info\/wp-content\/uploads\/2021\/10\/03logo3.png\",\"contentUrl\":\"https:\/\/home4you.info\/wp-content\/uploads\/2021\/10\/03logo3.png\",\"width\":398,\"height\":274,\"caption\":\"home4you\"},\"image\":{\"@id\":\"https:\/\/home4you.info\/es\/#\/schema\/logo\/image\/\"},\"sameAs\":[\"https:\/\/www.facebook.com\/profile.php?id=100058838386052\",\"https:\/\/www.instagram.com\/home4you_immobilien\/\"]}]}<\/script>\n<!-- \/ Yoast SEO plugin. -->","yoast_head_json":{"title":"Nuestros socios | home4you","description":"home4you colabora con muchos expertos en Colonia y en Mallorca. Aqu\u00ed encontrar\u00e1 un resumen de nuestros socios locales.","robots":{"index":"index","follow":"follow","max-snippet":"max-snippet:-1","max-image-preview":"max-image-preview:large","max-video-preview":"max-video-preview:-1"},"canonical":"https:\/\/home4you.info\/es\/sobre-nosotros\/socio\/","og_locale":"es_ES","og_type":"article","og_title":"Nuestros socios | home4you","og_description":"home4you colabora con muchos expertos en Colonia y en Mallorca. Aqu\u00ed encontrar\u00e1 un resumen de nuestros socios locales.","og_url":"https:\/\/home4you.info\/es\/sobre-nosotros\/socio\/","og_site_name":"home4you","article_publisher":"https:\/\/www.facebook.com\/profile.php?id=100058838386052","article_modified_time":"2025-01-06T16:34:26+00:00","twitter_card":"summary_large_image","twitter_misc":{"Tiempo de lectura":"7 minutos"},"schema":{"@context":"https:\/\/schema.org","@graph":[{"@type":"WebPage","@id":"https:\/\/home4you.info\/es\/sobre-nosotros\/socio\/","url":"https:\/\/home4you.info\/es\/sobre-nosotros\/socio\/","name":"Nuestros socios | home4you","isPartOf":{"@id":"https:\/\/home4you.info\/es\/#website"},"datePublished":"2020-06-25T14:55:39+00:00","dateModified":"2025-01-06T16:34:26+00:00","description":"home4you colabora con muchos expertos en Colonia y en Mallorca. Aqu\u00ed encontrar\u00e1 un resumen de nuestros socios locales.","breadcrumb":{"@id":"https:\/\/home4you.info\/es\/sobre-nosotros\/socio\/#breadcrumb"},"inLanguage":"es","potentialAction":[{"@type":"ReadAction","target":["https:\/\/home4you.info\/es\/sobre-nosotros\/socio\/"]}]},{"@type":"BreadcrumbList","@id":"https:\/\/home4you.info\/es\/sobre-nosotros\/socio\/#breadcrumb","itemListElement":[{"@type":"ListItem","position":1,"name":"Startseite","item":"https:\/\/home4you.info\/es\/home\/"},{"@type":"ListItem","position":2,"name":"Sobre nosotros","item":"https:\/\/home4you.info\/es\/sobre-nosotros\/"},{"@type":"ListItem","position":3,"name":"Socio"}]},{"@type":"WebSite","@id":"https:\/\/home4you.info\/es\/#website","url":"https:\/\/home4you.info\/es\/","name":"home4you","description":"modern home \u2013 modern living","publisher":{"@id":"https:\/\/home4you.info\/es\/#organization"},"potentialAction":[{"@type":"SearchAction","target":{"@type":"EntryPoint","urlTemplate":"https:\/\/home4you.info\/es\/?s={search_term_string}"},"query-input":{"@type":"PropertyValueSpecification","valueRequired":true,"valueName":"search_term_string"}}],"inLanguage":"es"},{"@type":"Organization","@id":"https:\/\/home4you.info\/es\/#organization","name":"home4you","url":"https:\/\/home4you.info\/es\/","logo":{"@type":"ImageObject","inLanguage":"es","@id":"https:\/\/home4you.info\/es\/#\/schema\/logo\/image\/","url":"https:\/\/home4you.info\/wp-content\/uploads\/2021\/10\/03logo3.png","contentUrl":"https:\/\/home4you.info\/wp-content\/uploads\/2021\/10\/03logo3.png","width":398,"height":274,"caption":"home4you"},"image":{"@id":"https:\/\/home4you.info\/es\/#\/schema\/logo\/image\/"},"sameAs":["https:\/\/www.facebook.com\/profile.php?id=100058838386052","https:\/\/www.instagram.com\/home4you_immobilien\/"]}]}},"_links":{"self":[{"href":"https:\/\/home4you.info\/es\/wp-json\/wp\/v2\/pages\/61657","targetHints":{"allow":["GET"]}}],"collection":[{"href":"https:\/\/home4you.info\/es\/wp-json\/wp\/v2\/pages"}],"about":[{"href":"https:\/\/home4you.info\/es\/wp-json\/wp\/v2\/types\/page"}],"author":[{"embeddable":true,"href":"https:\/\/home4you.info\/es\/wp-json\/wp\/v2\/users\/1"}],"replies":[{"embeddable":true,"href":"https:\/\/home4you.info\/es\/wp-json\/wp\/v2\/comments?post=61657"}],"version-history":[{"count":0,"href":"https:\/\/home4you.info\/es\/wp-json\/wp\/v2\/pages\/61657\/revisions"}],"up":[{"embeddable":true,"href":"https:\/\/home4you.info\/es\/wp-json\/wp\/v2\/pages\/131932"}],"wp:attachment":[{"href":"https:\/\/home4you.info\/es\/wp-json\/wp\/v2\/media?parent=61657"}],"curies":[{"name":"wp","href":"https:\/\/api.w.org\/{rel}","templated":true}]}}