{"id":61669,"date":"2020-06-25T17:21:40","date_gmt":"2020-06-25T15:21:40","guid":{"rendered":"https:\/\/home4you.info\/politica-de-cancelacion\/"},"modified":"2023-01-20T11:51:39","modified_gmt":"2023-01-20T10:51:39","slug":"politica-de-cancelacion","status":"publish","type":"page","link":"https:\/\/home4you.info\/es\/politica-de-cancelacion\/","title":{"rendered":"Pol\u00edtica de cancelaci\u00f3n"},"content":{"rendered":"<div class=\"fusion-fullwidth fullwidth-box fusion-builder-row-1 nonhundred-percent-fullwidth non-hundred-percent-height-scrolling\" style=\"--awb-border-radius-top-left:0px;--awb-border-radius-top-right:0px;--awb-border-radius-bottom-right:0px;--awb-border-radius-bottom-left:0px;--awb-flex-wrap:wrap;\" ><div class=\"fusion-builder-row fusion-row\"><div class=\"fusion-layout-column fusion_builder_column fusion-builder-column-0 fusion_builder_column_1_1 1_1 fusion-one-full fusion-column-first fusion-column-last\" style=\"--awb-bg-size:cover;\"><div class=\"fusion-column-wrapper fusion-flex-column-wrapper-legacy\"><div class=\"fusion-title title fusion-title-1 fusion-sep-none fusion-title-text fusion-title-size-one\"><h1 class=\"fusion-title-heading title-heading-left\" style=\"margin:0;\"><h1 id=\"u1829-2\" data-fontsize=\"24\" data-lineheight=\"36\">Pol\u00edtica de cancelaci\u00f3n<\/h1><\/h1><\/div><div class=\"fusion-builder-row fusion-builder-row-inner fusion-row\"><div class=\"fusion-layout-column fusion_builder_column_inner fusion-builder-nested-column-0 fusion_builder_column_inner_1_3 1_3 fusion-one-third fusion-column-first\" style=\"--awb-bg-size:cover;width:33.333333333333%;width:calc(33.333333333333% - ( ( 4% + 4% ) * 0.33333333333333 ) );margin-right: 4%;\"><div class=\"fusion-column-wrapper fusion-flex-column-wrapper-legacy\"><div class=\"fusion-text fusion-text-1\"><p>Derecho de retractaci\u00f3n &#8211; para los contratos celebrados fuera de los locales comerciales y para los contratos a distancia, con la excepci\u00f3n de los contratos de servicios financieros<\/p>\n<p>Derecho de retractaci\u00f3n:<br \/>\nPuede revocar su declaraci\u00f3n contractual en un plazo de 14 d\u00edas sin dar razones por escrito (por ejemplo, carta, fax, correo electr\u00f3nico). El per\u00edodo de revocaci\u00f3n es de 14 d\u00edas a partir de la fecha de conclusi\u00f3n del contrato. Para ejercer su derecho de revocaci\u00f3n, debe informarnos mediante una declaraci\u00f3n clara (por ejemplo, una carta, un fax o un correo electr\u00f3nico enviado por correo) de su decisi\u00f3n de revocar este contrato. Puede utilizar el formulario de revocaci\u00f3n de muestra adjunto para este fin, pero no es obligatorio.<\/p>\n<p>El env\u00edo oportuno de la revocaci\u00f3n es suficiente para cumplir con el per\u00edodo de revocaci\u00f3n. La revocaci\u00f3n debe ser enviada a:<\/p>\n<p>home4you real estate<br \/>\nMore4you-cologne GmbH<br \/>\nCardinaltr. 5<br \/>\n5\u00df67\u00df Colonia<br \/>\nAlemania<br \/>\nFax: +49 (221) 33 97 3020<br \/>\ne-mail: <a href=\"mailto:info@home4you.info\">info@home4you.info<\/a><\/p>\n<\/div><div class=\"fusion-clearfix\"><\/div><\/div><\/div><div class=\"fusion-layout-column fusion_builder_column_inner fusion-builder-nested-column-1 fusion_builder_column_inner_1_3 1_3 fusion-one-third\" style=\"--awb-bg-size:cover;width:33.333333333333%;width:calc(33.333333333333% - ( ( 4% + 4% ) * 0.33333333333333 ) );margin-right: 4%;\"><div class=\"fusion-column-wrapper fusion-flex-column-wrapper-legacy\"><div class=\"fusion-text fusion-text-2\"><p><strong>Consecuencias de la revocaci\u00f3n:<\/strong><br \/>\nSi revoca este contrato, debemos reembolsarle todos los pagos que hayamos recibido de usted inmediatamente y a m\u00e1s tardar en un plazo de 14 d\u00edas a partir del d\u00eda en que recibamos la notificaci\u00f3n de su revocaci\u00f3n de este contrato. Utilizaremos para este reembolso el mismo medio de pago que utiliz\u00f3 para la transacci\u00f3n original, a menos que se acuerde expresamente lo contrario con usted; en ning\u00fan caso le cobraremos por este reembolso.<\/p>\n<\/div><div class=\"fusion-clearfix\"><\/div><\/div><\/div><div class=\"fusion-layout-column fusion_builder_column_inner fusion-builder-nested-column-2 fusion_builder_column_inner_1_3 1_3 fusion-one-third fusion-column-last\" style=\"--awb-bg-size:cover;width:33.333333333333%;width:calc(33.333333333333% - ( ( 4% + 4% ) * 0.33333333333333 ) );\"><div class=\"fusion-column-wrapper fusion-flex-column-wrapper-legacy\"><div class=\"fusion-text fusion-text-3\"><p>Haben Sie verlangt, dass die Dienstleistung w\u00e4hrend der Widerrufsfrist beginnen soll, so haben Sie uns einen angemessenen Betrag zu zahlen, der dem Anteil der bis zu dem Zeitpunkt, zu dem Sie uns von der Aus\u00fcbung des Widerrufsrechts hinsichtlich dieses Vertrags unterrichten, bereits erbrachten Dienstleistungen im Vergleich zum Gesamtumfang der im Vertrag vorgesehenen Dienstleistungen entspricht.<\/p>\n<p><strong>Erl\u00f6schen des Widerrufsrechts \/Folgen des Widerrufs:<\/strong><br \/>\nIm Falle eines Fernabsatzgesetzes erlischt Ihr Widerrufsrecht vorzeitig, wenn der Vertrag von beiden Seiten auf Ihren ausdr\u00fccklichen Wunsch vollst\u00e4ndig erf\u00fcllt ist, bevor Sie Ihr Widerrufsrecht ausge\u00fcbt haben.<\/p>\n<\/div><div class=\"fusion-clearfix\"><\/div><\/div><\/div><\/div><div class=\"fusion-text fusion-text-4\"><h2>Ejemplo de formulario de revocaci\u00f3n<\/h2>\n<p>Si desea cancelar el contrato, por favor, rellene este formulario y env\u00edelo de vuelta a<\/p>\n<p>home4you real estate<br \/>\nMore4you-cologne GmbH<br \/>\nCardinaltr. 5<br \/>\n5\u00df67\u00df Colonia<br \/>\nAlemania<br \/>\nFax: +49 (221) 33 97 3020<\/p>\n<p>e-mail: <a href=\"mailto:info@home4you.info\">info@home4you.info<\/a><\/p>\n<p>Yo\/nosotros (*) revoco\/revocamos el contrato celebrado por m\u00ed\/nosotros (*) para la prestaci\u00f3n de servicios de corretaje<\/p>\n<p>de:\u00a0 \u00a0 \u00a0 \u00a0 \u00a0 \u00a0 \u00a0 \u00a0 \u00a0 \u00a0 \u00a0 \u00a0 \u00a0 \u00a0 \u00a0 \u00a0 \u00a0 \u00a0 \u00a0 \u00a0 \u00a0 m\u00e1s o menos:<\/p>\n<p>Nombre del consumidor(es):<\/p>\n<p>direcci\u00f3n del consumidor o consumidores:<\/p>\n<p>fecha:<\/p>\n<p>Firma del consumidor o consumidores (s\u00f3lo en caso de comunicaci\u00f3n en papel):<\/p>\n<p>_____________________________________<br \/>\n(*)Supr\u00edmase seg\u00fan proceda<\/p>\n<p>Fin de la pol\u00edtica de cancelaci\u00f3n<\/p>\n<\/div><div class=\"fusion-clearfix\"><\/div><\/div><\/div><\/div><\/div>\n","protected":false},"excerpt":{"rendered":"","protected":false},"author":1,"featured_media":0,"parent":0,"menu_order":9,"comment_status":"closed","ping_status":"closed","template":"","meta":{"footnotes":""},"class_list":["post-61669","page","type-page","status-publish","hentry"],"yoast_head":"<!-- This site is optimized with the Yoast SEO plugin v26.8 - https:\/\/yoast.com\/product\/yoast-seo-wordpress\/ -->\n<title>Pol\u00edtica de cancelaci\u00f3n | home4you<\/title>\n<meta name=\"robots\" content=\"index, follow, max-snippet:-1, max-image-preview:large, max-video-preview:-1\" \/>\n<link rel=\"canonical\" href=\"https:\/\/home4you.info\/es\/politica-de-cancelacion\/\" \/>\n<meta property=\"og:locale\" content=\"es_ES\" \/>\n<meta property=\"og:type\" content=\"article\" \/>\n<meta property=\"og:title\" content=\"Pol\u00edtica de cancelaci\u00f3n | home4you\" \/>\n<meta property=\"og:url\" content=\"https:\/\/home4you.info\/es\/politica-de-cancelacion\/\" \/>\n<meta property=\"og:site_name\" content=\"home4you\" \/>\n<meta property=\"article:publisher\" content=\"https:\/\/www.facebook.com\/profile.php?id=100058838386052\" \/>\n<meta property=\"article:modified_time\" content=\"2023-01-20T10:51:39+00:00\" \/>\n<meta name=\"twitter:card\" content=\"summary_large_image\" \/>\n<meta name=\"twitter:label1\" content=\"Tiempo de lectura\" \/>\n\t<meta name=\"twitter:data1\" content=\"5 minutos\" \/>\n<script type=\"application\/ld+json\" class=\"yoast-schema-graph\">{\"@context\":\"https:\/\/schema.org\",\"@graph\":[{\"@type\":\"WebPage\",\"@id\":\"https:\/\/home4you.info\/es\/politica-de-cancelacion\/\",\"url\":\"https:\/\/home4you.info\/es\/politica-de-cancelacion\/\",\"name\":\"Pol\u00edtica de cancelaci\u00f3n | home4you\",\"isPartOf\":{\"@id\":\"https:\/\/home4you.info\/es\/#website\"},\"datePublished\":\"2020-06-25T15:21:40+00:00\",\"dateModified\":\"2023-01-20T10:51:39+00:00\",\"breadcrumb\":{\"@id\":\"https:\/\/home4you.info\/es\/politica-de-cancelacion\/#breadcrumb\"},\"inLanguage\":\"es\",\"potentialAction\":[{\"@type\":\"ReadAction\",\"target\":[\"https:\/\/home4you.info\/es\/politica-de-cancelacion\/\"]}]},{\"@type\":\"BreadcrumbList\",\"@id\":\"https:\/\/home4you.info\/es\/politica-de-cancelacion\/#breadcrumb\",\"itemListElement\":[{\"@type\":\"ListItem\",\"position\":1,\"name\":\"Startseite\",\"item\":\"https:\/\/home4you.info\/es\/home\/\"},{\"@type\":\"ListItem\",\"position\":2,\"name\":\"Pol\u00edtica de cancelaci\u00f3n\"}]},{\"@type\":\"WebSite\",\"@id\":\"https:\/\/home4you.info\/es\/#website\",\"url\":\"https:\/\/home4you.info\/es\/\",\"name\":\"home4you\",\"description\":\"modern home \u2013 modern living\",\"publisher\":{\"@id\":\"https:\/\/home4you.info\/es\/#organization\"},\"potentialAction\":[{\"@type\":\"SearchAction\",\"target\":{\"@type\":\"EntryPoint\",\"urlTemplate\":\"https:\/\/home4you.info\/es\/?s={search_term_string}\"},\"query-input\":{\"@type\":\"PropertyValueSpecification\",\"valueRequired\":true,\"valueName\":\"search_term_string\"}}],\"inLanguage\":\"es\"},{\"@type\":\"Organization\",\"@id\":\"https:\/\/home4you.info\/es\/#organization\",\"name\":\"home4you\",\"url\":\"https:\/\/home4you.info\/es\/\",\"logo\":{\"@type\":\"ImageObject\",\"inLanguage\":\"es\",\"@id\":\"https:\/\/home4you.info\/es\/#\/schema\/logo\/image\/\",\"url\":\"https:\/\/home4you.info\/wp-content\/uploads\/2021\/10\/03logo3.png\",\"contentUrl\":\"https:\/\/home4you.info\/wp-content\/uploads\/2021\/10\/03logo3.png\",\"width\":398,\"height\":274,\"caption\":\"home4you\"},\"image\":{\"@id\":\"https:\/\/home4you.info\/es\/#\/schema\/logo\/image\/\"},\"sameAs\":[\"https:\/\/www.facebook.com\/profile.php?id=100058838386052\",\"https:\/\/www.instagram.com\/home4you_immobilien\/\"]}]}<\/script>\n<!-- \/ Yoast SEO plugin. -->","yoast_head_json":{"title":"Pol\u00edtica de cancelaci\u00f3n | home4you","robots":{"index":"index","follow":"follow","max-snippet":"max-snippet:-1","max-image-preview":"max-image-preview:large","max-video-preview":"max-video-preview:-1"},"canonical":"https:\/\/home4you.info\/es\/politica-de-cancelacion\/","og_locale":"es_ES","og_type":"article","og_title":"Pol\u00edtica de cancelaci\u00f3n | home4you","og_url":"https:\/\/home4you.info\/es\/politica-de-cancelacion\/","og_site_name":"home4you","article_publisher":"https:\/\/www.facebook.com\/profile.php?id=100058838386052","article_modified_time":"2023-01-20T10:51:39+00:00","twitter_card":"summary_large_image","twitter_misc":{"Tiempo de lectura":"5 minutos"},"schema":{"@context":"https:\/\/schema.org","@graph":[{"@type":"WebPage","@id":"https:\/\/home4you.info\/es\/politica-de-cancelacion\/","url":"https:\/\/home4you.info\/es\/politica-de-cancelacion\/","name":"Pol\u00edtica de cancelaci\u00f3n | home4you","isPartOf":{"@id":"https:\/\/home4you.info\/es\/#website"},"datePublished":"2020-06-25T15:21:40+00:00","dateModified":"2023-01-20T10:51:39+00:00","breadcrumb":{"@id":"https:\/\/home4you.info\/es\/politica-de-cancelacion\/#breadcrumb"},"inLanguage":"es","potentialAction":[{"@type":"ReadAction","target":["https:\/\/home4you.info\/es\/politica-de-cancelacion\/"]}]},{"@type":"BreadcrumbList","@id":"https:\/\/home4you.info\/es\/politica-de-cancelacion\/#breadcrumb","itemListElement":[{"@type":"ListItem","position":1,"name":"Startseite","item":"https:\/\/home4you.info\/es\/home\/"},{"@type":"ListItem","position":2,"name":"Pol\u00edtica de cancelaci\u00f3n"}]},{"@type":"WebSite","@id":"https:\/\/home4you.info\/es\/#website","url":"https:\/\/home4you.info\/es\/","name":"home4you","description":"modern home \u2013 modern living","publisher":{"@id":"https:\/\/home4you.info\/es\/#organization"},"potentialAction":[{"@type":"SearchAction","target":{"@type":"EntryPoint","urlTemplate":"https:\/\/home4you.info\/es\/?s={search_term_string}"},"query-input":{"@type":"PropertyValueSpecification","valueRequired":true,"valueName":"search_term_string"}}],"inLanguage":"es"},{"@type":"Organization","@id":"https:\/\/home4you.info\/es\/#organization","name":"home4you","url":"https:\/\/home4you.info\/es\/","logo":{"@type":"ImageObject","inLanguage":"es","@id":"https:\/\/home4you.info\/es\/#\/schema\/logo\/image\/","url":"https:\/\/home4you.info\/wp-content\/uploads\/2021\/10\/03logo3.png","contentUrl":"https:\/\/home4you.info\/wp-content\/uploads\/2021\/10\/03logo3.png","width":398,"height":274,"caption":"home4you"},"image":{"@id":"https:\/\/home4you.info\/es\/#\/schema\/logo\/image\/"},"sameAs":["https:\/\/www.facebook.com\/profile.php?id=100058838386052","https:\/\/www.instagram.com\/home4you_immobilien\/"]}]}},"_links":{"self":[{"href":"https:\/\/home4you.info\/es\/wp-json\/wp\/v2\/pages\/61669","targetHints":{"allow":["GET"]}}],"collection":[{"href":"https:\/\/home4you.info\/es\/wp-json\/wp\/v2\/pages"}],"about":[{"href":"https:\/\/home4you.info\/es\/wp-json\/wp\/v2\/types\/page"}],"author":[{"embeddable":true,"href":"https:\/\/home4you.info\/es\/wp-json\/wp\/v2\/users\/1"}],"replies":[{"embeddable":true,"href":"https:\/\/home4you.info\/es\/wp-json\/wp\/v2\/comments?post=61669"}],"version-history":[{"count":0,"href":"https:\/\/home4you.info\/es\/wp-json\/wp\/v2\/pages\/61669\/revisions"}],"wp:attachment":[{"href":"https:\/\/home4you.info\/es\/wp-json\/wp\/v2\/media?parent=61669"}],"curies":[{"name":"wp","href":"https:\/\/api.w.org\/{rel}","templated":true}]}}