{"id":61673,"date":"2020-06-25T17:27:05","date_gmt":"2020-06-25T15:27:05","guid":{"rendered":"https:\/\/home4you.info\/administracion\/"},"modified":"2025-01-06T15:22:33","modified_gmt":"2025-01-06T14:22:33","slug":"administracion","status":"publish","type":"page","link":"https:\/\/home4you.info\/es\/para-los-propietarios\/administracion\/","title":{"rendered":"Administraci\u00f3n"},"content":{"rendered":"<p><div class=\"fusion-fullwidth fullwidth-box fusion-builder-row-1 fusion-flex-container has-pattern-background has-mask-background fusion-parallax-none nonhundred-percent-fullwidth non-hundred-percent-height-scrolling lazyload\" style=\"--awb-background-position:center bottom;--awb-border-radius-top-left:0px;--awb-border-radius-top-right:0px;--awb-border-radius-bottom-right:0px;--awb-border-radius-bottom-left:0px;--awb-margin-top:-2px;--awb-margin-bottom:20px;--awb-background-size:cover;--awb-flex-wrap:wrap;\" data-bg=\"https:\/\/home4you.info\/wp-content\/uploads\/2024\/12\/verwaltung.jpg\" ><div class=\"fusion-builder-row fusion-row fusion-flex-align-items-flex-start fusion-flex-content-wrap\" style=\"max-width:1144px;margin-left: calc(-4% \/ 2 );margin-right: calc(-4% \/ 2 );\"><div class=\"fusion-layout-column fusion_builder_column fusion-builder-column-0 fusion_builder_column_1_1 1_1 fusion-flex-column\" style=\"--awb-bg-size:cover;--awb-width-large:100%;--awb-margin-top-large:0px;--awb-spacing-right-large:1.92%;--awb-margin-bottom-large:20px;--awb-spacing-left-large:1.92%;--awb-width-medium:100%;--awb-order-medium:0;--awb-spacing-right-medium:1.92%;--awb-spacing-left-medium:1.92%;--awb-width-small:100%;--awb-order-small:0;--awb-spacing-right-small:1.92%;--awb-spacing-left-small:1.92%;\"><div class=\"fusion-column-wrapper fusion-column-has-shadow fusion-flex-justify-content-flex-start fusion-content-layout-column\"><div class=\"fusion-title title fusion-title-1 fusion-sep-none fusion-title-text fusion-title-size-one\" style=\"--awb-text-color:#ffffff;--awb-margin-top:250px;--awb-margin-bottom:300px;--awb-margin-left:50px;--awb-font-size:60px;\"><h1 class=\"fusion-title-heading title-heading-left\" style=\"margin:0;font-size:1em;text-shadow:3px 3px 3px rgba(0,0,0,0.54);\"><p><b>Negociar y dar forma<\/b><br \/>\nbasada en la colaboraci\u00f3n | clara | sencilla<\/p><\/h1><\/div><\/div><\/div><\/div><\/div><div class=\"fusion-fullwidth fullwidth-box fusion-builder-row-2 nonhundred-percent-fullwidth non-hundred-percent-height-scrolling\" style=\"--awb-border-radius-top-left:0px;--awb-border-radius-top-right:0px;--awb-border-radius-bottom-right:0px;--awb-border-radius-bottom-left:0px;--awb-flex-wrap:wrap;\" ><div class=\"fusion-builder-row fusion-row\"><div class=\"fusion-layout-column fusion_builder_column fusion-builder-column-1 fusion_builder_column_1_5 1_5 fusion-one-fifth fusion-column-first\" style=\"--awb-bg-size:cover;--awb-margin-bottom:40px;width:16.8%; margin-right: 4%;\"><div class=\"fusion-column-wrapper fusion-flex-column-wrapper-legacy\"><div class=\"fusion-text fusion-text-1\"><h2>HOME<span style=\"color: #ff9900;\">4<\/span>YOU<\/h2>\n<\/div><div class=\"fusion-sep-clear\"><\/div><div class=\"fusion-separator fusion-full-width-sep\" style=\"margin-left: auto;margin-right: auto;width:100%;\"><div class=\"fusion-separator-border sep-single sep-solid\" style=\"--awb-height:20px;--awb-amount:20px;border-color:#e0dede;border-top-width:1px;\"><\/div><\/div><div class=\"fusion-sep-clear\"><\/div><div class=\"fusion-clearfix\"><\/div><\/div><\/div><div class=\"fusion-layout-column fusion_builder_column fusion-builder-column-2 fusion_builder_column_1_1 1_1 fusion-one-full fusion-column-last\" style=\"--awb-bg-size:cover;\"><div class=\"fusion-column-wrapper fusion-flex-column-wrapper-legacy\"><div class=\"fusion-title title fusion-title-2 fusion-sep-none fusion-title-text fusion-title-size-one\"><h1 class=\"fusion-title-heading title-heading-left\" style=\"margin:0;\"><h1 id=\"u1829-2\" data-fontsize=\"24\" data-lineheight=\"36\">La gesti\u00f3n de los bienes ra\u00edces residenciales<\/h1><\/h1><\/div><div class=\"fusion-builder-row fusion-builder-row-inner fusion-row\"><div class=\"fusion-layout-column fusion_builder_column_inner fusion-builder-nested-column-0 fusion_builder_column_inner_1_3 1_3 fusion-one-third fusion-column-first\" style=\"--awb-bg-size:cover;width:33.333333333333%;width:calc(33.333333333333% - ( ( 4% + 4% ) * 0.33333333333333 ) );margin-right: 4%;\"><div class=\"fusion-column-wrapper fusion-flex-column-wrapper-legacy\"><div class=\"fusion-text fusion-text-2\"><p>Vous cherchez un gestionnaire immobilier fiable pour votre propri\u00e9t\u00e9 \u00e0 Majorque ou \u00e0 Cologne et ses environs ? Alors vous \u00eates \u00e0 la bonne adresse chez home4you. Nous g\u00e9rons la propri\u00e9t\u00e9 commune de propri\u00e9taires d&#8217;appartements au sens du \u00a7 1 alin\u00e9a 2, 3, 5 et 6 de la loi sur la propri\u00e9t\u00e9 immobili\u00e8re ou, pour des tiers, des contrats de location de locaux d&#8217;habitation au sens du \u00a7 549 du Code civil.<\/p>\n<p>Dans ce cadre, nous vous soutenons en tant que propri\u00e9taire gr\u00e2ce \u00e0 nos multiples prestations dans les domaines suivants<\/p>\n<h2>Gestion des locataires et des baux :<\/h2>\n<ul>\n<li>N\u00e9gociation et r\u00e9daction de contrats de location et d&#8217;avenants ainsi que d&#8217;autres contrats sp\u00e9cifiques aux b\u00e2timents<\/li>\n<li>R\u00e9vision des loyers en cas d&#8217;indexation et d&#8217;\u00e9chelonnement des loyers<\/li>\n<li>Ouverture et cl\u00f4ture de comptes<\/li>\n<li>encaissement et gestion des loyers ou des charges (au nom du\/des propri\u00e9taire(s)))<\/li>\n<li>Gestion des cr\u00e9ances envers les locataires et autres d\u00e9biteurs<\/li>\n<li>R\u00e9ception des appartements<\/li>\n<li>Nouvelle location<\/li>\n<\/ul>\n<\/div><div class=\"fusion-clearfix\"><\/div><\/div><\/div><div class=\"fusion-layout-column fusion_builder_column_inner fusion-builder-nested-column-1 fusion_builder_column_inner_1_3 1_3 fusion-one-third\" style=\"--awb-bg-size:cover;width:33.333333333333%;width:calc(33.333333333333% - ( ( 4% + 4% ) * 0.33333333333333 ) );margin-right: 4%;\"><div class=\"fusion-column-wrapper fusion-flex-column-wrapper-legacy\"><div class=\"fusion-text fusion-text-3\"><h2>la facturation et la planification financi\u00e8re :<\/h2>\n<ul>\n<li>d\u00e9compte r\u00e9gulier \u00e0 intervalles convenus vis-\u00e0-vis du\/des propri\u00e9taire(s)<\/li>\n<li>\u00e9tablir les d\u00e9comptes annuels de charges pour les locataires<\/li>\n<li>commander et payer les services publics (d\u00e9chets, \u00e9lectricit\u00e9, eau, etc.)<\/li>\n<li>v\u00e9rification de l&#8217;exactitude et de l&#8217;efficacit\u00e9 des op\u00e9rations financi\u00e8res (montant du loyer, frais d&#8217;assurance, etc.)<\/li>\n<li>Paiement des frais dus<\/li>\n<li>Planification \u00e9conomique<\/li>\n<li>Tenue des registres tels que les dossiers des biens et des locataires<\/li>\n<li>\u00c9tablissement d&#8217;\u00e9valuations pour le propri\u00e9taire<\/li>\n<li>Prise en charge d&#8217;autres t\u00e2ches commerciales (par ex. v\u00e9rification et optimisation des contrats de fourniture d&#8217;\u00e9nergie)<\/li>\n<li>\u00c9valuation et r\u00e9\u00e9valuation de biens immobiliers dans le cadre d&#8217;\u00e9valuations de la valeur v\u00e9nale<\/li>\n<\/ul>\n<\/div><div class=\"fusion-clearfix\"><\/div><\/div><\/div><div class=\"fusion-layout-column fusion_builder_column_inner fusion-builder-nested-column-2 fusion_builder_column_inner_1_3 1_3 fusion-one-third fusion-column-last\" style=\"--awb-bg-size:cover;width:33.333333333333%;width:calc(33.333333333333% - ( ( 4% + 4% ) * 0.33333333333333 ) );\"><div class=\"fusion-column-wrapper fusion-flex-column-wrapper-legacy\"><div class=\"fusion-text fusion-text-4\"><h2>Gestion et entretien des b\u00e2timents :<\/h2>\n<ul>\n<li>exploitation et contr\u00f4le des installations (par ex. sonnette, chauffage, ascenseur)<\/li>\n<li>Contr\u00f4le\/surveillance des prestataires de services (p. ex. nettoyage, entretien du jardin)<\/li>\n<li>Ex\u00e9cution\/contr\u00f4le des mesures de maintenance (entretien, inspection, r\u00e9paration)<\/li>\n<li>R\u00e9alisation de modernisations<\/li>\n<li>Prise en charge d&#8217;autres t\u00e2ches techniques<\/li>\n<\/ul>\n<p>Avec nous, chez home4you, votre bien est entre de bonnes mains. Nous avons l&#8217;exp\u00e9rience et les connaissances n\u00e9cessaires pour g\u00e9rer votre bien immobilier aussi bien \u00e0 Cologne que sur l&#8217;\u00eele de vacances de Majorque. Nous avons \u00e9veill\u00e9 votre int\u00e9r\u00eat ou vous avez encore des questions en suspens ? N&#8217;h\u00e9sitez pas \u00e0 nous contacter. Il vous suffit d&#8217;utiliser notre formulaire de contact ou de nous appeler directement. Nous nous r\u00e9jouissons d&#8217;avoir de vos nouvelles.<\/p>\n<\/div><div class=\"fusion-clearfix\"><\/div><\/div><\/div><\/div><div class=\"fusion-clearfix\"><\/div><\/div><\/div><\/div><\/div><div class=\"fusion-fullwidth fullwidth-box fusion-builder-row-3 nonhundred-percent-fullwidth non-hundred-percent-height-scrolling\" style=\"--awb-border-radius-top-left:0px;--awb-border-radius-top-right:0px;--awb-border-radius-bottom-right:0px;--awb-border-radius-bottom-left:0px;--awb-flex-wrap:wrap;\" ><div class=\"fusion-builder-row fusion-row\"><div class=\"fusion-layout-column fusion_builder_column fusion-builder-column-3 fusion_builder_column_1_1 1_1 fusion-one-full fusion-column-first fusion-column-last\" style=\"--awb-bg-size:cover;\"><div class=\"fusion-column-wrapper fusion-column-has-shadow fusion-flex-column-wrapper-legacy\"><div class=\"fusion-title title fusion-title-3 fusion-sep-none fusion-title-text fusion-title-size-one\" style=\"--awb-text-color:#607d8b;\"><h1 class=\"fusion-title-heading title-heading-left\" style=\"margin:0;\"><h6>Todo en buenas manos.<\/h6><\/h1><\/div><div class=\"fusion-clearfix\"><\/div><\/div><\/div><\/div><\/div><\/p>\n","protected":false},"excerpt":{"rendered":"","protected":false},"author":1,"featured_media":0,"parent":438356,"menu_order":7,"comment_status":"closed","ping_status":"closed","template":"100-width.php","meta":{"footnotes":""},"class_list":["post-61673","page","type-page","status-publish","hentry"],"yoast_head":"<!-- This site is optimized with the Yoast SEO plugin v26.8 - https:\/\/yoast.com\/product\/yoast-seo-wordpress\/ -->\n<title>more4you administra sus bienes inmuebles en Mallorca y en los alrededores de Colonia<\/title>\n<meta name=\"description\" content=\"home4you administra la propiedad com\u00fan de los due\u00f1os de los apartamentos. more4you estar\u00e1 encantado de administrar sus bienes inmuebles tambi\u00e9n\" \/>\n<meta name=\"robots\" content=\"index, follow, max-snippet:-1, max-image-preview:large, max-video-preview:-1\" \/>\n<link rel=\"canonical\" href=\"https:\/\/home4you.info\/es\/para-los-propietarios\/administracion\/\" \/>\n<meta property=\"og:locale\" content=\"es_ES\" \/>\n<meta property=\"og:type\" content=\"article\" \/>\n<meta property=\"og:title\" content=\"more4you administra sus bienes inmuebles en Mallorca y en los alrededores de Colonia\" \/>\n<meta property=\"og:description\" content=\"home4you administra la propiedad com\u00fan de los due\u00f1os de los apartamentos. more4you estar\u00e1 encantado de administrar sus bienes inmuebles tambi\u00e9n\" \/>\n<meta property=\"og:url\" content=\"https:\/\/home4you.info\/es\/para-los-propietarios\/administracion\/\" \/>\n<meta property=\"og:site_name\" content=\"home4you\" \/>\n<meta property=\"article:publisher\" content=\"https:\/\/www.facebook.com\/profile.php?id=100058838386052\" \/>\n<meta property=\"article:modified_time\" content=\"2025-01-06T14:22:33+00:00\" \/>\n<meta name=\"twitter:card\" content=\"summary_large_image\" \/>\n<meta name=\"twitter:label1\" content=\"Tiempo de lectura\" \/>\n\t<meta name=\"twitter:data1\" content=\"5 minutos\" \/>\n<script type=\"application\/ld+json\" class=\"yoast-schema-graph\">{\"@context\":\"https:\/\/schema.org\",\"@graph\":[{\"@type\":\"WebPage\",\"@id\":\"https:\/\/home4you.info\/es\/para-los-propietarios\/administracion\/\",\"url\":\"https:\/\/home4you.info\/es\/para-los-propietarios\/administracion\/\",\"name\":\"more4you administra sus bienes inmuebles en Mallorca y en los alrededores de Colonia\",\"isPartOf\":{\"@id\":\"https:\/\/home4you.info\/es\/#website\"},\"datePublished\":\"2020-06-25T15:27:05+00:00\",\"dateModified\":\"2025-01-06T14:22:33+00:00\",\"description\":\"home4you administra la propiedad com\u00fan de los due\u00f1os de los apartamentos. more4you estar\u00e1 encantado de administrar sus bienes inmuebles tambi\u00e9n\",\"breadcrumb\":{\"@id\":\"https:\/\/home4you.info\/es\/para-los-propietarios\/administracion\/#breadcrumb\"},\"inLanguage\":\"es\",\"potentialAction\":[{\"@type\":\"ReadAction\",\"target\":[\"https:\/\/home4you.info\/es\/para-los-propietarios\/administracion\/\"]}]},{\"@type\":\"BreadcrumbList\",\"@id\":\"https:\/\/home4you.info\/es\/para-los-propietarios\/administracion\/#breadcrumb\",\"itemListElement\":[{\"@type\":\"ListItem\",\"position\":1,\"name\":\"Startseite\",\"item\":\"https:\/\/home4you.info\/es\/home\/\"},{\"@type\":\"ListItem\",\"position\":2,\"name\":\"Para los propietarios\",\"item\":\"https:\/\/home4you.info\/es\/para-los-propietarios\/\"},{\"@type\":\"ListItem\",\"position\":3,\"name\":\"Administraci\u00f3n\"}]},{\"@type\":\"WebSite\",\"@id\":\"https:\/\/home4you.info\/es\/#website\",\"url\":\"https:\/\/home4you.info\/es\/\",\"name\":\"home4you\",\"description\":\"modern home \u2013 modern living\",\"publisher\":{\"@id\":\"https:\/\/home4you.info\/es\/#organization\"},\"potentialAction\":[{\"@type\":\"SearchAction\",\"target\":{\"@type\":\"EntryPoint\",\"urlTemplate\":\"https:\/\/home4you.info\/es\/?s={search_term_string}\"},\"query-input\":{\"@type\":\"PropertyValueSpecification\",\"valueRequired\":true,\"valueName\":\"search_term_string\"}}],\"inLanguage\":\"es\"},{\"@type\":\"Organization\",\"@id\":\"https:\/\/home4you.info\/es\/#organization\",\"name\":\"home4you\",\"url\":\"https:\/\/home4you.info\/es\/\",\"logo\":{\"@type\":\"ImageObject\",\"inLanguage\":\"es\",\"@id\":\"https:\/\/home4you.info\/es\/#\/schema\/logo\/image\/\",\"url\":\"https:\/\/home4you.info\/wp-content\/uploads\/2021\/10\/03logo3.png\",\"contentUrl\":\"https:\/\/home4you.info\/wp-content\/uploads\/2021\/10\/03logo3.png\",\"width\":398,\"height\":274,\"caption\":\"home4you\"},\"image\":{\"@id\":\"https:\/\/home4you.info\/es\/#\/schema\/logo\/image\/\"},\"sameAs\":[\"https:\/\/www.facebook.com\/profile.php?id=100058838386052\",\"https:\/\/www.instagram.com\/home4you_immobilien\/\"]}]}<\/script>\n<!-- \/ Yoast SEO plugin. -->","yoast_head_json":{"title":"more4you administra sus bienes inmuebles en Mallorca y en los alrededores de Colonia","description":"home4you administra la propiedad com\u00fan de los due\u00f1os de los apartamentos. more4you estar\u00e1 encantado de administrar sus bienes inmuebles tambi\u00e9n","robots":{"index":"index","follow":"follow","max-snippet":"max-snippet:-1","max-image-preview":"max-image-preview:large","max-video-preview":"max-video-preview:-1"},"canonical":"https:\/\/home4you.info\/es\/para-los-propietarios\/administracion\/","og_locale":"es_ES","og_type":"article","og_title":"more4you administra sus bienes inmuebles en Mallorca y en los alrededores de Colonia","og_description":"home4you administra la propiedad com\u00fan de los due\u00f1os de los apartamentos. more4you estar\u00e1 encantado de administrar sus bienes inmuebles tambi\u00e9n","og_url":"https:\/\/home4you.info\/es\/para-los-propietarios\/administracion\/","og_site_name":"home4you","article_publisher":"https:\/\/www.facebook.com\/profile.php?id=100058838386052","article_modified_time":"2025-01-06T14:22:33+00:00","twitter_card":"summary_large_image","twitter_misc":{"Tiempo de lectura":"5 minutos"},"schema":{"@context":"https:\/\/schema.org","@graph":[{"@type":"WebPage","@id":"https:\/\/home4you.info\/es\/para-los-propietarios\/administracion\/","url":"https:\/\/home4you.info\/es\/para-los-propietarios\/administracion\/","name":"more4you administra sus bienes inmuebles en Mallorca y en los alrededores de Colonia","isPartOf":{"@id":"https:\/\/home4you.info\/es\/#website"},"datePublished":"2020-06-25T15:27:05+00:00","dateModified":"2025-01-06T14:22:33+00:00","description":"home4you administra la propiedad com\u00fan de los due\u00f1os de los apartamentos. more4you estar\u00e1 encantado de administrar sus bienes inmuebles tambi\u00e9n","breadcrumb":{"@id":"https:\/\/home4you.info\/es\/para-los-propietarios\/administracion\/#breadcrumb"},"inLanguage":"es","potentialAction":[{"@type":"ReadAction","target":["https:\/\/home4you.info\/es\/para-los-propietarios\/administracion\/"]}]},{"@type":"BreadcrumbList","@id":"https:\/\/home4you.info\/es\/para-los-propietarios\/administracion\/#breadcrumb","itemListElement":[{"@type":"ListItem","position":1,"name":"Startseite","item":"https:\/\/home4you.info\/es\/home\/"},{"@type":"ListItem","position":2,"name":"Para los propietarios","item":"https:\/\/home4you.info\/es\/para-los-propietarios\/"},{"@type":"ListItem","position":3,"name":"Administraci\u00f3n"}]},{"@type":"WebSite","@id":"https:\/\/home4you.info\/es\/#website","url":"https:\/\/home4you.info\/es\/","name":"home4you","description":"modern home \u2013 modern living","publisher":{"@id":"https:\/\/home4you.info\/es\/#organization"},"potentialAction":[{"@type":"SearchAction","target":{"@type":"EntryPoint","urlTemplate":"https:\/\/home4you.info\/es\/?s={search_term_string}"},"query-input":{"@type":"PropertyValueSpecification","valueRequired":true,"valueName":"search_term_string"}}],"inLanguage":"es"},{"@type":"Organization","@id":"https:\/\/home4you.info\/es\/#organization","name":"home4you","url":"https:\/\/home4you.info\/es\/","logo":{"@type":"ImageObject","inLanguage":"es","@id":"https:\/\/home4you.info\/es\/#\/schema\/logo\/image\/","url":"https:\/\/home4you.info\/wp-content\/uploads\/2021\/10\/03logo3.png","contentUrl":"https:\/\/home4you.info\/wp-content\/uploads\/2021\/10\/03logo3.png","width":398,"height":274,"caption":"home4you"},"image":{"@id":"https:\/\/home4you.info\/es\/#\/schema\/logo\/image\/"},"sameAs":["https:\/\/www.facebook.com\/profile.php?id=100058838386052","https:\/\/www.instagram.com\/home4you_immobilien\/"]}]}},"_links":{"self":[{"href":"https:\/\/home4you.info\/es\/wp-json\/wp\/v2\/pages\/61673","targetHints":{"allow":["GET"]}}],"collection":[{"href":"https:\/\/home4you.info\/es\/wp-json\/wp\/v2\/pages"}],"about":[{"href":"https:\/\/home4you.info\/es\/wp-json\/wp\/v2\/types\/page"}],"author":[{"embeddable":true,"href":"https:\/\/home4you.info\/es\/wp-json\/wp\/v2\/users\/1"}],"replies":[{"embeddable":true,"href":"https:\/\/home4you.info\/es\/wp-json\/wp\/v2\/comments?post=61673"}],"version-history":[{"count":0,"href":"https:\/\/home4you.info\/es\/wp-json\/wp\/v2\/pages\/61673\/revisions"}],"up":[{"embeddable":true,"href":"https:\/\/home4you.info\/es\/wp-json\/wp\/v2\/pages\/438356"}],"wp:attachment":[{"href":"https:\/\/home4you.info\/es\/wp-json\/wp\/v2\/media?parent=61673"}],"curies":[{"name":"wp","href":"https:\/\/api.w.org\/{rel}","templated":true}]}}