{"id":61686,"date":"2020-06-25T17:54:33","date_gmt":"2020-06-25T15:54:33","guid":{"rendered":"https:\/\/home4you.info\/pie-de-imprenta\/"},"modified":"2026-03-17T16:41:23","modified_gmt":"2026-03-17T15:41:23","slug":"pie-de-imprenta","status":"publish","type":"page","link":"https:\/\/home4you.info\/es\/pie-de-imprenta\/","title":{"rendered":"Pie de imprenta"},"content":{"rendered":"<p><div class=\"fusion-fullwidth fullwidth-box fusion-builder-row-1 nonhundred-percent-fullwidth non-hundred-percent-height-scrolling\" style=\"--awb-border-radius-top-left:0px;--awb-border-radius-top-right:0px;--awb-border-radius-bottom-right:0px;--awb-border-radius-bottom-left:0px;--awb-flex-wrap:wrap;\" ><div class=\"fusion-builder-row fusion-row\"><div class=\"fusion-layout-column fusion_builder_column fusion-builder-column-0 fusion_builder_column_1_1 1_1 fusion-one-full fusion-column-first fusion-column-last\" style=\"--awb-bg-blend:overlay;--awb-bg-size:cover;--awb-margin-top:50px;\" data-motion-effects=\"[{&quot;type&quot;:&quot;&quot;,&quot;scroll_type&quot;:&quot;transition&quot;,&quot;scroll_direction&quot;:&quot;up&quot;,&quot;transition_speed&quot;:&quot;1&quot;,&quot;fade_type&quot;:&quot;in&quot;,&quot;scale_type&quot;:&quot;up&quot;,&quot;initial_scale&quot;:&quot;1&quot;,&quot;max_scale&quot;:&quot;1.5&quot;,&quot;min_scale&quot;:&quot;0.5&quot;,&quot;initial_rotate&quot;:&quot;0&quot;,&quot;end_rotate&quot;:&quot;30&quot;,&quot;initial_blur&quot;:&quot;0&quot;,&quot;end_blur&quot;:&quot;3&quot;,&quot;start_element&quot;:&quot;top&quot;,&quot;start_viewport&quot;:&quot;bottom&quot;,&quot;end_element&quot;:&quot;bottom&quot;,&quot;end_viewport&quot;:&quot;top&quot;,&quot;mouse_effect&quot;:&quot;track&quot;,&quot;mouse_effect_direction&quot;:&quot;opposite&quot;,&quot;mouse_effect_speed&quot;:&quot;2&quot;,&quot;infinite_animation&quot;:&quot;float&quot;,&quot;infinite_animation_speed&quot;:&quot;2&quot;}]\" data-scroll-devices=\"small-visibility,medium-visibility,large-visibility\"><div class=\"fusion-column-wrapper fusion-column-has-shadow fusion-flex-column-wrapper-legacy\"><div class=\"fusion-title title fusion-title-1 fusion-sep-none fusion-title-text fusion-title-size-one\"><h1 class=\"fusion-title-heading title-heading-left\" style=\"margin:0;\"><h1 id=\"u1829-2\" data-fontsize=\"24\" data-lineheight=\"36\"><strong>Pie de imprenta<\/strong><\/h1><\/h1><\/div><div class=\"fusion-clearfix\"><\/div><\/div><\/div><\/div><\/div><div class=\"fusion-fullwidth fullwidth-box fusion-builder-row-2 nonhundred-percent-fullwidth non-hundred-percent-height-scrolling\" style=\"--awb-border-radius-top-left:0px;--awb-border-radius-top-right:0px;--awb-border-radius-bottom-right:0px;--awb-border-radius-bottom-left:0px;--awb-flex-wrap:wrap;\" ><div class=\"fusion-builder-row fusion-row\"><div class=\"fusion-layout-column fusion_builder_column fusion-builder-column-1 fusion_builder_column_1_2 1_2 fusion-one-half fusion-column-first\" style=\"--awb-bg-blend:overlay;--awb-bg-size:cover;width:50%;width:calc(50% - ( ( 4% ) * 0.5 ) );margin-right: 4%;\"><div class=\"fusion-column-wrapper fusion-column-has-shadow fusion-flex-column-wrapper-legacy\"><div class=\"fusion-text fusion-text-1\"><p id=\"u19646-3\">home4you es una marca de<br \/>\nmore4you-cologne GmbH<\/p>\n<p id=\"u19646-7\">Cardinalstr. 5<br \/>\n50670 K\u00f6ln<br \/>\nDeutschland<\/p>\n<p><strong>tel\u00e9fono <\/strong> +49 221 &#8211; 33 96 30 20<\/p>\n<p id=\"u19646-18\">efax +49 221 &#8211; 33 97 30 20<\/p>\n<p><strong>correo electr\u00f3nico<a href=\"mailto:info@home4you.info\"> info@home4you.info<\/a><\/strong><\/p>\n<div class=\"ms-editor-squiggler\" style=\"color: initial; font: initial; font-feature-settings: initial; font-kerning: initial; font-optical-sizing: initial; font-variation-settings: initial; text-orientation: initial; text-rendering: initial; -webkit-font-smoothing: initial; -webkit-locale: initial; -webkit-text-orientation: initial; -webkit-writing-mode: initial; writing-mode: initial; zoom: initial; place-content: initial; place-items: initial; place-self: initial; alignment-baseline: initial; animation: initial; appearance: initial; aspect-ratio: initial; backdrop-filter: initial; backface-visibility: initial; background: initial; background-blend-mode: initial; baseline-shift: initial; block-size: initial; border-block: initial; border: initial; border-radius: initial; border-collapse: initial; border-inline: initial; inset: initial; box-shadow: initial; box-sizing: initial; break-after: initial; break-before: initial; break-inside: initial; buffered-rendering: initial; caption-side: initial; caret-color: initial; clear: initial; clip: initial; clip-path: initial; clip-rule: initial; color-interpolation: initial; color-interpolation-filters: initial; color-rendering: initial; color-scheme: initial; columns: initial; column-fill: initial; gap: initial; column-rule: initial; column-span: initial; contain: initial; contain-intrinsic-size: initial; content: initial; content-visibility: initial; counter-increment: initial; counter-reset: initial; counter-set: initial; cursor: initial; cx: initial; cy: initial; d: initial; display: block; dominant-baseline: initial; empty-cells: initial; fill: initial; fill-opacity: initial; fill-rule: initial; filter: initial; flex: initial; flex-flow: initial; float: initial; flood-color: initial; flood-opacity: initial; grid: initial; grid-area: initial; height: 0px; hyphens: initial; image-orientation: initial; image-rendering: initial; inline-size: initial; inset-block: initial; inset-inline: initial; isolation: initial; letter-spacing: initial; lighting-color: initial; line-break: initial; list-style: initial; margin-block: initial; margin: initial; margin-inline: initial; marker: initial; mask: initial; mask-type: initial; max-block-size: initial; max-height: initial; max-inline-size: initial; max-width: initial; min-block-size: initial; min-height: initial; min-inline-size: initial; min-width: initial; mix-blend-mode: initial; object-fit: initial; object-position: initial; offset: initial; opacity: initial; order: initial; origin-trial-test-property: initial; orphans: initial; outline: initial; outline-offset: initial; overflow-anchor: initial; overflow-wrap: initial; overflow: initial; overscroll-behavior-block: initial; overscroll-behavior-inline: initial; overscroll-behavior: initial; padding-block: initial; padding: initial; padding-inline: initial; page: initial; page-orientation: initial; paint-order: initial; perspective: initial; perspective-origin: initial; pointer-events: initial; position: initial; quotes: initial; r: initial; resize: initial; ruby-position: initial; rx: initial; ry: initial; scroll-behavior: initial; scroll-margin-block: initial; scroll-margin: initial; scroll-margin-inline: initial; scroll-padding-block: initial; scroll-padding: initial; scroll-padding-inline: initial; scroll-snap-align: initial; scroll-snap-stop: initial; scroll-snap-type: initial; shape-image-threshold: initial; shape-margin: initial; shape-outside: initial; shape-rendering: initial; size: initial; speak: initial; stop-color: initial; stop-opacity: initial; stroke: initial; stroke-dasharray: initial; stroke-dashoffset: initial; stroke-linecap: initial; stroke-linejoin: initial; stroke-miterlimit: initial; stroke-opacity: initial; stroke-width: initial; tab-size: initial; table-layout: initial; text-align: initial; text-align-last: initial; text-anchor: initial; text-combine-upright: initial; text-decoration: initial; text-decoration-skip-ink: initial; text-indent: initial; text-overflow: initial; text-shadow: initial; text-size-adjust: initial; text-transform: initial; text-underline-offset: initial; text-underline-position: initial; touch-action: initial; transform: initial; transform-box: initial; transform-origin: initial; transform-style: initial; transition: initial; user-select: initial; vector-effect: initial; vertical-align: initial; visibility: initial; -webkit-app-region: initial; border-spacing: initial; -webkit-border-image: initial; -webkit-box-align: initial; -webkit-box-decoration-break: initial; -webkit-box-direction: initial; -webkit-box-flex: initial; -webkit-box-ordinal-group: initial; -webkit-box-orient: initial; -webkit-box-pack: initial; -webkit-box-reflect: initial; -webkit-highlight: initial; -webkit-hyphenate-character: initial; -webkit-line-break: initial; -webkit-line-clamp: initial; -webkit-mask-box-image: initial; -webkit-mask: initial; -webkit-mask-composite: initial; -webkit-perspective-origin-x: initial; -webkit-perspective-origin-y: initial; -webkit-print-color-adjust: initial; -webkit-rtl-ordering: initial; -webkit-ruby-position: initial; -webkit-tap-highlight-color: initial; -webkit-text-combine: initial; -webkit-text-decorations-in-effect: initial; -webkit-text-emphasis: initial; -webkit-text-emphasis-position: initial; -webkit-text-fill-color: initial; -webkit-text-security: initial; -webkit-text-stroke: initial; -webkit-transform-origin-x: initial; -webkit-transform-origin-y: initial; -webkit-transform-origin-z: initial; -webkit-user-drag: initial; -webkit-user-modify: initial; white-space: initial; widows: initial; width: initial; will-change: initial; word-break: initial; word-spacing: initial; x: initial; y: initial; z-index: initial;\"><\/div>\n<\/div><div class=\"fusion-text fusion-text-2\"><p><strong>Joachim Reuter<\/strong> (socio gerente)<\/p>\n<p>Juzgado de Primera Instancia de Colonia, HRB 83342<br \/>\nN.\u00ba de identificaci\u00f3n fiscal:<br \/>\nDE 298 834 573<\/p>\n<p><b>Venta y intermediaci\u00f3n inmobiliaria<\/b><br \/>\nLa autorizaci\u00f3n prevista en el art\u00edculo 34c del C\u00f3digo de Comercio y Industria (GewO) fue concedida por el Ayuntamiento de Colonia el 2 de enero de 2019.<\/p>\n<\/div><div class=\"fusion-text fusion-text-3\"><p>Tribunal de registro:<br \/>\nJuzgado de Primera Instancia de Colonia.<\/p>\n<p><strong><strong>Autoridad supervisora:<\/strong><\/strong><br \/>\nAyuntamiento de Colonia<br \/>\nOficina de Orden P\u00fablico<br \/>\nWilli-Brandt-Platz 3<br \/>\n50679 Colonia<\/p>\n<\/div><div class=\"fusion-clearfix\"><\/div><\/div><\/div><div class=\"fusion-layout-column fusion_builder_column fusion-builder-column-2 fusion_builder_column_1_2 1_2 fusion-one-half fusion-column-last\" style=\"--awb-bg-blend:overlay;--awb-bg-size:cover;width:50%;width:calc(50% - ( ( 4% ) * 0.5 ) );\"><div class=\"fusion-column-wrapper fusion-column-has-shadow fusion-flex-column-wrapper-legacy\"><div class=\"fusion-text fusion-text-4\"><p class=\"address\"><strong>home4you Mallorca S.L.<br \/>\n<\/strong>Filial espa\u00f1ola<strong><br \/>\n<\/strong><\/p>\n<p class=\"address\">Av. Francesc de Borja Moll 22<br \/>\n07640 Ses Salines \/ Mallorca<br \/>\nEspa\u00f1a <\/p>\n<p class=\"phone\"><b>telefon: ES<\/b> +34 871 90 6000<\/p>\n<p class=\"phone\"><strong>telefon: DE<\/strong> +49 221 \u2013 33 96 30 20<\/p>\n<p><strong>correo electr\u00f3nico <a href=\"mailto:info@home4you.info\">info@home4you.info<\/a><\/strong><\/p>\n<\/div><div class=\"fusion-text fusion-text-5\"><p><strong>Joachim Reuter<\/strong> (CEO)<\/p>\n<p><b>Registro GOIB<\/b><br \/>\nhome4you Mallorca S.L.<span style=\"background-color: rgba(255, 255, 255, 0); color: var(--body_typography-color); font-family: var(--body_typography-font-family); font-size: var(--body_typography-font-size); font-style: var(--body_typography-font-style,normal); font-weight: var(--body_typography-font-weight); letter-spacing: var(--body_typography-letter-spacing);\"><br \/>\n<\/span>GOIBE687979\/2024<\/p>\n<p>Joachim Reuter<br \/>\nGOIBE687874\/2024<\/p>\n<p><strong>Venta y gesti\u00f3n inmobiliaria<\/strong><\/p>\n<\/div><div class=\"fusion-text fusion-text-6\"><p><strong>Registro:<br \/>\n<\/strong>Govern de les Illes Balears<\/p>\n<p><strong>Autoridad supervisora:<\/strong><br \/>Stadt Palma<\/p>\n<\/div><div class=\"fusion-clearfix\"><\/div><\/div><\/div><div class=\"fusion-layout-column fusion_builder_column fusion-builder-column-3 fusion_builder_column_1_2 1_2 fusion-one-half fusion-column-first\" style=\"--awb-bg-blend:overlay;--awb-bg-size:cover;width:50%;width:calc(50% - ( ( 4% ) * 0.5 ) );margin-right: 4%;\"><div class=\"fusion-column-wrapper fusion-column-has-shadow fusion-flex-column-wrapper-legacy\"><div class=\"fusion-text fusion-text-7\"><h3>Derechos de autor<\/h3>\n<p>Los contenidos y obras incluidos en estas p\u00e1ginas, creados por los administradores del sitio, est\u00e1n sujetos a la legislaci\u00f3n alemana en materia de derechos de autor. La reproducci\u00f3n, modificaci\u00f3n, difusi\u00f3n y cualquier tipo de explotaci\u00f3n fuera de los l\u00edmites de los derechos de autor requieren el consentimiento por escrito del autor o creador correspondiente. Las descargas y copias de esta p\u00e1gina solo est\u00e1n permitidas para uso privado y no comercial.  <\/p>\n<p>En la medida en que los contenidos de esta p\u00e1gina no hayan sido creados por el administrador, se respetan los derechos de autor de terceros. En particular, los contenidos de terceros se identifican como tales. No obstante, si detecta alguna infracci\u00f3n de los derechos de autor, le rogamos que nos lo comunique. Tan pronto como tengamos conocimiento de cualquier infracci\u00f3n, eliminaremos dichos contenidos de inmediato.   <\/p>\n<h3>Responsabilidad por los contenidos<\/h3>\n<p>Como prestadores de servicios, somos responsables de los contenidos propios de estas p\u00e1ginas, de conformidad con el art\u00edculo 7, apartado 1, de la Ley alemana de servicios de telecomunicaci\u00f3n (TMG), con arreglo a la legislaci\u00f3n general. No obstante, seg\u00fan los art\u00edculos 8 a 10 de la TMG, como prestadores de servicios no estamos obligados a supervisar la informaci\u00f3n de terceros transmitida o almacenada, ni a investigar circunstancias que indiquen una actividad il\u00edcita.  <\/p>\n<p>Esto no afecta a las obligaciones de eliminar o bloquear el acceso a la informaci\u00f3n previstas en la legislaci\u00f3n general. No obstante, solo se podr\u00e1 exigir responsabilidad al respecto a partir del momento en que se tenga conocimiento de una infracci\u00f3n concreta. Tan pronto como tengamos conocimiento de tales infracciones, eliminaremos dichos contenidos de inmediato.<\/p>\n<\/div><div class=\"fusion-clearfix\"><\/div><\/div><\/div><div class=\"fusion-layout-column fusion_builder_column fusion-builder-column-4 fusion_builder_column_1_2 1_2 fusion-one-half fusion-column-last\" style=\"--awb-bg-blend:overlay;--awb-bg-size:cover;width:50%;width:calc(50% - ( ( 4% ) * 0.5 ) );\"><div class=\"fusion-column-wrapper fusion-column-has-shadow fusion-flex-column-wrapper-legacy\"><div class=\"fusion-text fusion-text-8\"><h3><strong>Informaci\u00f3n sobre la mediaci\u00f3n en materia de consumo:<\/strong><\/h3>\n<p>La empresa more4you-cologne GmbH no est\u00e1 dispuesta ni obligada a participar en procedimientos de resoluci\u00f3n de litigios ante un \u00f3rgano de conciliaci\u00f3n para consumidores.<\/p>\n<h3>Informaci\u00f3n sobre la resoluci\u00f3n de litigios en l\u00ednea en materia de consumo:<\/h3>\n<p>La Comisi\u00f3n Europea pone a disposici\u00f3n una plataforma en l\u00ednea para la resoluci\u00f3n de litigios en l\u00ednea (plataforma RLL) en <a href=\"https:\/\/ec.europa.eu\/consumers\/odr\" target=\"_blank\" rel=\"noopener noreferrer\">https:\/\/ec.europa.eu\/consumers\/odr<\/a>. Tenga en cuenta que, en la actualidad, more4you-cologne GmbH no participa en ning\u00fan procedimiento de resoluci\u00f3n alternativa de litigios que se ofrezca en dicha plataforma, por lo que no podr\u00e1 utilizarla.<br \/>https:\/\/ec.europa.eu\/consumers\/odr <\/p>\n<h3 class=\"fusion-responsive-typography-calculated\" style=\"--fontsize: 20; line-height: 1.5; --minfontsize: 20;\" data-fontsize=\"20\" data-lineheight=\"30px\">Responsabilidad por los enlaces<\/h3>\n<p>Nuestra oferta incluye enlaces a sitios web externos de terceros sobre cuyos contenidos no tenemos control alguno. Por lo tanto, no podemos asumir ninguna responsabilidad por dichos contenidos ajenos. El responsable de los contenidos de las p\u00e1ginas enlazadas es siempre el proveedor o el operador correspondiente de dichas p\u00e1ginas. En el momento de incluir los enlaces, se comprob\u00f3 que las p\u00e1ginas enlazadas no infringieran la ley. En ese momento no se detectaron contenidos ilegales.    <\/p>\n<p>No obstante, no es razonable exigir un control permanente del contenido de las p\u00e1ginas enlazadas si no existen indicios concretos de infracci\u00f3n. En caso de tener conocimiento de alguna infracci\u00f3n, eliminaremos dichos enlaces de inmediato. <\/p>\n<h3>Accesibilidad<\/h3>\n<p>Excepci\u00f3n prevista en el art\u00edculo 3 de la Ley de mejora de la accesibilidad (BFSG)<\/p>\n<\/div><div class=\"fusion-clearfix\"><\/div><\/div><\/div><\/div><\/div><\/p>\n","protected":false},"excerpt":{"rendered":"","protected":false},"author":1,"featured_media":0,"parent":0,"menu_order":9,"comment_status":"closed","ping_status":"closed","template":"100-width.php","meta":{"footnotes":""},"class_list":["post-61686","page","type-page","status-publish","hentry"],"yoast_head":"<!-- This site is optimized with the Yoast SEO plugin v26.8 - https:\/\/yoast.com\/product\/yoast-seo-wordpress\/ -->\n<title>Pie de imprenta | home4you<\/title>\n<meta name=\"description\" content=\"En esta p\u00e1gina encontrar\u00e1 nuestro pie de imprenta. Puede ponerse en contacto con nosotros en el tel\u00e9fono 0221-33963020. \u00a1Estaremos encantados de atenderle!\" \/>\n<meta name=\"robots\" content=\"index, follow, max-snippet:-1, max-image-preview:large, max-video-preview:-1\" \/>\n<link rel=\"canonical\" href=\"https:\/\/home4you.info\/es\/pie-de-imprenta\/\" \/>\n<meta property=\"og:locale\" content=\"es_ES\" \/>\n<meta property=\"og:type\" content=\"article\" \/>\n<meta property=\"og:title\" content=\"Pie de imprenta | home4you\" \/>\n<meta property=\"og:description\" content=\"En esta p\u00e1gina encontrar\u00e1 nuestro pie de imprenta. Puede ponerse en contacto con nosotros en el tel\u00e9fono 0221-33963020. \u00a1Estaremos encantados de atenderle!\" \/>\n<meta property=\"og:url\" content=\"https:\/\/home4you.info\/es\/pie-de-imprenta\/\" \/>\n<meta property=\"og:site_name\" content=\"home4you\" \/>\n<meta property=\"article:publisher\" content=\"https:\/\/www.facebook.com\/profile.php?id=100058838386052\" \/>\n<meta property=\"article:modified_time\" content=\"2026-03-17T15:41:23+00:00\" \/>\n<meta name=\"twitter:card\" content=\"summary_large_image\" \/>\n<meta name=\"twitter:label1\" content=\"Tiempo de lectura\" \/>\n\t<meta name=\"twitter:data1\" content=\"9 minutos\" \/>\n<script type=\"application\/ld+json\" class=\"yoast-schema-graph\">{\"@context\":\"https:\/\/schema.org\",\"@graph\":[{\"@type\":\"WebPage\",\"@id\":\"https:\/\/home4you.info\/es\/pie-de-imprenta\/\",\"url\":\"https:\/\/home4you.info\/es\/pie-de-imprenta\/\",\"name\":\"Pie de imprenta | home4you\",\"isPartOf\":{\"@id\":\"https:\/\/home4you.info\/es\/#website\"},\"datePublished\":\"2020-06-25T15:54:33+00:00\",\"dateModified\":\"2026-03-17T15:41:23+00:00\",\"description\":\"En esta p\u00e1gina encontrar\u00e1 nuestro pie de imprenta. Puede ponerse en contacto con nosotros en el tel\u00e9fono 0221-33963020. \u00a1Estaremos encantados de atenderle!\",\"breadcrumb\":{\"@id\":\"https:\/\/home4you.info\/es\/pie-de-imprenta\/#breadcrumb\"},\"inLanguage\":\"es\",\"potentialAction\":[{\"@type\":\"ReadAction\",\"target\":[\"https:\/\/home4you.info\/es\/pie-de-imprenta\/\"]}]},{\"@type\":\"BreadcrumbList\",\"@id\":\"https:\/\/home4you.info\/es\/pie-de-imprenta\/#breadcrumb\",\"itemListElement\":[{\"@type\":\"ListItem\",\"position\":1,\"name\":\"Startseite\",\"item\":\"https:\/\/home4you.info\/es\/home\/\"},{\"@type\":\"ListItem\",\"position\":2,\"name\":\"Pie de imprenta\"}]},{\"@type\":\"WebSite\",\"@id\":\"https:\/\/home4you.info\/es\/#website\",\"url\":\"https:\/\/home4you.info\/es\/\",\"name\":\"home4you\",\"description\":\"modern home \u2013 modern living\",\"publisher\":{\"@id\":\"https:\/\/home4you.info\/es\/#organization\"},\"potentialAction\":[{\"@type\":\"SearchAction\",\"target\":{\"@type\":\"EntryPoint\",\"urlTemplate\":\"https:\/\/home4you.info\/es\/?s={search_term_string}\"},\"query-input\":{\"@type\":\"PropertyValueSpecification\",\"valueRequired\":true,\"valueName\":\"search_term_string\"}}],\"inLanguage\":\"es\"},{\"@type\":\"Organization\",\"@id\":\"https:\/\/home4you.info\/es\/#organization\",\"name\":\"home4you\",\"url\":\"https:\/\/home4you.info\/es\/\",\"logo\":{\"@type\":\"ImageObject\",\"inLanguage\":\"es\",\"@id\":\"https:\/\/home4you.info\/es\/#\/schema\/logo\/image\/\",\"url\":\"https:\/\/home4you.info\/wp-content\/uploads\/2021\/10\/03logo3.png\",\"contentUrl\":\"https:\/\/home4you.info\/wp-content\/uploads\/2021\/10\/03logo3.png\",\"width\":398,\"height\":274,\"caption\":\"home4you\"},\"image\":{\"@id\":\"https:\/\/home4you.info\/es\/#\/schema\/logo\/image\/\"},\"sameAs\":[\"https:\/\/www.facebook.com\/profile.php?id=100058838386052\",\"https:\/\/www.instagram.com\/home4you_immobilien\/\"]}]}<\/script>\n<!-- \/ Yoast SEO plugin. -->","yoast_head_json":{"title":"Pie de imprenta | home4you","description":"En esta p\u00e1gina encontrar\u00e1 nuestro pie de imprenta. Puede ponerse en contacto con nosotros en el tel\u00e9fono 0221-33963020. \u00a1Estaremos encantados de atenderle!","robots":{"index":"index","follow":"follow","max-snippet":"max-snippet:-1","max-image-preview":"max-image-preview:large","max-video-preview":"max-video-preview:-1"},"canonical":"https:\/\/home4you.info\/es\/pie-de-imprenta\/","og_locale":"es_ES","og_type":"article","og_title":"Pie de imprenta | home4you","og_description":"En esta p\u00e1gina encontrar\u00e1 nuestro pie de imprenta. Puede ponerse en contacto con nosotros en el tel\u00e9fono 0221-33963020. \u00a1Estaremos encantados de atenderle!","og_url":"https:\/\/home4you.info\/es\/pie-de-imprenta\/","og_site_name":"home4you","article_publisher":"https:\/\/www.facebook.com\/profile.php?id=100058838386052","article_modified_time":"2026-03-17T15:41:23+00:00","twitter_card":"summary_large_image","twitter_misc":{"Tiempo de lectura":"9 minutos"},"schema":{"@context":"https:\/\/schema.org","@graph":[{"@type":"WebPage","@id":"https:\/\/home4you.info\/es\/pie-de-imprenta\/","url":"https:\/\/home4you.info\/es\/pie-de-imprenta\/","name":"Pie de imprenta | home4you","isPartOf":{"@id":"https:\/\/home4you.info\/es\/#website"},"datePublished":"2020-06-25T15:54:33+00:00","dateModified":"2026-03-17T15:41:23+00:00","description":"En esta p\u00e1gina encontrar\u00e1 nuestro pie de imprenta. Puede ponerse en contacto con nosotros en el tel\u00e9fono 0221-33963020. \u00a1Estaremos encantados de atenderle!","breadcrumb":{"@id":"https:\/\/home4you.info\/es\/pie-de-imprenta\/#breadcrumb"},"inLanguage":"es","potentialAction":[{"@type":"ReadAction","target":["https:\/\/home4you.info\/es\/pie-de-imprenta\/"]}]},{"@type":"BreadcrumbList","@id":"https:\/\/home4you.info\/es\/pie-de-imprenta\/#breadcrumb","itemListElement":[{"@type":"ListItem","position":1,"name":"Startseite","item":"https:\/\/home4you.info\/es\/home\/"},{"@type":"ListItem","position":2,"name":"Pie de imprenta"}]},{"@type":"WebSite","@id":"https:\/\/home4you.info\/es\/#website","url":"https:\/\/home4you.info\/es\/","name":"home4you","description":"modern home \u2013 modern living","publisher":{"@id":"https:\/\/home4you.info\/es\/#organization"},"potentialAction":[{"@type":"SearchAction","target":{"@type":"EntryPoint","urlTemplate":"https:\/\/home4you.info\/es\/?s={search_term_string}"},"query-input":{"@type":"PropertyValueSpecification","valueRequired":true,"valueName":"search_term_string"}}],"inLanguage":"es"},{"@type":"Organization","@id":"https:\/\/home4you.info\/es\/#organization","name":"home4you","url":"https:\/\/home4you.info\/es\/","logo":{"@type":"ImageObject","inLanguage":"es","@id":"https:\/\/home4you.info\/es\/#\/schema\/logo\/image\/","url":"https:\/\/home4you.info\/wp-content\/uploads\/2021\/10\/03logo3.png","contentUrl":"https:\/\/home4you.info\/wp-content\/uploads\/2021\/10\/03logo3.png","width":398,"height":274,"caption":"home4you"},"image":{"@id":"https:\/\/home4you.info\/es\/#\/schema\/logo\/image\/"},"sameAs":["https:\/\/www.facebook.com\/profile.php?id=100058838386052","https:\/\/www.instagram.com\/home4you_immobilien\/"]}]}},"_links":{"self":[{"href":"https:\/\/home4you.info\/es\/wp-json\/wp\/v2\/pages\/61686","targetHints":{"allow":["GET"]}}],"collection":[{"href":"https:\/\/home4you.info\/es\/wp-json\/wp\/v2\/pages"}],"about":[{"href":"https:\/\/home4you.info\/es\/wp-json\/wp\/v2\/types\/page"}],"author":[{"embeddable":true,"href":"https:\/\/home4you.info\/es\/wp-json\/wp\/v2\/users\/1"}],"replies":[{"embeddable":true,"href":"https:\/\/home4you.info\/es\/wp-json\/wp\/v2\/comments?post=61686"}],"version-history":[{"count":3,"href":"https:\/\/home4you.info\/es\/wp-json\/wp\/v2\/pages\/61686\/revisions"}],"predecessor-version":[{"id":924753,"href":"https:\/\/home4you.info\/es\/wp-json\/wp\/v2\/pages\/61686\/revisions\/924753"}],"wp:attachment":[{"href":"https:\/\/home4you.info\/es\/wp-json\/wp\/v2\/media?parent=61686"}],"curies":[{"name":"wp","href":"https:\/\/api.w.org\/{rel}","templated":true}]}}