{"id":61695,"date":"2020-06-25T18:03:43","date_gmt":"2020-06-25T16:03:43","guid":{"rendered":"https:\/\/home4you.info\/bienes-raices\/valoracion\/"},"modified":"2025-01-06T15:08:17","modified_gmt":"2025-01-06T14:08:17","slug":"valoracion","status":"publish","type":"page","link":"https:\/\/home4you.info\/es\/para-los-propietarios\/valoracion\/","title":{"rendered":"Valoraci\u00f3n"},"content":{"rendered":"<p><div class=\"fusion-fullwidth fullwidth-box fusion-builder-row-1 fusion-flex-container has-pattern-background has-mask-background fusion-parallax-none nonhundred-percent-fullwidth non-hundred-percent-height-scrolling lazyload\" style=\"--awb-border-radius-top-left:0px;--awb-border-radius-top-right:0px;--awb-border-radius-bottom-right:0px;--awb-border-radius-bottom-left:0px;--awb-margin-top:-2px;--awb-margin-bottom:20px;--awb-background-size:cover;--awb-flex-wrap:wrap;\" data-bg=\"https:\/\/home4you.info\/wp-content\/uploads\/2024\/12\/Immobilien_bewerten2.jpg\" ><div class=\"fusion-builder-row fusion-row fusion-flex-align-items-flex-start fusion-flex-content-wrap\" style=\"max-width:1144px;margin-left: calc(-4% \/ 2 );margin-right: calc(-4% \/ 2 );\"><div class=\"fusion-layout-column fusion_builder_column fusion-builder-column-0 fusion_builder_column_1_1 1_1 fusion-flex-column\" style=\"--awb-bg-size:cover;--awb-width-large:100%;--awb-margin-top-large:0px;--awb-spacing-right-large:1.92%;--awb-margin-bottom-large:20px;--awb-spacing-left-large:1.92%;--awb-width-medium:100%;--awb-order-medium:0;--awb-spacing-right-medium:1.92%;--awb-spacing-left-medium:1.92%;--awb-width-small:100%;--awb-order-small:0;--awb-spacing-right-small:1.92%;--awb-spacing-left-small:1.92%;\"><div class=\"fusion-column-wrapper fusion-column-has-shadow fusion-flex-justify-content-flex-start fusion-content-layout-column\"><div class=\"fusion-title title fusion-title-1 fusion-sep-none fusion-title-text fusion-title-size-one\" style=\"--awb-text-color:#ffffff;--awb-margin-top:250px;--awb-margin-bottom:300px;--awb-margin-left:50px;--awb-font-size:60px;\"><h1 class=\"fusion-title-heading title-heading-left\" style=\"margin:0;font-size:1em;text-shadow:3px 3px 3px rgba(0,0,0,0.54);\"><b>Valoraci\u00f3n de su propiedad<\/b><\/h1><\/div><\/div><\/div><\/div><\/div><div class=\"fusion-fullwidth fullwidth-box fusion-builder-row-2 nonhundred-percent-fullwidth non-hundred-percent-height-scrolling\" style=\"--awb-border-radius-top-left:0px;--awb-border-radius-top-right:0px;--awb-border-radius-bottom-right:0px;--awb-border-radius-bottom-left:0px;--awb-flex-wrap:wrap;\" ><div class=\"fusion-builder-row fusion-row\"><div class=\"fusion-layout-column fusion_builder_column fusion-builder-column-1 fusion_builder_column_1_5 1_5 fusion-one-fifth fusion-column-first\" style=\"--awb-bg-size:cover;--awb-margin-bottom:40px;width:16.8%; margin-right: 4%;\"><div class=\"fusion-column-wrapper fusion-flex-column-wrapper-legacy\"><div class=\"fusion-text fusion-text-1\"><h2>HOME<span style=\"color: #ff9900;\">4<\/span>YOU<\/h2>\n<\/div><div class=\"fusion-sep-clear\"><\/div><div class=\"fusion-separator fusion-full-width-sep\" style=\"margin-left: auto;margin-right: auto;width:100%;\"><div class=\"fusion-separator-border sep-single sep-solid\" style=\"--awb-height:20px;--awb-amount:20px;border-color:#e0dede;border-top-width:1px;\"><\/div><\/div><div class=\"fusion-sep-clear\"><\/div><div class=\"fusion-clearfix\"><\/div><\/div><\/div><div class=\"fusion-layout-column fusion_builder_column fusion-builder-column-2 fusion_builder_column_1_1 1_1 fusion-one-full fusion-column-last\" style=\"--awb-bg-size:cover;\"><div class=\"fusion-column-wrapper fusion-flex-column-wrapper-legacy\"><div class=\"fusion-title title fusion-title-2 fusion-sep-none fusion-title-text fusion-title-size-one\"><h1 class=\"fusion-title-heading title-heading-left\" style=\"margin:0;\"><h1>Nuestra valoraci\u00f3n: valor a\u00f1adido real en lugar de costosas tasaciones<\/h1><\/h1><\/div><div class=\"fusion-clearfix\"><\/div><\/div><\/div><\/div><\/div><div class=\"fusion-fullwidth fullwidth-box fusion-builder-row-3 nonhundred-percent-fullwidth non-hundred-percent-height-scrolling\" style=\"--awb-border-radius-top-left:0px;--awb-border-radius-top-right:0px;--awb-border-radius-bottom-right:0px;--awb-border-radius-bottom-left:0px;--awb-flex-wrap:wrap;\" ><div class=\"fusion-builder-row fusion-row\"><div class=\"fusion-layout-column fusion_builder_column fusion-builder-column-3 fusion_builder_column_1_1 1_1 fusion-one-full fusion-column-first fusion-column-last\" style=\"--awb-bg-size:cover;\"><div class=\"fusion-column-wrapper fusion-column-has-shadow fusion-flex-column-wrapper-legacy\"><div class=\"fusion-text fusion-text-2\"><p><strong>Valor a\u00f1adido real en lugar de costosas opiniones de expertos<\/strong><\/p>\n<p>El titular puede sonar un poco atractivo, pero en realidad se basa en nuestros muchos a\u00f1os de experiencia en la industria. Como agencia inmobiliaria independiente, representamos los intereses de los propietarios de casas y apartamentos y de aquellos que buscan sus propias cuatro paredes.<\/p>\n<p>Nuestro objetivo es conseguir los mejores precios para usted, lo m\u00e1s cerca posible del valor de mercado.<\/p>\n<p>Por otro lado, los tasadores trabajan principalmente con el an\u00e1lisis de la estructura del edificio, lo que a veces hace que el precio baje considerablemente. Aunque aqu\u00ed tambi\u00e9n se tiene en cuenta el valor m\u00ednimo est\u00e1ndar, los acontecimientos del mercado y los valores comparativos tienden a pasar a un segundo plano. A esto se a\u00f1aden los gastos de la preparaci\u00f3n del dictamen pericial, que puede costar varios miles de euros. En el caso de una venta, una valoraci\u00f3n a trav\u00e9s de nuestra oficina es la mejor soluci\u00f3n, sobre todo porque el servicio est\u00e1 incluido en los servicios y no se producen costes adicionales para usted. Antes de colocar el anuncio, tambi\u00e9n comprobamos el potencial de uso y expansi\u00f3n de su propiedad residencial o comercial, lo cual juega un papel central en la determinaci\u00f3n del precio.<\/p>\n<p>&nbsp;<\/p>\n<p><strong>La valoraci\u00f3n profesional se incluye como un servicio<\/strong><\/p>\n<p>home4you est\u00e1 a su disposici\u00f3n para todas sus preocupaciones en cuanto a su propiedad y le ayuda a conseguir un precio de venta \u00f3ptimo.<\/p>\n<p>Estaremos encantados de concertar una cita con usted y discutir las posibilidades y procedimientos juntos.<\/p>\n<p>Simplemente use nuestro formulario de contacto para propietarios.<\/p>\n<p>Teniendo en cuenta sus deseos personales, determinaremos el valor de su propiedad y as\u00ed lograr un buen precio. En el marco del corretaje, usted se beneficia de nuestros servicios, que incluyen la preparaci\u00f3n de una exposici\u00f3n atractiva y tambi\u00e9n un an\u00e1lisis de valor completo, que acelera una transacci\u00f3n de compra profesional.<\/p>\n<\/div><div class=\"fusion-clearfix\"><\/div><\/div><\/div><\/div><\/div><div class=\"fusion-fullwidth fullwidth-box fusion-builder-row-4 nonhundred-percent-fullwidth non-hundred-percent-height-scrolling fusion-no-small-visibility\" style=\"--awb-border-radius-top-left:0px;--awb-border-radius-top-right:0px;--awb-border-radius-bottom-right:0px;--awb-border-radius-bottom-left:0px;--awb-flex-wrap:wrap;\" ><div class=\"fusion-builder-row fusion-row\"><div class=\"fusion-layout-column fusion_builder_column fusion-builder-column-4 fusion_builder_column_1_1 1_1 fusion-one-full fusion-column-first fusion-column-last\" style=\"--awb-bg-size:cover;\"><div class=\"fusion-column-wrapper fusion-column-has-shadow fusion-flex-column-wrapper-legacy\"><iframe src=\"https:\/\/smartsite2.myonoffice.de\/kunden\/more4you-cologne\/29\/startseite.xhtml?language=es\" width=\"1200\" height=\"750\" frameborder=\"0\"><\/iframe><div class=\"fusion-clearfix\"><\/div><\/div><\/div><\/div><\/div><div class=\"fusion-fullwidth fullwidth-box fusion-builder-row-5 nonhundred-percent-fullwidth non-hundred-percent-height-scrolling fusion-no-medium-visibility fusion-no-large-visibility\" style=\"--awb-border-radius-top-left:0px;--awb-border-radius-top-right:0px;--awb-border-radius-bottom-right:0px;--awb-border-radius-bottom-left:0px;--awb-flex-wrap:wrap;\" ><div class=\"fusion-builder-row fusion-row\"><div class=\"fusion-layout-column fusion_builder_column fusion-builder-column-5 fusion_builder_column_1_1 1_1 fusion-one-full fusion-column-first fusion-column-last\" style=\"--awb-bg-size:cover;\"><div class=\"fusion-column-wrapper fusion-column-has-shadow fusion-flex-column-wrapper-legacy\"><iframe src=\"https:\/\/smartsite2.myonoffice.de\/kunden\/more4you-cologne\/29\/startseite.xhtml?language=es\" width=\"300\" height=\"1000\" frameborder=\"0\"><\/iframe><div class=\"fusion-clearfix\"><\/div><\/div><\/div><\/div><\/div><\/p>\n","protected":false},"excerpt":{"rendered":"","protected":false},"author":1,"featured_media":0,"parent":438356,"menu_order":6,"comment_status":"closed","ping_status":"closed","template":"100-width.php","meta":{"footnotes":""},"class_list":["post-61695","page","type-page","status-publish","hentry"],"yoast_head":"<!-- This site is optimized with the Yoast SEO plugin v26.8 - https:\/\/yoast.com\/product\/yoast-seo-wordpress\/ -->\n<title>Valoraci\u00f3n de su propiedad por home4you real estate<\/title>\n<meta name=\"description\" content=\"Valoraci\u00f3n de sus bienes inmuebles por home4you immobilien. Conseguir el mejor beneficio de ventas posible por medio de la valoraci\u00f3n.\" \/>\n<meta name=\"robots\" content=\"index, follow, max-snippet:-1, max-image-preview:large, max-video-preview:-1\" \/>\n<link rel=\"canonical\" href=\"https:\/\/home4you.info\/es\/para-los-propietarios\/valoracion\/\" \/>\n<meta property=\"og:locale\" content=\"es_ES\" \/>\n<meta property=\"og:type\" content=\"article\" \/>\n<meta property=\"og:title\" content=\"Valoraci\u00f3n de su propiedad por home4you real estate\" \/>\n<meta property=\"og:description\" content=\"Valoraci\u00f3n de sus bienes inmuebles por home4you immobilien. Conseguir el mejor beneficio de ventas posible por medio de la valoraci\u00f3n.\" \/>\n<meta property=\"og:url\" content=\"https:\/\/home4you.info\/es\/para-los-propietarios\/valoracion\/\" \/>\n<meta property=\"og:site_name\" content=\"home4you\" \/>\n<meta property=\"article:publisher\" content=\"https:\/\/www.facebook.com\/profile.php?id=100058838386052\" \/>\n<meta property=\"article:modified_time\" content=\"2025-01-06T14:08:17+00:00\" \/>\n<meta name=\"twitter:card\" content=\"summary_large_image\" \/>\n<meta name=\"twitter:label1\" content=\"Tiempo de lectura\" \/>\n\t<meta name=\"twitter:data1\" content=\"5 minutos\" \/>\n<script type=\"application\/ld+json\" class=\"yoast-schema-graph\">{\"@context\":\"https:\/\/schema.org\",\"@graph\":[{\"@type\":\"WebPage\",\"@id\":\"https:\/\/home4you.info\/es\/para-los-propietarios\/valoracion\/\",\"url\":\"https:\/\/home4you.info\/es\/para-los-propietarios\/valoracion\/\",\"name\":\"Valoraci\u00f3n de su propiedad por home4you real estate\",\"isPartOf\":{\"@id\":\"https:\/\/home4you.info\/es\/#website\"},\"datePublished\":\"2020-06-25T16:03:43+00:00\",\"dateModified\":\"2025-01-06T14:08:17+00:00\",\"description\":\"Valoraci\u00f3n de sus bienes inmuebles por home4you immobilien. Conseguir el mejor beneficio de ventas posible por medio de la valoraci\u00f3n.\",\"breadcrumb\":{\"@id\":\"https:\/\/home4you.info\/es\/para-los-propietarios\/valoracion\/#breadcrumb\"},\"inLanguage\":\"es\",\"potentialAction\":[{\"@type\":\"ReadAction\",\"target\":[\"https:\/\/home4you.info\/es\/para-los-propietarios\/valoracion\/\"]}]},{\"@type\":\"BreadcrumbList\",\"@id\":\"https:\/\/home4you.info\/es\/para-los-propietarios\/valoracion\/#breadcrumb\",\"itemListElement\":[{\"@type\":\"ListItem\",\"position\":1,\"name\":\"Startseite\",\"item\":\"https:\/\/home4you.info\/es\/home\/\"},{\"@type\":\"ListItem\",\"position\":2,\"name\":\"Para los propietarios\",\"item\":\"https:\/\/home4you.info\/es\/para-los-propietarios\/\"},{\"@type\":\"ListItem\",\"position\":3,\"name\":\"Valoraci\u00f3n\"}]},{\"@type\":\"WebSite\",\"@id\":\"https:\/\/home4you.info\/es\/#website\",\"url\":\"https:\/\/home4you.info\/es\/\",\"name\":\"home4you\",\"description\":\"modern home \u2013 modern living\",\"publisher\":{\"@id\":\"https:\/\/home4you.info\/es\/#organization\"},\"potentialAction\":[{\"@type\":\"SearchAction\",\"target\":{\"@type\":\"EntryPoint\",\"urlTemplate\":\"https:\/\/home4you.info\/es\/?s={search_term_string}\"},\"query-input\":{\"@type\":\"PropertyValueSpecification\",\"valueRequired\":true,\"valueName\":\"search_term_string\"}}],\"inLanguage\":\"es\"},{\"@type\":\"Organization\",\"@id\":\"https:\/\/home4you.info\/es\/#organization\",\"name\":\"home4you\",\"url\":\"https:\/\/home4you.info\/es\/\",\"logo\":{\"@type\":\"ImageObject\",\"inLanguage\":\"es\",\"@id\":\"https:\/\/home4you.info\/es\/#\/schema\/logo\/image\/\",\"url\":\"https:\/\/home4you.info\/wp-content\/uploads\/2021\/10\/03logo3.png\",\"contentUrl\":\"https:\/\/home4you.info\/wp-content\/uploads\/2021\/10\/03logo3.png\",\"width\":398,\"height\":274,\"caption\":\"home4you\"},\"image\":{\"@id\":\"https:\/\/home4you.info\/es\/#\/schema\/logo\/image\/\"},\"sameAs\":[\"https:\/\/www.facebook.com\/profile.php?id=100058838386052\",\"https:\/\/www.instagram.com\/home4you_immobilien\/\"]}]}<\/script>\n<!-- \/ Yoast SEO plugin. -->","yoast_head_json":{"title":"Valoraci\u00f3n de su propiedad por home4you real estate","description":"Valoraci\u00f3n de sus bienes inmuebles por home4you immobilien. Conseguir el mejor beneficio de ventas posible por medio de la valoraci\u00f3n.","robots":{"index":"index","follow":"follow","max-snippet":"max-snippet:-1","max-image-preview":"max-image-preview:large","max-video-preview":"max-video-preview:-1"},"canonical":"https:\/\/home4you.info\/es\/para-los-propietarios\/valoracion\/","og_locale":"es_ES","og_type":"article","og_title":"Valoraci\u00f3n de su propiedad por home4you real estate","og_description":"Valoraci\u00f3n de sus bienes inmuebles por home4you immobilien. Conseguir el mejor beneficio de ventas posible por medio de la valoraci\u00f3n.","og_url":"https:\/\/home4you.info\/es\/para-los-propietarios\/valoracion\/","og_site_name":"home4you","article_publisher":"https:\/\/www.facebook.com\/profile.php?id=100058838386052","article_modified_time":"2025-01-06T14:08:17+00:00","twitter_card":"summary_large_image","twitter_misc":{"Tiempo de lectura":"5 minutos"},"schema":{"@context":"https:\/\/schema.org","@graph":[{"@type":"WebPage","@id":"https:\/\/home4you.info\/es\/para-los-propietarios\/valoracion\/","url":"https:\/\/home4you.info\/es\/para-los-propietarios\/valoracion\/","name":"Valoraci\u00f3n de su propiedad por home4you real estate","isPartOf":{"@id":"https:\/\/home4you.info\/es\/#website"},"datePublished":"2020-06-25T16:03:43+00:00","dateModified":"2025-01-06T14:08:17+00:00","description":"Valoraci\u00f3n de sus bienes inmuebles por home4you immobilien. Conseguir el mejor beneficio de ventas posible por medio de la valoraci\u00f3n.","breadcrumb":{"@id":"https:\/\/home4you.info\/es\/para-los-propietarios\/valoracion\/#breadcrumb"},"inLanguage":"es","potentialAction":[{"@type":"ReadAction","target":["https:\/\/home4you.info\/es\/para-los-propietarios\/valoracion\/"]}]},{"@type":"BreadcrumbList","@id":"https:\/\/home4you.info\/es\/para-los-propietarios\/valoracion\/#breadcrumb","itemListElement":[{"@type":"ListItem","position":1,"name":"Startseite","item":"https:\/\/home4you.info\/es\/home\/"},{"@type":"ListItem","position":2,"name":"Para los propietarios","item":"https:\/\/home4you.info\/es\/para-los-propietarios\/"},{"@type":"ListItem","position":3,"name":"Valoraci\u00f3n"}]},{"@type":"WebSite","@id":"https:\/\/home4you.info\/es\/#website","url":"https:\/\/home4you.info\/es\/","name":"home4you","description":"modern home \u2013 modern living","publisher":{"@id":"https:\/\/home4you.info\/es\/#organization"},"potentialAction":[{"@type":"SearchAction","target":{"@type":"EntryPoint","urlTemplate":"https:\/\/home4you.info\/es\/?s={search_term_string}"},"query-input":{"@type":"PropertyValueSpecification","valueRequired":true,"valueName":"search_term_string"}}],"inLanguage":"es"},{"@type":"Organization","@id":"https:\/\/home4you.info\/es\/#organization","name":"home4you","url":"https:\/\/home4you.info\/es\/","logo":{"@type":"ImageObject","inLanguage":"es","@id":"https:\/\/home4you.info\/es\/#\/schema\/logo\/image\/","url":"https:\/\/home4you.info\/wp-content\/uploads\/2021\/10\/03logo3.png","contentUrl":"https:\/\/home4you.info\/wp-content\/uploads\/2021\/10\/03logo3.png","width":398,"height":274,"caption":"home4you"},"image":{"@id":"https:\/\/home4you.info\/es\/#\/schema\/logo\/image\/"},"sameAs":["https:\/\/www.facebook.com\/profile.php?id=100058838386052","https:\/\/www.instagram.com\/home4you_immobilien\/"]}]}},"_links":{"self":[{"href":"https:\/\/home4you.info\/es\/wp-json\/wp\/v2\/pages\/61695","targetHints":{"allow":["GET"]}}],"collection":[{"href":"https:\/\/home4you.info\/es\/wp-json\/wp\/v2\/pages"}],"about":[{"href":"https:\/\/home4you.info\/es\/wp-json\/wp\/v2\/types\/page"}],"author":[{"embeddable":true,"href":"https:\/\/home4you.info\/es\/wp-json\/wp\/v2\/users\/1"}],"replies":[{"embeddable":true,"href":"https:\/\/home4you.info\/es\/wp-json\/wp\/v2\/comments?post=61695"}],"version-history":[{"count":0,"href":"https:\/\/home4you.info\/es\/wp-json\/wp\/v2\/pages\/61695\/revisions"}],"up":[{"embeddable":true,"href":"https:\/\/home4you.info\/es\/wp-json\/wp\/v2\/pages\/438356"}],"wp:attachment":[{"href":"https:\/\/home4you.info\/es\/wp-json\/wp\/v2\/media?parent=61695"}],"curies":[{"name":"wp","href":"https:\/\/api.w.org\/{rel}","templated":true}]}}