{"id":70012,"date":"2020-06-29T10:47:40","date_gmt":"2020-06-29T08:47:40","guid":{"rendered":"https:\/\/home4you.info\/privacidad-medios-sociales\/"},"modified":"2021-02-16T11:32:19","modified_gmt":"2021-02-16T10:32:19","slug":"privacidad-medios-sociales","status":"publish","type":"page","link":"https:\/\/home4you.info\/es\/privacidad-medios-sociales\/","title":{"rendered":"Privacidad Medios sociales"},"content":{"rendered":"<p><div class=\"fusion-fullwidth fullwidth-box fusion-builder-row-1 nonhundred-percent-fullwidth non-hundred-percent-height-scrolling\" style=\"--awb-border-radius-top-left:0px;--awb-border-radius-top-right:0px;--awb-border-radius-bottom-right:0px;--awb-border-radius-bottom-left:0px;--awb-flex-wrap:wrap;\" ><div class=\"fusion-builder-row fusion-row\"><div class=\"fusion-layout-column fusion_builder_column fusion-builder-column-0 fusion_builder_column_1_5 1_5 fusion-one-fifth fusion-column-first\" style=\"--awb-bg-size:cover;--awb-margin-bottom:40px;width:16.8%; margin-right: 4%;\"><div class=\"fusion-column-wrapper fusion-flex-column-wrapper-legacy\"><div class=\"fusion-text fusion-text-1\"><h2>HOME<span style=\"color: #ff9900;\">4<\/span>YOU<\/h2>\n<\/div><div class=\"fusion-sep-clear\"><\/div><div class=\"fusion-separator fusion-full-width-sep\" style=\"margin-left: auto;margin-right: auto;width:100%;\"><div class=\"fusion-separator-border sep-single sep-solid\" style=\"--awb-height:20px;--awb-amount:20px;border-color:#e0dede;border-top-width:1px;\"><\/div><\/div><div class=\"fusion-sep-clear\"><\/div><div class=\"fusion-clearfix\"><\/div><\/div><\/div><\/div><\/div><div class=\"fusion-fullwidth fullwidth-box fusion-builder-row-2 nonhundred-percent-fullwidth non-hundred-percent-height-scrolling\" style=\"--awb-border-radius-top-left:0px;--awb-border-radius-top-right:0px;--awb-border-radius-bottom-right:0px;--awb-border-radius-bottom-left:0px;--awb-flex-wrap:wrap;\" ><div class=\"fusion-builder-row fusion-row\"><div class=\"fusion-layout-column fusion_builder_column fusion-builder-column-1 fusion_builder_column_1_1 1_1 fusion-one-full fusion-column-first fusion-column-last\" style=\"--awb-bg-size:cover;\"><div class=\"fusion-column-wrapper fusion-flex-column-wrapper-legacy\"><div class=\"fusion-title title fusion-title-1 fusion-sep-none fusion-title-text fusion-title-size-one\"><h1 class=\"fusion-title-heading title-heading-left\" style=\"margin:0;\"><h1>Nuestras apariciones en los medios sociales<\/h1><\/h1><\/div><div class=\"fusion-text fusion-text-2\"><p><strong>Procesamiento de datos a trav\u00e9s de redes sociales<\/strong><\/p>\n<p>Mantenemos perfiles de acceso p\u00fablico en las redes sociales. Las redes sociales que usamos en detalle se encuentran a continuaci\u00f3n.<\/p>\n<p>Las redes sociales como Facebook, Google+, etc. suelen analizar exhaustivamente el comportamiento de los usuarios cuando se visita su sitio web o un sitio web con contenido integrado de medios sociales (por ejemplo, como botones o banners publicitarios). Una visita a nuestros sitios de medios sociales desencadena numerosos procedimientos de procesamiento relevantes para la protecci\u00f3n de datos. En detalle:<\/p>\n<p>Si has iniciado sesi\u00f3n en tu cuenta de medios sociales y visitas nuestra presencia en los medios sociales, el operador del portal de medios sociales puede asignar esta visita a tu cuenta de usuario. Sin embargo, sus datos personales tambi\u00e9n pueden ser recogidos si no est\u00e1 conectado o no tiene una cuenta en el respectivo portal de medios sociales. En este caso, estos datos se recogen, por ejemplo, a trav\u00e9s de cookies que se almacenan en su dispositivo final o mediante el registro de su direcci\u00f3n IP.<\/p>\n<p>Con la ayuda de los datos as\u00ed recogidos, los operadores de los portales de medios sociales pueden crear perfiles de usuario en los que se almacenan sus preferencias e intereses. De esta manera, la publicidad relacionada con los intereses puede ser mostrada tanto dentro como fuera de la respectiva presencia en los medios sociales. Si tiene una cuenta en la red social correspondiente, la publicidad basada en los intereses puede mostrarse en todos los dispositivos en los que est\u00e9 o haya estado conectado.<\/p>\n<p>Por favor, tenga en cuenta que no podemos rastrear todo el procesamiento en los portales de medios sociales. Por lo tanto, seg\u00fan el proveedor, la elaboraci\u00f3n ulterior puede ser realizada por los operadores de los portales de medios de comunicaci\u00f3n social. Para m\u00e1s detalles, consulte las condiciones de uso y las normas de protecci\u00f3n de datos de los respectivos portales de medios sociales.<\/p>\n<p><strong>Base legal<\/strong><\/p>\n<p>Nuestras apariciones en los medios sociales est\u00e1n dise\u00f1adas para asegurar la presencia m\u00e1s completa posible en Internet. Se trata de un inter\u00e9s leg\u00edtimo en el sentido del art\u00edculo 6, apartado 1, letra f) del DSGVO. Los procesos de an\u00e1lisis iniciados por las redes sociales pueden basarse en diferentes fundamentos jur\u00eddicos, que deben ser declarados por los operadores de las redes sociales (por ejemplo, el consentimiento en el sentido del art. 6, p\u00e1rr. 1, letra a) del DSGVO).<\/p>\n<p><strong>Responsabilidad y reivindicaci\u00f3n de derechos<\/strong><\/p>\n<p>Si visita uno de nuestros sitios de medios sociales (por ejemplo, Facebook), somos responsables conjuntamente con el operador de la plataforma de medios sociales de los procesos de procesamiento de datos desencadenados durante esta visita. B\u00e1sicamente puede hacer valer sus derechos (informaci\u00f3n, correcci\u00f3n, eliminaci\u00f3n, restricci\u00f3n del procesamiento, transferibilidad de datos y reclamaci\u00f3n) tanto contra nosotros como contra el operador del respectivo portal de medios sociales (por ejemplo, contra Facebook).<\/p>\n<p>Tenga en cuenta que a pesar de la responsabilidad conjunta con los operadores de los portales de medios sociales, no tenemos plena influencia en los procedimientos de procesamiento de datos de los portales de medios sociales. Nuestras posibilidades est\u00e1n determinadas en gran medida por la pol\u00edtica corporativa del proveedor respectivo.<\/p>\n<p><strong>El per\u00edodo de almacenamiento<\/strong><\/p>\n<p>Los datos recogidos directamente por nosotros a trav\u00e9s de la presencia en los medios sociales ser\u00e1n eliminados de nuestros sistemas tan pronto como el prop\u00f3sito de su almacenamiento deje de ser aplicable, usted nos solicite que los eliminemos, que revoquemos su consentimiento para el almacenamiento o que el prop\u00f3sito de su almacenamiento deje de ser aplicable. Las cookies almacenadas permanecen en tu dispositivo final hasta que las eliminas. Las disposiciones legales obligatorias, en particular los per\u00edodos de retenci\u00f3n, no se ven afectadas.<\/p>\n<p>No tenemos ninguna influencia en el per\u00edodo de almacenamiento de sus datos, que son almacenados por los operadores de las redes sociales para sus propios fines. Para obtener m\u00e1s detalles, p\u00f3ngase en contacto directamente con los operadores de las redes sociales (por ejemplo, en su pol\u00edtica de privacidad, v\u00e9ase m\u00e1s abajo).<\/p>\n<p>Las redes sociales en detalle<\/p>\n<p><strong>Facebook<\/strong><\/p>\n<p>Tenemos un perfil en Facebook. El proveedor es Facebook Inc, 1 Hacker Way, Menlo Park, California 94025, USA. Facebook est\u00e1 certificado de acuerdo con el Escudo de Privacidad UE-EEUU.<\/p>\n<p>Hemos concluido un acuerdo de procesamiento conjunto (Controller Addendum) con Facebook. Este acuerdo define las operaciones de procesamiento de datos de las que somos responsables nosotros o Facebook cuando visita nuestra p\u00e1gina de Facebook. Puede ver este acuerdo haciendo clic en el siguiente enlace:<\/p>\n<h4><a href=\"https:\/\/www.facebook.com\/legal\/terms\/page_controller_addendum\" target=\"_blank\" rel=\"noopener noreferrer\">https:\/\/www.facebook.com\/legal\/terms\/page_controller_addendum<\/a>.<\/h4>\n<p><strong>Puede ajustar la configuraci\u00f3n de la publicidad de forma independiente en su cuenta de usuario. Para ello, haga clic en el siguiente enlace e inicie sesi\u00f3n:<\/strong> <a href=\"https:\/\/www.facebook.com\/settings?tab=ads\" target=\"_blank\" rel=\"noopener noreferrer\">https:\/\/www.facebook.com\/settings?tab=ads<\/a>.<\/p>\n<p>Los detalles se pueden encontrar en la pol\u00edtica de privacidad de Facebook: <a href=\"https:\/\/www.facebook.com\/about\/privacy\/\" target=\"_blank\" rel=\"noopener noreferrer\">https:\/\/www.facebook.com\/about\/privacy\/<\/a>.<\/p>\n<p><strong>Instagram<\/strong><\/p>\n<p>Tenemos un perfil con Instagram. El proveedor es Instagram Inc., 1601 Willow Road, Menlo Park, CA, 94025, USA. Para detalles sobre c\u00f3mo manejan su informaci\u00f3n personal, por favor vea la Pol\u00edtica de Privacidad de Instagram: <a href=\"https:\/\/help.instagram.com\/519522125107875\" target=\"_blank\" rel=\"noopener noreferrer\">https:\/\/help.instagram.com\/519522125107875<\/a>.<\/p>\n<p><strong>Pinterest<\/strong><\/p>\n<p>Tenemos un perfil con Pinterest. Est\u00e1 operado por Pinterest Inc., 808 Brannan Street San Francisco, CA 94103-490, EE.UU. (\u00abPinterest\u00bb). Para detalles de c\u00f3mo manejan sus datos personales, por favor consulte la Pol\u00edtica de Privacidad de Pinterest: <a href=\"https:\/\/policy.pinterest.com\/de\/privacy-policy\" target=\"_blank\" rel=\"noopener noreferrer\">https:\/\/policy.pinterest.com\/de\/privacy-policy<\/a>.<\/p>\n<p><strong>XING<\/strong><\/p>\n<p>Tenemos un perfil en XING. El proveedor es XING AG, Dammtorstra\u00dfe 29-32, 20354 Hamburgo, Alemania. Los detalles de c\u00f3mo manejan tus datos personales se encuentran en la Pol\u00edtica de Privacidad de XING: <a href=\"https:\/\/privacy.xing.com\/de\/datenschutzerklaerung\" target=\"_blank\" rel=\"noopener noreferrer\">https:\/\/privacy.xing.com\/de\/datenschutzerklaerung<\/a>.<\/p>\n<p><strong>LinkedIn<\/strong><\/p>\n<p>Tenemos un perfil en LinkedIn. El proveedor es LinkedIn Ireland Unlimited Company, Wilton Plaza, Wilton Place, Dubl\u00edn 2, Irlanda. LinkedIn est\u00e1 certificado seg\u00fan el Escudo de Privacidad UE-EEUU. LinkedIn utiliza cookies de publicidad.<\/p>\n<p><strong>Si desea desactivar las cookies de publicidad de LinkedIn, por favor use el siguiente enlace: <\/strong><a href=\"https:\/\/www.linkedin.com\/psettings\/guest-controls\/retargeting-opt-out\" target=\"_blank\" rel=\"noopener noreferrer\">https:\/\/www.linkedin.com\/psettings\/guest-controls\/retargeting-opt-out<\/a>.<\/p>\n<p>Para detalles de c\u00f3mo manejan su informaci\u00f3n personal, por favor vea la pol\u00edtica de privacidad de LinkedIn: <a href=\"https:\/\/www.linkedin.com\/legal\/privacy-policy\" target=\"_blank\" rel=\"noopener noreferrer\">https:\/\/www.linkedin.com\/legal\/privacy-policy<\/a>.<\/p>\n<\/div><div class=\"fusion-clearfix\"><\/div><\/div><\/div><\/div><\/div><\/p>\n","protected":false},"excerpt":{"rendered":"","protected":false},"author":1,"featured_media":0,"parent":0,"menu_order":9,"comment_status":"closed","ping_status":"closed","template":"","meta":{"footnotes":""},"class_list":["post-70012","page","type-page","status-publish","hentry"],"yoast_head":"<!-- This site is optimized with the Yoast SEO plugin v26.8 - https:\/\/yoast.com\/product\/yoast-seo-wordpress\/ -->\n<title>Pol\u00edtica de privacidad para nuestras apariciones en medios sociales<\/title>\n<meta name=\"description\" content=\"Pol\u00edtica de privacidad para las apariciones en los medios sociales de home4you real estate.\" \/>\n<meta name=\"robots\" content=\"index, follow, max-snippet:-1, max-image-preview:large, max-video-preview:-1\" \/>\n<link rel=\"canonical\" href=\"https:\/\/home4you.info\/es\/privacidad-medios-sociales\/\" \/>\n<meta property=\"og:locale\" content=\"es_ES\" \/>\n<meta property=\"og:type\" content=\"article\" \/>\n<meta property=\"og:title\" content=\"Pol\u00edtica de privacidad para nuestras apariciones en medios sociales\" \/>\n<meta property=\"og:description\" content=\"Pol\u00edtica de privacidad para las apariciones en los medios sociales de home4you real estate.\" \/>\n<meta property=\"og:url\" content=\"https:\/\/home4you.info\/es\/privacidad-medios-sociales\/\" \/>\n<meta property=\"og:site_name\" content=\"home4you\" \/>\n<meta property=\"article:publisher\" content=\"https:\/\/www.facebook.com\/profile.php?id=100058838386052\" \/>\n<meta property=\"article:modified_time\" content=\"2021-02-16T10:32:19+00:00\" \/>\n<meta name=\"twitter:card\" content=\"summary_large_image\" \/>\n<meta name=\"twitter:label1\" content=\"Tiempo de lectura\" \/>\n\t<meta name=\"twitter:data1\" content=\"8 minutos\" \/>\n<script type=\"application\/ld+json\" class=\"yoast-schema-graph\">{\"@context\":\"https:\/\/schema.org\",\"@graph\":[{\"@type\":\"WebPage\",\"@id\":\"https:\/\/home4you.info\/es\/privacidad-medios-sociales\/\",\"url\":\"https:\/\/home4you.info\/es\/privacidad-medios-sociales\/\",\"name\":\"Pol\u00edtica de privacidad para nuestras apariciones en medios sociales\",\"isPartOf\":{\"@id\":\"https:\/\/home4you.info\/es\/#website\"},\"datePublished\":\"2020-06-29T08:47:40+00:00\",\"dateModified\":\"2021-02-16T10:32:19+00:00\",\"description\":\"Pol\u00edtica de privacidad para las apariciones en los medios sociales de home4you real estate.\",\"breadcrumb\":{\"@id\":\"https:\/\/home4you.info\/es\/privacidad-medios-sociales\/#breadcrumb\"},\"inLanguage\":\"es\",\"potentialAction\":[{\"@type\":\"ReadAction\",\"target\":[\"https:\/\/home4you.info\/es\/privacidad-medios-sociales\/\"]}]},{\"@type\":\"BreadcrumbList\",\"@id\":\"https:\/\/home4you.info\/es\/privacidad-medios-sociales\/#breadcrumb\",\"itemListElement\":[{\"@type\":\"ListItem\",\"position\":1,\"name\":\"Startseite\",\"item\":\"https:\/\/home4you.info\/es\/home\/\"},{\"@type\":\"ListItem\",\"position\":2,\"name\":\"Privacidad Medios sociales\"}]},{\"@type\":\"WebSite\",\"@id\":\"https:\/\/home4you.info\/es\/#website\",\"url\":\"https:\/\/home4you.info\/es\/\",\"name\":\"home4you\",\"description\":\"modern home \u2013 modern living\",\"publisher\":{\"@id\":\"https:\/\/home4you.info\/es\/#organization\"},\"potentialAction\":[{\"@type\":\"SearchAction\",\"target\":{\"@type\":\"EntryPoint\",\"urlTemplate\":\"https:\/\/home4you.info\/es\/?s={search_term_string}\"},\"query-input\":{\"@type\":\"PropertyValueSpecification\",\"valueRequired\":true,\"valueName\":\"search_term_string\"}}],\"inLanguage\":\"es\"},{\"@type\":\"Organization\",\"@id\":\"https:\/\/home4you.info\/es\/#organization\",\"name\":\"home4you\",\"url\":\"https:\/\/home4you.info\/es\/\",\"logo\":{\"@type\":\"ImageObject\",\"inLanguage\":\"es\",\"@id\":\"https:\/\/home4you.info\/es\/#\/schema\/logo\/image\/\",\"url\":\"https:\/\/home4you.info\/wp-content\/uploads\/2021\/10\/03logo3.png\",\"contentUrl\":\"https:\/\/home4you.info\/wp-content\/uploads\/2021\/10\/03logo3.png\",\"width\":398,\"height\":274,\"caption\":\"home4you\"},\"image\":{\"@id\":\"https:\/\/home4you.info\/es\/#\/schema\/logo\/image\/\"},\"sameAs\":[\"https:\/\/www.facebook.com\/profile.php?id=100058838386052\",\"https:\/\/www.instagram.com\/home4you_immobilien\/\"]}]}<\/script>\n<!-- \/ Yoast SEO plugin. -->","yoast_head_json":{"title":"Pol\u00edtica de privacidad para nuestras apariciones en medios sociales","description":"Pol\u00edtica de privacidad para las apariciones en los medios sociales de home4you real estate.","robots":{"index":"index","follow":"follow","max-snippet":"max-snippet:-1","max-image-preview":"max-image-preview:large","max-video-preview":"max-video-preview:-1"},"canonical":"https:\/\/home4you.info\/es\/privacidad-medios-sociales\/","og_locale":"es_ES","og_type":"article","og_title":"Pol\u00edtica de privacidad para nuestras apariciones en medios sociales","og_description":"Pol\u00edtica de privacidad para las apariciones en los medios sociales de home4you real estate.","og_url":"https:\/\/home4you.info\/es\/privacidad-medios-sociales\/","og_site_name":"home4you","article_publisher":"https:\/\/www.facebook.com\/profile.php?id=100058838386052","article_modified_time":"2021-02-16T10:32:19+00:00","twitter_card":"summary_large_image","twitter_misc":{"Tiempo de lectura":"8 minutos"},"schema":{"@context":"https:\/\/schema.org","@graph":[{"@type":"WebPage","@id":"https:\/\/home4you.info\/es\/privacidad-medios-sociales\/","url":"https:\/\/home4you.info\/es\/privacidad-medios-sociales\/","name":"Pol\u00edtica de privacidad para nuestras apariciones en medios sociales","isPartOf":{"@id":"https:\/\/home4you.info\/es\/#website"},"datePublished":"2020-06-29T08:47:40+00:00","dateModified":"2021-02-16T10:32:19+00:00","description":"Pol\u00edtica de privacidad para las apariciones en los medios sociales de home4you real estate.","breadcrumb":{"@id":"https:\/\/home4you.info\/es\/privacidad-medios-sociales\/#breadcrumb"},"inLanguage":"es","potentialAction":[{"@type":"ReadAction","target":["https:\/\/home4you.info\/es\/privacidad-medios-sociales\/"]}]},{"@type":"BreadcrumbList","@id":"https:\/\/home4you.info\/es\/privacidad-medios-sociales\/#breadcrumb","itemListElement":[{"@type":"ListItem","position":1,"name":"Startseite","item":"https:\/\/home4you.info\/es\/home\/"},{"@type":"ListItem","position":2,"name":"Privacidad Medios sociales"}]},{"@type":"WebSite","@id":"https:\/\/home4you.info\/es\/#website","url":"https:\/\/home4you.info\/es\/","name":"home4you","description":"modern home \u2013 modern living","publisher":{"@id":"https:\/\/home4you.info\/es\/#organization"},"potentialAction":[{"@type":"SearchAction","target":{"@type":"EntryPoint","urlTemplate":"https:\/\/home4you.info\/es\/?s={search_term_string}"},"query-input":{"@type":"PropertyValueSpecification","valueRequired":true,"valueName":"search_term_string"}}],"inLanguage":"es"},{"@type":"Organization","@id":"https:\/\/home4you.info\/es\/#organization","name":"home4you","url":"https:\/\/home4you.info\/es\/","logo":{"@type":"ImageObject","inLanguage":"es","@id":"https:\/\/home4you.info\/es\/#\/schema\/logo\/image\/","url":"https:\/\/home4you.info\/wp-content\/uploads\/2021\/10\/03logo3.png","contentUrl":"https:\/\/home4you.info\/wp-content\/uploads\/2021\/10\/03logo3.png","width":398,"height":274,"caption":"home4you"},"image":{"@id":"https:\/\/home4you.info\/es\/#\/schema\/logo\/image\/"},"sameAs":["https:\/\/www.facebook.com\/profile.php?id=100058838386052","https:\/\/www.instagram.com\/home4you_immobilien\/"]}]}},"_links":{"self":[{"href":"https:\/\/home4you.info\/es\/wp-json\/wp\/v2\/pages\/70012","targetHints":{"allow":["GET"]}}],"collection":[{"href":"https:\/\/home4you.info\/es\/wp-json\/wp\/v2\/pages"}],"about":[{"href":"https:\/\/home4you.info\/es\/wp-json\/wp\/v2\/types\/page"}],"author":[{"embeddable":true,"href":"https:\/\/home4you.info\/es\/wp-json\/wp\/v2\/users\/1"}],"replies":[{"embeddable":true,"href":"https:\/\/home4you.info\/es\/wp-json\/wp\/v2\/comments?post=70012"}],"version-history":[{"count":0,"href":"https:\/\/home4you.info\/es\/wp-json\/wp\/v2\/pages\/70012\/revisions"}],"wp:attachment":[{"href":"https:\/\/home4you.info\/es\/wp-json\/wp\/v2\/media?parent=70012"}],"curies":[{"name":"wp","href":"https:\/\/api.w.org\/{rel}","templated":true}]}}